{"id":25738,"date":"2025-08-27T12:11:34","date_gmt":"2025-08-27T10:11:34","guid":{"rendered":"https:\/\/lamarzocco-de-update.testsuite.it\/?post_type=product&#038;p=25738"},"modified":"2025-08-27T12:11:34","modified_gmt":"2025-08-27T10:11:34","slug":"linea-mini-r-neues-modell-driptray-fuer-acaia-waage","status":"publish","type":"product","link":"https:\/\/lamarzocco-de-update.testsuite.it\/de\/produkt\/linea-mini-r-neues-modell-driptray-fuer-acaia-waage\/","title":{"rendered":"Linea Mini R (neues Modell) driptray f\u00fcr Acaia waage"},"content":{"rendered":"","protected":false},"excerpt":{"rendered":"<p>Setze die Brew By Weight Scale in die Abtropfschale deiner Linea Mini R (neues Modell) ein. Befestige die Waage fast b\u00fcndig mit dem Rost, so dass zwischen dem Rost und den Ausl\u00e4ufen des Siebtr\u00e4gers mehr Platz f\u00fcr die Tasse bleibt und die Bedienung einfacher wird.<\/p>\n","protected":false},"featured_media":25741,"template":"","meta":{"_acf_changed":false},"product_brand":[],"product_cat":[31,32],"product_tag":[],"class_list":{"0":"post-25738","1":"product","2":"type-product","3":"status-publish","4":"has-post-thumbnail","6":"product_cat-barista-essential","7":"product_cat-tools","9":"first","10":"instock","11":"taxable","12":"shipping-taxable","13":"purchasable","14":"product-type-simple"},"composite_virtual":false,"composite_layout":"","composite_add_to_cart_form_location":"","composite_editable_in_cart":false,"composite_sold_individually_context":"","composite_shop_price_calc":"","composite_components":[],"composite_scenarios":[],"bundled_by":[],"bundle_stock_status":"instock","bundle_stock_quantity":null,"bundle_virtual":false,"bundle_layout":"","bundle_add_to_cart_form_location":"","bundle_editable_in_cart":false,"bundle_sold_individually_context":"","bundle_item_grouping":"","bundle_min_size":"","bundle_max_size":"","bundle_price":[],"bundled_items":[],"bundle_sell_ids":[],"acf":{"product_landing_page":"","force_redirect":false,"accordion":null},"yoast_head":"<!-- This site is optimized with the Yoast SEO plugin v25.4 - https:\/\/yoast.com\/wordpress\/plugins\/seo\/ -->\n<title>Linea Mini R (neues Modell) driptray f\u00fcr Acaia waage - La Marzocco<\/title>\n<meta name=\"robots\" content=\"index, follow, max-snippet:-1, max-image-preview:large, max-video-preview:-1\" \/>\n<link rel=\"canonical\" href=\"https:\/\/lamarzocco-de-update.testsuite.it\/de\/produkt\/linea-mini-r-neues-modell-driptray-fuer-acaia-waage\/\" \/>\n<meta property=\"og:locale\" content=\"de_DE\" \/>\n<meta property=\"og:type\" content=\"article\" \/>\n<meta property=\"og:title\" content=\"Linea Mini R (neues Modell) driptray f\u00fcr Acaia waage - La Marzocco\" \/>\n<meta property=\"og:description\" content=\"Setze die Brew By Weight Scale in die Abtropfschale deiner Linea Mini R (neues Modell) ein. Befestige die Waage fast b\u00fcndig mit dem Rost, so dass zwischen dem Rost und den Ausl\u00e4ufen des Siebtr\u00e4gers mehr Platz f\u00fcr die Tasse bleibt und die Bedienung einfacher wird.\" \/>\n<meta property=\"og:url\" content=\"https:\/\/lamarzocco-de-update.testsuite.it\/de\/produkt\/linea-mini-r-neues-modell-driptray-fuer-acaia-waage\/\" \/>\n<meta property=\"og:site_name\" content=\"La Marzocco\" \/>\n<meta property=\"og:image\" content=\"https:\/\/lamarzocco-de-update.testsuite.it\/wp-content\/uploads\/2025\/08\/1800x1800-06-Griglia-con-scasso.png\" \/>\n\t<meta property=\"og:image:width\" content=\"1024\" \/>\n\t<meta property=\"og:image:height\" content=\"1024\" \/>\n\t<meta property=\"og:image:type\" content=\"image\/png\" \/>\n<meta name=\"twitter:card\" content=\"summary_large_image\" \/>\n<meta name=\"twitter:label1\" content=\"Gesch\u00e4tzte Lesezeit\" \/>\n\t<meta name=\"twitter:data1\" content=\"1\u00a0Minute\" \/>\n<script type=\"application\/ld+json\" class=\"yoast-schema-graph\">{\"@context\":\"https:\/\/schema.org\",\"@graph\":[{\"@type\":\"ImageObject\",\"inLanguage\":\"de\",\"@id\":\"https:\/\/lamarzocco-de-update.testsuite.it\/de\/produkt\/linea-mini-r-neues-modell-driptray-fuer-acaia-waage\/#primaryimage\",\"url\":\"https:\/\/lamarzocco-de-update.testsuite.it\/wp-content\/uploads\/2025\/08\/1800x1800-06-Griglia-con-scasso.png\",\"contentUrl\":\"https:\/\/lamarzocco-de-update.testsuite.it\/wp-content\/uploads\/2025\/08\/1800x1800-06-Griglia-con-scasso.png\",\"width\":1800,\"height\":1800}]}<\/script>\n<!-- \/ Yoast SEO plugin. -->","yoast_head_json":{"title":"Linea Mini R (neues Modell) driptray f\u00fcr Acaia waage - La Marzocco","robots":{"index":"index","follow":"follow","max-snippet":"max-snippet:-1","max-image-preview":"max-image-preview:large","max-video-preview":"max-video-preview:-1"},"canonical":"https:\/\/lamarzocco-de-update.testsuite.it\/de\/produkt\/linea-mini-r-neues-modell-driptray-fuer-acaia-waage\/","og_locale":"de_DE","og_type":"article","og_title":"Linea Mini R (neues Modell) driptray f\u00fcr Acaia waage - La Marzocco","og_description":"Setze die Brew By Weight Scale in die Abtropfschale deiner Linea Mini R (neues Modell) ein. Befestige die Waage fast b\u00fcndig mit dem Rost, so dass zwischen dem Rost und den Ausl\u00e4ufen des Siebtr\u00e4gers mehr Platz f\u00fcr die Tasse bleibt und die Bedienung einfacher wird.","og_url":"https:\/\/lamarzocco-de-update.testsuite.it\/de\/produkt\/linea-mini-r-neues-modell-driptray-fuer-acaia-waage\/","og_site_name":"La Marzocco","og_image":[{"url":"https:\/\/lamarzocco-de-update.testsuite.it\/wp-content\/uploads\/2025\/08\/1800x1800-06-Griglia-con-scasso.png","width":1024,"height":1024,"type":"image\/png"}],"twitter_card":"summary_large_image","twitter_misc":{"Gesch\u00e4tzte Lesezeit":"1\u00a0Minute"},"schema":{"@context":"https:\/\/schema.org","@graph":[{"@type":"ImageObject","inLanguage":"de","@id":"https:\/\/lamarzocco-de-update.testsuite.it\/de\/produkt\/linea-mini-r-neues-modell-driptray-fuer-acaia-waage\/#primaryimage","url":"https:\/\/lamarzocco-de-update.testsuite.it\/wp-content\/uploads\/2025\/08\/1800x1800-06-Griglia-con-scasso.png","contentUrl":"https:\/\/lamarzocco-de-update.testsuite.it\/wp-content\/uploads\/2025\/08\/1800x1800-06-Griglia-con-scasso.png","width":1800,"height":1800}]}},"custom_fields":{"_sku":"C.1.767","_price":"114.24"},"_links":{"self":[{"href":"https:\/\/lamarzocco-de-update.testsuite.it\/de\/wp-json\/wp\/v2\/product\/25738","targetHints":{"allow":["GET"]}}],"collection":[{"href":"https:\/\/lamarzocco-de-update.testsuite.it\/de\/wp-json\/wp\/v2\/product"}],"about":[{"href":"https:\/\/lamarzocco-de-update.testsuite.it\/de\/wp-json\/wp\/v2\/types\/product"}],"wp:featuredmedia":[{"embeddable":true,"href":"https:\/\/lamarzocco-de-update.testsuite.it\/de\/wp-json\/wp\/v2\/media\/25741"}],"wp:attachment":[{"href":"https:\/\/lamarzocco-de-update.testsuite.it\/de\/wp-json\/wp\/v2\/media?parent=25738"}],"wp:term":[{"taxonomy":"product_brand","embeddable":true,"href":"https:\/\/lamarzocco-de-update.testsuite.it\/de\/wp-json\/wp\/v2\/product_brand?post=25738"},{"taxonomy":"product_cat","embeddable":true,"href":"https:\/\/lamarzocco-de-update.testsuite.it\/de\/wp-json\/wp\/v2\/product_cat?post=25738"},{"taxonomy":"product_tag","embeddable":true,"href":"https:\/\/lamarzocco-de-update.testsuite.it\/de\/wp-json\/wp\/v2\/product_tag?post=25738"}],"curies":[{"name":"wp","href":"https:\/\/api.w.org\/{rel}","templated":true}]}}