{"id":25680,"date":"2025-08-25T15:50:10","date_gmt":"2025-08-25T13:50:10","guid":{"rendered":"https:\/\/lamarzocco-de-update.testsuite.it\/?post_type=product&#038;p=25680"},"modified":"2025-08-25T15:50:10","modified_gmt":"2025-08-25T13:50:10","slug":"kit-grind-by-weight-gbw-swan","status":"publish","type":"product","link":"https:\/\/lamarzocco-de-update.testsuite.it\/de\/produkt\/kit-grind-by-weight-gbw-swan\/","title":{"rendered":"Kit Grind By Weight | GBW \u2013 Swan"},"content":{"rendered":"","protected":false},"excerpt":{"rendered":"<p>Ein spezielles Zubeh\u00f6r f\u00fcr die Verwendung der Brew By Weight Waage mit der La Marzocco Swan Kaffeem\u00fchle. Erm\u00f6glicht die Funktion \u201eGrind By Weight\u201c, die eine pr\u00e4zise Dosierung auf Basis des Zielgewichts erm\u00f6glicht. Perfekt f\u00fcr alle, die Wert auf Konsistenz und Pr\u00e4zision bei jeder Br\u00fchung legen.<\/p>\n","protected":false},"featured_media":25681,"template":"","meta":{"_acf_changed":false},"product_brand":[],"product_cat":[31],"product_tag":[],"class_list":{"0":"post-25680","1":"product","2":"type-product","3":"status-publish","4":"has-post-thumbnail","6":"product_cat-barista-essential","8":"first","9":"onbackorder","10":"taxable","11":"shipping-taxable","12":"purchasable","13":"product-type-simple"},"composite_virtual":false,"composite_layout":"","composite_add_to_cart_form_location":"","composite_editable_in_cart":false,"composite_sold_individually_context":"","composite_shop_price_calc":"","composite_components":[],"composite_scenarios":[],"bundled_by":[],"bundle_stock_status":"onbackorder","bundle_stock_quantity":0,"bundle_virtual":false,"bundle_layout":"","bundle_add_to_cart_form_location":"","bundle_editable_in_cart":false,"bundle_sold_individually_context":"","bundle_item_grouping":"","bundle_min_size":"","bundle_max_size":"","bundle_price":[],"bundled_items":[],"bundle_sell_ids":[],"acf":{"product_landing_page":"","force_redirect":false,"accordion":null},"yoast_head":"<!-- This site is optimized with the Yoast SEO plugin v25.4 - https:\/\/yoast.com\/wordpress\/plugins\/seo\/ -->\n<title>Kit Grind By Weight | GBW \u2013 Swan - La Marzocco<\/title>\n<meta name=\"robots\" content=\"index, follow, max-snippet:-1, max-image-preview:large, max-video-preview:-1\" \/>\n<link rel=\"canonical\" href=\"https:\/\/lamarzocco-de-update.testsuite.it\/de\/produkt\/kit-grind-by-weight-gbw-swan\/\" \/>\n<meta property=\"og:locale\" content=\"de_DE\" \/>\n<meta property=\"og:type\" content=\"article\" \/>\n<meta property=\"og:title\" content=\"Kit Grind By Weight | GBW \u2013 Swan - La Marzocco\" \/>\n<meta property=\"og:description\" content=\"Ein spezielles Zubeh\u00f6r f\u00fcr die Verwendung der Brew By Weight Waage mit der La Marzocco Swan Kaffeem\u00fchle. Erm\u00f6glicht die Funktion \u201eGrind By Weight\u201c, die eine pr\u00e4zise Dosierung auf Basis des Zielgewichts erm\u00f6glicht. Perfekt f\u00fcr alle, die Wert auf Konsistenz und Pr\u00e4zision bei jeder Br\u00fchung legen.\" \/>\n<meta property=\"og:url\" content=\"https:\/\/lamarzocco-de-update.testsuite.it\/de\/produkt\/kit-grind-by-weight-gbw-swan\/\" \/>\n<meta property=\"og:site_name\" content=\"La Marzocco\" \/>\n<meta property=\"og:image\" content=\"https:\/\/lamarzocco-de-update.testsuite.it\/wp-content\/uploads\/2025\/08\/Kit-Grind-By-Weight-GBW-Swan.jpeg\" \/>\n\t<meta property=\"og:image:width\" content=\"870\" \/>\n\t<meta property=\"og:image:height\" content=\"619\" \/>\n\t<meta property=\"og:image:type\" content=\"image\/jpeg\" \/>\n<meta name=\"twitter:card\" content=\"summary_large_image\" \/>\n<meta name=\"twitter:label1\" content=\"Gesch\u00e4tzte Lesezeit\" \/>\n\t<meta name=\"twitter:data1\" content=\"1\u00a0Minute\" \/>\n<script type=\"application\/ld+json\" class=\"yoast-schema-graph\">{\"@context\":\"https:\/\/schema.org\",\"@graph\":[{\"@type\":\"ImageObject\",\"inLanguage\":\"de\",\"@id\":\"https:\/\/lamarzocco-de-update.testsuite.it\/de\/produkt\/kit-grind-by-weight-gbw-swan\/#primaryimage\",\"url\":\"https:\/\/lamarzocco-de-update.testsuite.it\/wp-content\/uploads\/2025\/08\/Kit-Grind-By-Weight-GBW-Swan.jpeg\",\"contentUrl\":\"https:\/\/lamarzocco-de-update.testsuite.it\/wp-content\/uploads\/2025\/08\/Kit-Grind-By-Weight-GBW-Swan.jpeg\",\"width\":870,\"height\":619}]}<\/script>\n<!-- \/ Yoast SEO plugin. -->","yoast_head_json":{"title":"Kit Grind By Weight | GBW \u2013 Swan - La Marzocco","robots":{"index":"index","follow":"follow","max-snippet":"max-snippet:-1","max-image-preview":"max-image-preview:large","max-video-preview":"max-video-preview:-1"},"canonical":"https:\/\/lamarzocco-de-update.testsuite.it\/de\/produkt\/kit-grind-by-weight-gbw-swan\/","og_locale":"de_DE","og_type":"article","og_title":"Kit Grind By Weight | GBW \u2013 Swan - La Marzocco","og_description":"Ein spezielles Zubeh\u00f6r f\u00fcr die Verwendung der Brew By Weight Waage mit der La Marzocco Swan Kaffeem\u00fchle. Erm\u00f6glicht die Funktion \u201eGrind By Weight\u201c, die eine pr\u00e4zise Dosierung auf Basis des Zielgewichts erm\u00f6glicht. Perfekt f\u00fcr alle, die Wert auf Konsistenz und Pr\u00e4zision bei jeder Br\u00fchung legen.","og_url":"https:\/\/lamarzocco-de-update.testsuite.it\/de\/produkt\/kit-grind-by-weight-gbw-swan\/","og_site_name":"La Marzocco","og_image":[{"width":870,"height":619,"url":"https:\/\/lamarzocco-de-update.testsuite.it\/wp-content\/uploads\/2025\/08\/Kit-Grind-By-Weight-GBW-Swan.jpeg","type":"image\/jpeg"}],"twitter_card":"summary_large_image","twitter_misc":{"Gesch\u00e4tzte Lesezeit":"1\u00a0Minute"},"schema":{"@context":"https:\/\/schema.org","@graph":[{"@type":"ImageObject","inLanguage":"de","@id":"https:\/\/lamarzocco-de-update.testsuite.it\/de\/produkt\/kit-grind-by-weight-gbw-swan\/#primaryimage","url":"https:\/\/lamarzocco-de-update.testsuite.it\/wp-content\/uploads\/2025\/08\/Kit-Grind-By-Weight-GBW-Swan.jpeg","contentUrl":"https:\/\/lamarzocco-de-update.testsuite.it\/wp-content\/uploads\/2025\/08\/Kit-Grind-By-Weight-GBW-Swan.jpeg","width":870,"height":619}]}},"custom_fields":{"_sku":"","_price":"238"},"_links":{"self":[{"href":"https:\/\/lamarzocco-de-update.testsuite.it\/de\/wp-json\/wp\/v2\/product\/25680","targetHints":{"allow":["GET"]}}],"collection":[{"href":"https:\/\/lamarzocco-de-update.testsuite.it\/de\/wp-json\/wp\/v2\/product"}],"about":[{"href":"https:\/\/lamarzocco-de-update.testsuite.it\/de\/wp-json\/wp\/v2\/types\/product"}],"wp:featuredmedia":[{"embeddable":true,"href":"https:\/\/lamarzocco-de-update.testsuite.it\/de\/wp-json\/wp\/v2\/media\/25681"}],"wp:attachment":[{"href":"https:\/\/lamarzocco-de-update.testsuite.it\/de\/wp-json\/wp\/v2\/media?parent=25680"}],"wp:term":[{"taxonomy":"product_brand","embeddable":true,"href":"https:\/\/lamarzocco-de-update.testsuite.it\/de\/wp-json\/wp\/v2\/product_brand?post=25680"},{"taxonomy":"product_cat","embeddable":true,"href":"https:\/\/lamarzocco-de-update.testsuite.it\/de\/wp-json\/wp\/v2\/product_cat?post=25680"},{"taxonomy":"product_tag","embeddable":true,"href":"https:\/\/lamarzocco-de-update.testsuite.it\/de\/wp-json\/wp\/v2\/product_tag?post=25680"}],"curies":[{"name":"wp","href":"https:\/\/api.w.org\/{rel}","templated":true}]}}