{"id":2539,"date":"2023-04-20T11:51:33","date_gmt":"2023-04-20T09:51:33","guid":{"rendered":"https:\/\/lamarzocco-de-update.testsuite.it\/?post_type=product&#038;p=2539"},"modified":"2025-07-03T23:05:38","modified_gmt":"2025-07-03T21:05:38","slug":"la-marzocco-abklopfbehalter","status":"publish","type":"product","link":"https:\/\/lamarzocco-de-update.testsuite.it\/de\/produkt\/la-marzocco-abklopfbehalter\/","title":{"rendered":"La Marzocco Abklopfbeh\u00e4lter"},"content":{"rendered":"<p>Einsatz aus Edelstahl 304 (1,2 mm dick)<br \/>\nSchlagstange aus Hartgummi (2,5 cm Durchmesser) mit Edelstahlkern<br \/>\nMassivholz (Walnuss\/Ahorn) oder Edelstahl (Schwarz\/Wei\u00df) mit 1,3 cm Dicke<br \/>\nMa\u00dfe: H 11,8 cm x B 17,4 cm x T 18,6 cm<\/p>\n","protected":false},"excerpt":{"rendered":"<p>Hergestellt mit einem Einsatz aus Edelstahl, der die obere Kante umschlie\u00dft und ein sauberes, raffiniertes Aussehen verleiht. Sie verf\u00fcgt \u00fcber eine robuste, gro\u00df dimensionierte Schlagstange mit Edelstahlkern und ist in den Ausf\u00fchrungen Walnuss, Ahorn, Schwarz und Wei\u00df erh\u00e4ltlich.<\/p>\n","protected":false},"featured_media":3139,"template":"","meta":{"_acf_changed":false},"product_brand":[],"product_cat":[31,32],"product_tag":[555],"class_list":{"0":"post-2539","1":"product","2":"type-product","3":"status-publish","4":"has-post-thumbnail","6":"product_cat-barista-essential","7":"product_cat-tools","8":"product_tag-barista-basics","10":"first","11":"outofstock","12":"taxable","13":"shipping-taxable","14":"purchasable","15":"product-type-variable"},"composite_virtual":false,"composite_layout":"","composite_add_to_cart_form_location":"","composite_editable_in_cart":false,"composite_sold_individually_context":"","composite_shop_price_calc":"","composite_components":[],"composite_scenarios":[],"bundled_by":[],"bundle_stock_status":"outofstock","bundle_stock_quantity":null,"bundle_virtual":false,"bundle_layout":"","bundle_add_to_cart_form_location":"","bundle_editable_in_cart":false,"bundle_sold_individually_context":"","bundle_item_grouping":"","bundle_min_size":"","bundle_max_size":"","bundle_price":[],"bundled_items":[],"bundle_sell_ids":[],"acf":{"product_landing_page":"","force_redirect":false,"accordion":null},"yoast_head":"<!-- This site is optimized with the Yoast SEO plugin v25.4 - https:\/\/yoast.com\/wordpress\/plugins\/seo\/ -->\n<title>Abklopfbeh\u00e4lter \u00bb La Marzocco<\/title>\n<meta name=\"description\" content=\"II\u27a4 Abklopfbeh\u00e4lter \u27a5 Praktisch &amp; robust \u2713 Perfekt f\u00fcr Espressomaschinen \u2713 eleganter Holz-Look \u2713 mit Edelstahleinsatz \u2713 Leicht zu reinigen \u2713.\" \/>\n<meta name=\"robots\" content=\"index, follow, max-snippet:-1, max-image-preview:large, max-video-preview:-1\" \/>\n<link rel=\"canonical\" href=\"https:\/\/lamarzocco-de-update.testsuite.it\/de\/produkt\/la-marzocco-abklopfbehalter\/\" \/>\n<meta property=\"og:locale\" content=\"de_DE\" \/>\n<meta property=\"og:type\" content=\"article\" \/>\n<meta property=\"og:title\" content=\"Abklopfbeh\u00e4lter \u00bb La Marzocco\" \/>\n<meta property=\"og:description\" content=\"II\u27a4 Abklopfbeh\u00e4lter \u27a5 Praktisch &amp; robust \u2713 Perfekt f\u00fcr Espressomaschinen \u2713 eleganter Holz-Look \u2713 mit Edelstahleinsatz \u2713 Leicht zu reinigen \u2713.\" \/>\n<meta property=\"og:url\" content=\"https:\/\/lamarzocco-de-update.testsuite.it\/de\/produkt\/la-marzocco-abklopfbehalter\/\" \/>\n<meta property=\"og:site_name\" content=\"La Marzocco\" \/>\n<meta property=\"article:modified_time\" content=\"2025-07-03T21:05:38+00:00\" \/>\n<meta property=\"og:image\" content=\"https:\/\/lamarzocco-de-update.testsuite.it\/wp-content\/uploads\/2023\/06\/Y.203.png\" \/>\n\t<meta property=\"og:image:width\" content=\"1200\" \/>\n\t<meta property=\"og:image:height\" content=\"1200\" \/>\n\t<meta property=\"og:image:type\" content=\"image\/png\" \/>\n<meta name=\"twitter:card\" content=\"summary_large_image\" \/>\n<meta name=\"twitter:label1\" content=\"Gesch\u00e4tzte Lesezeit\" \/>\n\t<meta name=\"twitter:data1\" content=\"1\u00a0Minute\" \/>\n<script type=\"application\/ld+json\" class=\"yoast-schema-graph\">{\"@context\":\"https:\/\/schema.org\",\"@graph\":[{\"@type\":\"ImageObject\",\"inLanguage\":\"de\",\"@id\":\"https:\/\/lamarzocco-de-update.testsuite.it\/de\/produkt\/la-marzocco-abklopfbehalter\/#primaryimage\",\"url\":\"https:\/\/lamarzocco-de-update.testsuite.it\/wp-content\/uploads\/2023\/06\/Y.203.png\",\"contentUrl\":\"https:\/\/lamarzocco-de-update.testsuite.it\/wp-content\/uploads\/2023\/06\/Y.203.png\",\"width\":1200,\"height\":1200,\"caption\":\"Der La Marzocco Abklopfbeh\u00e4lter in elegantem Edelstahl bietet eine hochwertige L\u00f6sung f\u00fcr das saubere Entsorgen von Kaffeesatz in der professionellen Kaffeezubereitung. Als Teil des Caf\u00e9-Equipments ist er perfekt auf Siebtr\u00e4germaschinen abgestimmt und erg\u00e4nzt Barista Tools ideal \u2013 funktional, robust und stilvoll im Design.\"}]}<\/script>\n<!-- \/ Yoast SEO plugin. -->","yoast_head_json":{"title":"Abklopfbeh\u00e4lter \u00bb La Marzocco","description":"II\u27a4 Abklopfbeh\u00e4lter \u27a5 Praktisch & robust \u2713 Perfekt f\u00fcr Espressomaschinen \u2713 eleganter Holz-Look \u2713 mit Edelstahleinsatz \u2713 Leicht zu reinigen \u2713.","robots":{"index":"index","follow":"follow","max-snippet":"max-snippet:-1","max-image-preview":"max-image-preview:large","max-video-preview":"max-video-preview:-1"},"canonical":"https:\/\/lamarzocco-de-update.testsuite.it\/de\/produkt\/la-marzocco-abklopfbehalter\/","og_locale":"de_DE","og_type":"article","og_title":"Abklopfbeh\u00e4lter \u00bb La Marzocco","og_description":"II\u27a4 Abklopfbeh\u00e4lter \u27a5 Praktisch & robust \u2713 Perfekt f\u00fcr Espressomaschinen \u2713 eleganter Holz-Look \u2713 mit Edelstahleinsatz \u2713 Leicht zu reinigen \u2713.","og_url":"https:\/\/lamarzocco-de-update.testsuite.it\/de\/produkt\/la-marzocco-abklopfbehalter\/","og_site_name":"La Marzocco","article_modified_time":"2025-07-03T21:05:38+00:00","og_image":[{"width":1200,"height":1200,"url":"https:\/\/lamarzocco-de-update.testsuite.it\/wp-content\/uploads\/2023\/06\/Y.203.png","type":"image\/png"}],"twitter_card":"summary_large_image","twitter_misc":{"Gesch\u00e4tzte Lesezeit":"1\u00a0Minute"},"schema":{"@context":"https:\/\/schema.org","@graph":[{"@type":"ImageObject","inLanguage":"de","@id":"https:\/\/lamarzocco-de-update.testsuite.it\/de\/produkt\/la-marzocco-abklopfbehalter\/#primaryimage","url":"https:\/\/lamarzocco-de-update.testsuite.it\/wp-content\/uploads\/2023\/06\/Y.203.png","contentUrl":"https:\/\/lamarzocco-de-update.testsuite.it\/wp-content\/uploads\/2023\/06\/Y.203.png","width":1200,"height":1200,"caption":"Der La Marzocco Abklopfbeh\u00e4lter in elegantem Edelstahl bietet eine hochwertige L\u00f6sung f\u00fcr das saubere Entsorgen von Kaffeesatz in der professionellen Kaffeezubereitung. Als Teil des Caf\u00e9-Equipments ist er perfekt auf Siebtr\u00e4germaschinen abgestimmt und erg\u00e4nzt Barista Tools ideal \u2013 funktional, robust und stilvoll im Design."}]}},"custom_fields":{"_sku":"Y.20X","_price":"190.4"},"_links":{"self":[{"href":"https:\/\/lamarzocco-de-update.testsuite.it\/de\/wp-json\/wp\/v2\/product\/2539","targetHints":{"allow":["GET"]}}],"collection":[{"href":"https:\/\/lamarzocco-de-update.testsuite.it\/de\/wp-json\/wp\/v2\/product"}],"about":[{"href":"https:\/\/lamarzocco-de-update.testsuite.it\/de\/wp-json\/wp\/v2\/types\/product"}],"wp:featuredmedia":[{"embeddable":true,"href":"https:\/\/lamarzocco-de-update.testsuite.it\/de\/wp-json\/wp\/v2\/media\/3139"}],"wp:attachment":[{"href":"https:\/\/lamarzocco-de-update.testsuite.it\/de\/wp-json\/wp\/v2\/media?parent=2539"}],"wp:term":[{"taxonomy":"product_brand","embeddable":true,"href":"https:\/\/lamarzocco-de-update.testsuite.it\/de\/wp-json\/wp\/v2\/product_brand?post=2539"},{"taxonomy":"product_cat","embeddable":true,"href":"https:\/\/lamarzocco-de-update.testsuite.it\/de\/wp-json\/wp\/v2\/product_cat?post=2539"},{"taxonomy":"product_tag","embeddable":true,"href":"https:\/\/lamarzocco-de-update.testsuite.it\/de\/wp-json\/wp\/v2\/product_tag?post=2539"}],"curies":[{"name":"wp","href":"https:\/\/api.w.org\/{rel}","templated":true}]}}