{"id":2535,"date":"2023-04-20T11:51:32","date_gmt":"2023-04-20T09:51:32","guid":{"rendered":"https:\/\/lamarzocco-de-update.testsuite.it\/product\/linea-micra-cappuccino-cup-set-of-2-pcs\/"},"modified":"2025-08-28T11:16:04","modified_gmt":"2025-08-28T09:16:04","slug":"linea-micra-cappuccinotassen-2er-set","status":"publish","type":"product","link":"https:\/\/lamarzocco-de-update.testsuite.it\/de\/produkt\/linea-micra-cappuccinotassen-2er-set\/","title":{"rendered":"Linea Micra Cappuccinotassen\u00a0\u2013 2er Set"},"content":{"rendered":"","protected":false},"excerpt":{"rendered":"<p>Vervollst\u00e4ndige den Look deiner Kaffee-Ecke mit diesem sch\u00f6nen Linea Micra Set aus 2 Porzellan-Cappuccinotassen made in Italy, die mit einem Linea Micra Logo gestaltet wurden.<\/p>\n","protected":false},"featured_media":3093,"template":"","meta":{"_acf_changed":false},"product_brand":[],"product_cat":[36,52],"product_tag":[],"class_list":{"0":"post-2535","1":"product","2":"type-product","3":"status-publish","4":"has-post-thumbnail","6":"product_cat-cups","7":"product_cat-cappuccino","9":"first","10":"outofstock","11":"taxable","12":"shipping-taxable","13":"purchasable","14":"product-type-simple"},"composite_virtual":false,"composite_layout":"","composite_add_to_cart_form_location":"","composite_editable_in_cart":false,"composite_sold_individually_context":"","composite_shop_price_calc":"","composite_components":[],"composite_scenarios":[],"bundled_by":[],"bundle_stock_status":"outofstock","bundle_stock_quantity":0,"bundle_virtual":false,"bundle_layout":"","bundle_add_to_cart_form_location":"","bundle_editable_in_cart":false,"bundle_sold_individually_context":"","bundle_item_grouping":"","bundle_min_size":"","bundle_max_size":"","bundle_price":[],"bundled_items":[],"bundle_sell_ids":[],"acf":{"product_landing_page":"","force_redirect":false,"accordion":null},"yoast_head":"<!-- This site is optimized with the Yoast SEO plugin v25.4 - https:\/\/yoast.com\/wordpress\/plugins\/seo\/ -->\n<title>Linea Micra Cappuccinotassen\u00a0\u2013 2er Set - La Marzocco<\/title>\n<meta name=\"robots\" content=\"index, follow, max-snippet:-1, max-image-preview:large, max-video-preview:-1\" \/>\n<link rel=\"canonical\" href=\"https:\/\/lamarzocco-de-update.testsuite.it\/de\/produkt\/linea-micra-cappuccinotassen-2er-set\/\" \/>\n<meta property=\"og:locale\" content=\"de_DE\" \/>\n<meta property=\"og:type\" content=\"article\" \/>\n<meta property=\"og:title\" content=\"Linea Micra Cappuccinotassen\u00a0\u2013 2er Set - La Marzocco\" \/>\n<meta property=\"og:description\" content=\"Vervollst\u00e4ndige den Look deiner Kaffee-Ecke mit diesem sch\u00f6nen Linea Micra Set aus 2 Porzellan-Cappuccinotassen made in Italy, die mit einem Linea Micra Logo gestaltet wurden.\" \/>\n<meta property=\"og:url\" content=\"https:\/\/lamarzocco-de-update.testsuite.it\/de\/produkt\/linea-micra-cappuccinotassen-2er-set\/\" \/>\n<meta property=\"og:site_name\" content=\"La Marzocco\" \/>\n<meta property=\"article:modified_time\" content=\"2025-08-28T09:16:04+00:00\" \/>\n<meta property=\"og:image\" content=\"https:\/\/lamarzocco-de-update.testsuite.it\/wp-content\/uploads\/2023\/05\/Y.210.png\" \/>\n\t<meta property=\"og:image:width\" content=\"1200\" \/>\n\t<meta property=\"og:image:height\" content=\"1200\" \/>\n\t<meta property=\"og:image:type\" content=\"image\/png\" \/>\n<meta name=\"twitter:card\" content=\"summary_large_image\" \/>\n<meta name=\"twitter:label1\" content=\"Gesch\u00e4tzte Lesezeit\" \/>\n\t<meta name=\"twitter:data1\" content=\"1\u00a0Minute\" \/>\n<script type=\"application\/ld+json\" class=\"yoast-schema-graph\">{\"@context\":\"https:\/\/schema.org\",\"@graph\":[{\"@type\":\"ImageObject\",\"inLanguage\":\"de\",\"@id\":\"https:\/\/lamarzocco-de-update.testsuite.it\/de\/produkt\/linea-micra-cappuccinotassen-2er-set\/#primaryimage\",\"url\":\"https:\/\/lamarzocco-de-update.testsuite.it\/wp-content\/uploads\/2023\/05\/Y.210.png\",\"contentUrl\":\"https:\/\/lamarzocco-de-update.testsuite.it\/wp-content\/uploads\/2023\/05\/Y.210.png\",\"width\":1200,\"height\":1200,\"caption\":\"Klassische Espressotasse mit Untertasse im Linea-Micra-Design \u2013 perfekt abgestimmt auf die La Marzocco Linea Micra Espressomaschine. Ideal f\u00fcr die stilvolle Kaffeezubereitung im Home-Barista-Umfeld oder als Caf\u00e9-Equipment. Hochwertiges Zubeh\u00f6r passend zur Siebtr\u00e4germaschine und den Barista Tools.\"}]}<\/script>\n<!-- \/ Yoast SEO plugin. -->","yoast_head_json":{"title":"Linea Micra Cappuccinotassen\u00a0\u2013 2er Set - La Marzocco","robots":{"index":"index","follow":"follow","max-snippet":"max-snippet:-1","max-image-preview":"max-image-preview:large","max-video-preview":"max-video-preview:-1"},"canonical":"https:\/\/lamarzocco-de-update.testsuite.it\/de\/produkt\/linea-micra-cappuccinotassen-2er-set\/","og_locale":"de_DE","og_type":"article","og_title":"Linea Micra Cappuccinotassen\u00a0\u2013 2er Set - La Marzocco","og_description":"Vervollst\u00e4ndige den Look deiner Kaffee-Ecke mit diesem sch\u00f6nen Linea Micra Set aus 2 Porzellan-Cappuccinotassen made in Italy, die mit einem Linea Micra Logo gestaltet wurden.","og_url":"https:\/\/lamarzocco-de-update.testsuite.it\/de\/produkt\/linea-micra-cappuccinotassen-2er-set\/","og_site_name":"La Marzocco","article_modified_time":"2025-08-28T09:16:04+00:00","og_image":[{"width":1200,"height":1200,"url":"https:\/\/lamarzocco-de-update.testsuite.it\/wp-content\/uploads\/2023\/05\/Y.210.png","type":"image\/png"}],"twitter_card":"summary_large_image","twitter_misc":{"Gesch\u00e4tzte Lesezeit":"1\u00a0Minute"},"schema":{"@context":"https:\/\/schema.org","@graph":[{"@type":"ImageObject","inLanguage":"de","@id":"https:\/\/lamarzocco-de-update.testsuite.it\/de\/produkt\/linea-micra-cappuccinotassen-2er-set\/#primaryimage","url":"https:\/\/lamarzocco-de-update.testsuite.it\/wp-content\/uploads\/2023\/05\/Y.210.png","contentUrl":"https:\/\/lamarzocco-de-update.testsuite.it\/wp-content\/uploads\/2023\/05\/Y.210.png","width":1200,"height":1200,"caption":"Klassische Espressotasse mit Untertasse im Linea-Micra-Design \u2013 perfekt abgestimmt auf die La Marzocco Linea Micra Espressomaschine. Ideal f\u00fcr die stilvolle Kaffeezubereitung im Home-Barista-Umfeld oder als Caf\u00e9-Equipment. Hochwertiges Zubeh\u00f6r passend zur Siebtr\u00e4germaschine und den Barista Tools."}]}},"custom_fields":{"_sku":"Y.210","_price":"33.32"},"_links":{"self":[{"href":"https:\/\/lamarzocco-de-update.testsuite.it\/de\/wp-json\/wp\/v2\/product\/2535","targetHints":{"allow":["GET"]}}],"collection":[{"href":"https:\/\/lamarzocco-de-update.testsuite.it\/de\/wp-json\/wp\/v2\/product"}],"about":[{"href":"https:\/\/lamarzocco-de-update.testsuite.it\/de\/wp-json\/wp\/v2\/types\/product"}],"wp:featuredmedia":[{"embeddable":true,"href":"https:\/\/lamarzocco-de-update.testsuite.it\/de\/wp-json\/wp\/v2\/media\/3093"}],"wp:attachment":[{"href":"https:\/\/lamarzocco-de-update.testsuite.it\/de\/wp-json\/wp\/v2\/media?parent=2535"}],"wp:term":[{"taxonomy":"product_brand","embeddable":true,"href":"https:\/\/lamarzocco-de-update.testsuite.it\/de\/wp-json\/wp\/v2\/product_brand?post=2535"},{"taxonomy":"product_cat","embeddable":true,"href":"https:\/\/lamarzocco-de-update.testsuite.it\/de\/wp-json\/wp\/v2\/product_cat?post=2535"},{"taxonomy":"product_tag","embeddable":true,"href":"https:\/\/lamarzocco-de-update.testsuite.it\/de\/wp-json\/wp\/v2\/product_tag?post=2535"}],"curies":[{"name":"wp","href":"https:\/\/api.w.org\/{rel}","templated":true}]}}