{"id":2533,"date":"2023-04-20T11:51:32","date_gmt":"2023-04-20T09:51:32","guid":{"rendered":"https:\/\/lamarzocco-de-update.testsuite.it\/product\/walnut-side-panels\/"},"modified":"2025-08-13T09:31:03","modified_gmt":"2025-08-13T07:31:03","slug":"walnussseiten-2","status":"publish","type":"product","link":"https:\/\/lamarzocco-de-update.testsuite.it\/de\/produkt\/walnussseiten-2\/","title":{"rendered":"Walnussseiten"},"content":{"rendered":"","protected":false},"excerpt":{"rendered":"<p>Mit diesen wundersch\u00f6nen Seitenteilen aus Walnuss f\u00fcr deine GS3 setzt du ein Statement. Das Walnussholz wird zu 100\u00a0Prozent in den USA unter der Kontrolle von Managed Forest Crop angebaut, um die Nachhaltigkeit zu gew\u00e4hrleisten. Diese Seitenteile sind mit dem La\u00a0Marzocco L\u00f6wen graviert und ihre Optik und Haptik passen in jede K\u00fcche.<\/p>\n<p>Bitte beachten: Holzmaserung und Farbe k\u00f6nnen aufgrund der Individualit\u00e4t der einzelnen B\u00e4ume von den Abbildungen abweichen.<\/p>\n","protected":false},"featured_media":3214,"template":"","meta":{"_acf_changed":false},"product_brand":[],"product_cat":[35,58],"product_tag":[],"class_list":{"0":"post-2533","1":"product","2":"type-product","3":"status-publish","4":"has-post-thumbnail","6":"product_cat-custom-parts","7":"product_cat-gs3","9":"first","10":"instock","11":"taxable","12":"shipping-taxable","13":"purchasable","14":"product-type-simple"},"composite_virtual":false,"composite_layout":"","composite_add_to_cart_form_location":"","composite_editable_in_cart":false,"composite_sold_individually_context":"","composite_shop_price_calc":"","composite_components":[],"composite_scenarios":[],"bundled_by":[],"bundle_stock_status":"instock","bundle_stock_quantity":4,"bundle_virtual":false,"bundle_layout":"","bundle_add_to_cart_form_location":"","bundle_editable_in_cart":false,"bundle_sold_individually_context":"","bundle_item_grouping":"","bundle_min_size":"","bundle_max_size":"","bundle_price":[],"bundled_items":[],"bundle_sell_ids":[],"acf":{"product_landing_page":"","force_redirect":false,"accordion":null},"yoast_head":"<!-- This site is optimized with the Yoast SEO plugin v25.4 - https:\/\/yoast.com\/wordpress\/plugins\/seo\/ -->\n<title>Walnussseiten - La Marzocco<\/title>\n<meta name=\"robots\" content=\"index, follow, max-snippet:-1, max-image-preview:large, max-video-preview:-1\" \/>\n<link rel=\"canonical\" href=\"https:\/\/lamarzocco-de-update.testsuite.it\/de\/produkt\/walnussseiten-2\/\" \/>\n<meta property=\"og:locale\" content=\"de_DE\" \/>\n<meta property=\"og:type\" content=\"article\" \/>\n<meta property=\"og:title\" content=\"Walnussseiten - La Marzocco\" \/>\n<meta property=\"og:description\" content=\"Mit diesen wundersch\u00f6nen Seitenteilen aus Walnuss f\u00fcr deine GS3 setzt du ein Statement. Das Walnussholz wird zu 100\u00a0Prozent in den USA unter der Kontrolle von Managed Forest Crop angebaut, um die Nachhaltigkeit zu gew\u00e4hrleisten. Diese Seitenteile sind mit dem La\u00a0Marzocco L\u00f6wen graviert und ihre Optik und Haptik passen in jede K\u00fcche.  Bitte beachten: Holzmaserung und Farbe k\u00f6nnen aufgrund der Individualit\u00e4t der einzelnen B\u00e4ume von den Abbildungen abweichen.\" \/>\n<meta property=\"og:url\" content=\"https:\/\/lamarzocco-de-update.testsuite.it\/de\/produkt\/walnussseiten-2\/\" \/>\n<meta property=\"og:site_name\" content=\"La Marzocco\" \/>\n<meta property=\"article:modified_time\" content=\"2025-08-13T07:31:03+00:00\" \/>\n<meta property=\"og:image\" content=\"https:\/\/lamarzocco-de-update.testsuite.it\/wp-content\/uploads\/2023\/06\/Y.1.009.WW-1.png\" \/>\n\t<meta property=\"og:image:width\" content=\"1200\" \/>\n\t<meta property=\"og:image:height\" content=\"1200\" \/>\n\t<meta property=\"og:image:type\" content=\"image\/png\" \/>\n<meta name=\"twitter:card\" content=\"summary_large_image\" \/>\n<meta name=\"twitter:label1\" content=\"Gesch\u00e4tzte Lesezeit\" \/>\n\t<meta name=\"twitter:data1\" content=\"1\u00a0Minute\" \/>\n<script type=\"application\/ld+json\" class=\"yoast-schema-graph\">{\"@context\":\"https:\/\/schema.org\",\"@graph\":[{\"@type\":\"ImageObject\",\"inLanguage\":\"de\",\"@id\":\"https:\/\/lamarzocco-de-update.testsuite.it\/de\/produkt\/walnussseiten-2\/#primaryimage\",\"url\":\"https:\/\/lamarzocco-de-update.testsuite.it\/wp-content\/uploads\/2023\/06\/Y.1.009.WW-1.png\",\"contentUrl\":\"https:\/\/lamarzocco-de-update.testsuite.it\/wp-content\/uploads\/2023\/06\/Y.1.009.WW-1.png\",\"width\":1200,\"height\":1200}]}<\/script>\n<!-- \/ Yoast SEO plugin. -->","yoast_head_json":{"title":"Walnussseiten - La Marzocco","robots":{"index":"index","follow":"follow","max-snippet":"max-snippet:-1","max-image-preview":"max-image-preview:large","max-video-preview":"max-video-preview:-1"},"canonical":"https:\/\/lamarzocco-de-update.testsuite.it\/de\/produkt\/walnussseiten-2\/","og_locale":"de_DE","og_type":"article","og_title":"Walnussseiten - La Marzocco","og_description":"Mit diesen wundersch\u00f6nen Seitenteilen aus Walnuss f\u00fcr deine GS3 setzt du ein Statement. Das Walnussholz wird zu 100\u00a0Prozent in den USA unter der Kontrolle von Managed Forest Crop angebaut, um die Nachhaltigkeit zu gew\u00e4hrleisten. Diese Seitenteile sind mit dem La\u00a0Marzocco L\u00f6wen graviert und ihre Optik und Haptik passen in jede K\u00fcche.  Bitte beachten: Holzmaserung und Farbe k\u00f6nnen aufgrund der Individualit\u00e4t der einzelnen B\u00e4ume von den Abbildungen abweichen.","og_url":"https:\/\/lamarzocco-de-update.testsuite.it\/de\/produkt\/walnussseiten-2\/","og_site_name":"La Marzocco","article_modified_time":"2025-08-13T07:31:03+00:00","og_image":[{"width":1200,"height":1200,"url":"https:\/\/lamarzocco-de-update.testsuite.it\/wp-content\/uploads\/2023\/06\/Y.1.009.WW-1.png","type":"image\/png"}],"twitter_card":"summary_large_image","twitter_misc":{"Gesch\u00e4tzte Lesezeit":"1\u00a0Minute"},"schema":{"@context":"https:\/\/schema.org","@graph":[{"@type":"ImageObject","inLanguage":"de","@id":"https:\/\/lamarzocco-de-update.testsuite.it\/de\/produkt\/walnussseiten-2\/#primaryimage","url":"https:\/\/lamarzocco-de-update.testsuite.it\/wp-content\/uploads\/2023\/06\/Y.1.009.WW-1.png","contentUrl":"https:\/\/lamarzocco-de-update.testsuite.it\/wp-content\/uploads\/2023\/06\/Y.1.009.WW-1.png","width":1200,"height":1200}]}},"custom_fields":{"_sku":"Y.1.009.WW-1","_price":"952"},"_links":{"self":[{"href":"https:\/\/lamarzocco-de-update.testsuite.it\/de\/wp-json\/wp\/v2\/product\/2533","targetHints":{"allow":["GET"]}}],"collection":[{"href":"https:\/\/lamarzocco-de-update.testsuite.it\/de\/wp-json\/wp\/v2\/product"}],"about":[{"href":"https:\/\/lamarzocco-de-update.testsuite.it\/de\/wp-json\/wp\/v2\/types\/product"}],"wp:featuredmedia":[{"embeddable":true,"href":"https:\/\/lamarzocco-de-update.testsuite.it\/de\/wp-json\/wp\/v2\/media\/3214"}],"wp:attachment":[{"href":"https:\/\/lamarzocco-de-update.testsuite.it\/de\/wp-json\/wp\/v2\/media?parent=2533"}],"wp:term":[{"taxonomy":"product_brand","embeddable":true,"href":"https:\/\/lamarzocco-de-update.testsuite.it\/de\/wp-json\/wp\/v2\/product_brand?post=2533"},{"taxonomy":"product_cat","embeddable":true,"href":"https:\/\/lamarzocco-de-update.testsuite.it\/de\/wp-json\/wp\/v2\/product_cat?post=2533"},{"taxonomy":"product_tag","embeddable":true,"href":"https:\/\/lamarzocco-de-update.testsuite.it\/de\/wp-json\/wp\/v2\/product_tag?post=2533"}],"curies":[{"name":"wp","href":"https:\/\/api.w.org\/{rel}","templated":true}]}}