{"id":25324,"date":"2025-08-07T14:21:19","date_gmt":"2025-08-07T12:21:19","guid":{"rendered":"https:\/\/lamarzocco-de-update.testsuite.it\/?post_type=product&#038;p=25324"},"modified":"2025-10-07T15:51:38","modified_gmt":"2025-10-07T13:51:38","slug":"linea-micra-silver-satin","status":"publish","type":"product","link":"https:\/\/lamarzocco-de-update.testsuite.it\/de\/produkt\/linea-micra-silver-satin\/","title":{"rendered":"Linea Micra Silver Satin"},"content":{"rendered":"","protected":false},"excerpt":{"rendered":"<p>Die Linea Micra ist eine kompakte, benutzerfreundliche Espressomaschine f\u00fcr zuhause mit der leistungsstarken Performance, die dem Namen La Marzocco Ehre macht. Als verkleinerte Version der Linea Classic S kombiniert die Linea Micra ein dynamisches Funktionsset und ein kleines Geh\u00e4use, das es dir erm\u00f6glicht, die Welt des Espressos zu erkunden.<\/p>\n<p>Einfache Einrichtung, kurze Aufheizzeiten und alle wesentlichen Werkzeuge machen das Einstellen deiner morgendlichen Routine einfach. Klare Linien und ein zeitloses \u00e4sthetisches Design, inspiriert von einer langen Reihe von Espresso-Ikonen. Die Micra ist in sieben Farben erh\u00e4ltlich, um jede Heimk\u00fcche zu einem Caf\u00e9 zu machen.<\/p>\n<p>Dank ihrer neuen Elektronik kann die Linea Micra jetzt mit dem Internet verbunden und \u00fcber die neue La Marzocco Home App gesteuert werden, die im AppStore und bei GooglePlay erh\u00e4ltlich ist.<\/p>\n","protected":false},"featured_media":25480,"template":"","meta":{"_acf_changed":false},"product_brand":[],"product_cat":[33,40],"product_tag":[],"class_list":{"0":"post-25324","1":"product","2":"type-product","3":"status-publish","4":"has-post-thumbnail","6":"product_cat-espressomaschinen","7":"product_cat-home-espresso-maschinen","9":"first","10":"outofstock","11":"taxable","12":"shipping-taxable","13":"purchasable","14":"product-type-simple"},"composite_virtual":false,"composite_layout":"","composite_add_to_cart_form_location":"","composite_editable_in_cart":false,"composite_sold_individually_context":"","composite_shop_price_calc":"","composite_components":[],"composite_scenarios":[],"bundled_by":[],"bundle_stock_status":"outofstock","bundle_stock_quantity":0,"bundle_virtual":false,"bundle_layout":"","bundle_add_to_cart_form_location":"","bundle_editable_in_cart":false,"bundle_sold_individually_context":"","bundle_item_grouping":"","bundle_min_size":"","bundle_max_size":"","bundle_price":[],"bundled_items":[],"bundle_sell_ids":[],"acf":{"is_compare_active":false,"compare_products_fields":{"claim":"","product_description":"","boiler_material":"","number_of_boilers":"","coffee_boiler_type":"","coffee_boiler_capacity":"","coffee_boiler_temp_control":"","coffee_boiler_pid":"","pre_infusion":"","pre_infusion_control":"","pre_brewing":"","pre_brewing_control":"","programmable_doses":"","steam_boiler_capacity":"","steam_boiler_temp_control":"","steam_boiler_pid":"","adjustable_hot_water_temp":"","graphic_display":"","water_tank":"","plumb_in_kit":"","height":"","width":"","depth":""},"product_landing_page":"","force_redirect":false,"accordion":null},"yoast_head":"<!-- This site is optimized with the Yoast SEO plugin v25.4 - https:\/\/yoast.com\/wordpress\/plugins\/seo\/ -->\n<title>Linea Micra Silver Satin - La Marzocco<\/title>\n<meta name=\"robots\" content=\"index, follow, max-snippet:-1, max-image-preview:large, max-video-preview:-1\" \/>\n<link rel=\"canonical\" href=\"https:\/\/lamarzocco-de-update.testsuite.it\/de\/produkt\/linea-micra-silver-satin\/\" \/>\n<meta property=\"og:locale\" content=\"de_DE\" \/>\n<meta property=\"og:type\" content=\"article\" \/>\n<meta property=\"og:title\" content=\"Linea Micra Silver Satin - La Marzocco\" \/>\n<meta property=\"og:description\" content=\"Die Linea Micra ist eine kompakte, benutzerfreundliche Espressomaschine f\u00fcr zuhause mit der leistungsstarken Performance, die dem Namen La Marzocco Ehre macht. Als verkleinerte Version der Linea Classic S kombiniert die Linea Micra ein dynamisches Funktionsset und ein kleines Geh\u00e4use, das es dir erm\u00f6glicht, die Welt des Espressos zu erkunden.  Einfache Einrichtung, kurze Aufheizzeiten und alle wesentlichen Werkzeuge machen das Einstellen deiner morgendlichen Routine einfach. Klare Linien und ein zeitloses \u00e4sthetisches Design, inspiriert von einer langen Reihe von Espresso-Ikonen. Die Micra ist in sieben Farben erh\u00e4ltlich, um jede Heimk\u00fcche zu einem Caf\u00e9 zu machen.  Dank ihrer neuen Elektronik kann die Linea Micra jetzt mit dem Internet verbunden und \u00fcber die neue La Marzocco Home App gesteuert werden, die im AppStore und bei GooglePlay erh\u00e4ltlich ist.\" \/>\n<meta property=\"og:url\" content=\"https:\/\/lamarzocco-de-update.testsuite.it\/de\/produkt\/linea-micra-silver-satin\/\" \/>\n<meta property=\"og:site_name\" content=\"La Marzocco\" \/>\n<meta property=\"article:modified_time\" content=\"2025-10-07T13:51:38+00:00\" \/>\n<meta property=\"og:image\" content=\"https:\/\/lamarzocco-de-update.testsuite.it\/wp-content\/uploads\/2025\/08\/1200x900_Micra-Silver-Satin-front.png\" \/>\n\t<meta property=\"og:image:width\" content=\"1200\" \/>\n\t<meta property=\"og:image:height\" content=\"900\" \/>\n\t<meta property=\"og:image:type\" content=\"image\/png\" \/>\n<meta name=\"twitter:card\" content=\"summary_large_image\" \/>\n<meta name=\"twitter:label1\" content=\"Gesch\u00e4tzte Lesezeit\" \/>\n\t<meta name=\"twitter:data1\" content=\"1\u00a0Minute\" \/>\n<script type=\"application\/ld+json\" class=\"yoast-schema-graph\">{\"@context\":\"https:\/\/schema.org\",\"@graph\":[{\"@type\":\"ImageObject\",\"inLanguage\":\"de\",\"@id\":\"https:\/\/lamarzocco-de-update.testsuite.it\/de\/produkt\/linea-micra-silver-satin\/#primaryimage\",\"url\":\"https:\/\/lamarzocco-de-update.testsuite.it\/wp-content\/uploads\/2025\/08\/1200x900_Micra-Silver-Satin-front.png\",\"contentUrl\":\"https:\/\/lamarzocco-de-update.testsuite.it\/wp-content\/uploads\/2025\/08\/1200x900_Micra-Silver-Satin-front.png\",\"width\":1200,\"height\":900}]}<\/script>\n<!-- \/ Yoast SEO plugin. -->","yoast_head_json":{"title":"Linea Micra Silver Satin - La Marzocco","robots":{"index":"index","follow":"follow","max-snippet":"max-snippet:-1","max-image-preview":"max-image-preview:large","max-video-preview":"max-video-preview:-1"},"canonical":"https:\/\/lamarzocco-de-update.testsuite.it\/de\/produkt\/linea-micra-silver-satin\/","og_locale":"de_DE","og_type":"article","og_title":"Linea Micra Silver Satin - La Marzocco","og_description":"Die Linea Micra ist eine kompakte, benutzerfreundliche Espressomaschine f\u00fcr zuhause mit der leistungsstarken Performance, die dem Namen La Marzocco Ehre macht. Als verkleinerte Version der Linea Classic S kombiniert die Linea Micra ein dynamisches Funktionsset und ein kleines Geh\u00e4use, das es dir erm\u00f6glicht, die Welt des Espressos zu erkunden.  Einfache Einrichtung, kurze Aufheizzeiten und alle wesentlichen Werkzeuge machen das Einstellen deiner morgendlichen Routine einfach. Klare Linien und ein zeitloses \u00e4sthetisches Design, inspiriert von einer langen Reihe von Espresso-Ikonen. Die Micra ist in sieben Farben erh\u00e4ltlich, um jede Heimk\u00fcche zu einem Caf\u00e9 zu machen.  Dank ihrer neuen Elektronik kann die Linea Micra jetzt mit dem Internet verbunden und \u00fcber die neue La Marzocco Home App gesteuert werden, die im AppStore und bei GooglePlay erh\u00e4ltlich ist.","og_url":"https:\/\/lamarzocco-de-update.testsuite.it\/de\/produkt\/linea-micra-silver-satin\/","og_site_name":"La Marzocco","article_modified_time":"2025-10-07T13:51:38+00:00","og_image":[{"width":1200,"height":900,"url":"https:\/\/lamarzocco-de-update.testsuite.it\/wp-content\/uploads\/2025\/08\/1200x900_Micra-Silver-Satin-front.png","type":"image\/png"}],"twitter_card":"summary_large_image","twitter_misc":{"Gesch\u00e4tzte Lesezeit":"1\u00a0Minute"},"schema":{"@context":"https:\/\/schema.org","@graph":[{"@type":"ImageObject","inLanguage":"de","@id":"https:\/\/lamarzocco-de-update.testsuite.it\/de\/produkt\/linea-micra-silver-satin\/#primaryimage","url":"https:\/\/lamarzocco-de-update.testsuite.it\/wp-content\/uploads\/2025\/08\/1200x900_Micra-Silver-Satin-front.png","contentUrl":"https:\/\/lamarzocco-de-update.testsuite.it\/wp-content\/uploads\/2025\/08\/1200x900_Micra-Silver-Satin-front.png","width":1200,"height":900}]}},"custom_fields":{"_sku":"","_price":"3546.20"},"_links":{"self":[{"href":"https:\/\/lamarzocco-de-update.testsuite.it\/de\/wp-json\/wp\/v2\/product\/25324","targetHints":{"allow":["GET"]}}],"collection":[{"href":"https:\/\/lamarzocco-de-update.testsuite.it\/de\/wp-json\/wp\/v2\/product"}],"about":[{"href":"https:\/\/lamarzocco-de-update.testsuite.it\/de\/wp-json\/wp\/v2\/types\/product"}],"wp:featuredmedia":[{"embeddable":true,"href":"https:\/\/lamarzocco-de-update.testsuite.it\/de\/wp-json\/wp\/v2\/media\/25480"}],"wp:attachment":[{"href":"https:\/\/lamarzocco-de-update.testsuite.it\/de\/wp-json\/wp\/v2\/media?parent=25324"}],"wp:term":[{"taxonomy":"product_brand","embeddable":true,"href":"https:\/\/lamarzocco-de-update.testsuite.it\/de\/wp-json\/wp\/v2\/product_brand?post=25324"},{"taxonomy":"product_cat","embeddable":true,"href":"https:\/\/lamarzocco-de-update.testsuite.it\/de\/wp-json\/wp\/v2\/product_cat?post=25324"},{"taxonomy":"product_tag","embeddable":true,"href":"https:\/\/lamarzocco-de-update.testsuite.it\/de\/wp-json\/wp\/v2\/product_tag?post=25324"}],"curies":[{"name":"wp","href":"https:\/\/api.w.org\/{rel}","templated":true}]}}