{"id":2530,"date":"2023-04-20T11:51:32","date_gmt":"2023-04-20T09:51:32","guid":{"rendered":"https:\/\/lamarzocco-de-update.testsuite.it\/product\/maple-wood-lux-d-customization-kit\/"},"modified":"2024-01-29T16:38:32","modified_gmt":"2024-01-29T15:38:32","slug":"ahornholz-kit-fur-lux-d","status":"publish","type":"product","link":"https:\/\/lamarzocco-de-update.testsuite.it\/de\/produkt\/ahornholz-kit-fur-lux-d\/","title":{"rendered":"Ahornholz-Kit f\u00fcr Lux\u00a0D"},"content":{"rendered":"","protected":false},"excerpt":{"rendered":"<p>Personalisiere deine Mazzer Lux\u00a0D mit dem Ahornholz-Kit f\u00fcr Lux\u00a0D.<\/p>\n<p>Jedes Zubeh\u00f6rset besteht aus einem Trichterdeckel, einem Spenderdeckel und einem Mahlringhebel und ersetzt das schwarze Standardzubeh\u00f6r der Mazzer Lux\u00a0D.<\/p>\n<p>Diese Zubeh\u00f6rteile sind einfach zu installieren und bieten eine hervorragende M\u00f6glichkeit, dein t\u00e4gliches Kaffeeritual optisch und haptisch aufzuwerten.<\/p>\n","protected":false},"featured_media":2938,"template":"","meta":{"_acf_changed":false},"product_brand":[],"product_cat":[35,164],"product_tag":[],"class_list":{"0":"post-2530","1":"product","2":"type-product","3":"status-publish","4":"has-post-thumbnail","6":"product_cat-custom-parts","7":"product_cat-lux-d","9":"first","10":"outofstock","11":"taxable","12":"shipping-taxable","13":"purchasable","14":"product-type-simple"},"composite_virtual":false,"composite_layout":"","composite_add_to_cart_form_location":"","composite_editable_in_cart":false,"composite_sold_individually_context":"","composite_shop_price_calc":"","composite_components":[],"composite_scenarios":[],"bundled_by":[],"bundle_stock_status":"outofstock","bundle_stock_quantity":null,"bundle_virtual":false,"bundle_layout":"","bundle_add_to_cart_form_location":"","bundle_editable_in_cart":false,"bundle_sold_individually_context":"","bundle_item_grouping":"","bundle_min_size":"","bundle_max_size":"","bundle_price":[],"bundled_items":[],"bundle_sell_ids":[],"acf":{"product_landing_page":"","force_redirect":false,"accordion":null},"yoast_head":"<!-- This site is optimized with the Yoast SEO plugin v25.4 - https:\/\/yoast.com\/wordpress\/plugins\/seo\/ -->\n<title>Ahornholz-Kit f\u00fcr Lux\u00a0D - La Marzocco<\/title>\n<meta name=\"robots\" content=\"index, follow, max-snippet:-1, max-image-preview:large, max-video-preview:-1\" \/>\n<link rel=\"canonical\" href=\"https:\/\/lamarzocco-de-update.testsuite.it\/de\/produkt\/ahornholz-kit-fur-lux-d\/\" \/>\n<meta property=\"og:locale\" content=\"de_DE\" \/>\n<meta property=\"og:type\" content=\"article\" \/>\n<meta property=\"og:title\" content=\"Ahornholz-Kit f\u00fcr Lux\u00a0D - La Marzocco\" \/>\n<meta property=\"og:description\" content=\"Personalisiere deine Mazzer Lux\u00a0D mit dem Ahornholz-Kit f\u00fcr Lux\u00a0D.  Jedes Zubeh\u00f6rset besteht aus einem Trichterdeckel, einem Spenderdeckel und einem Mahlringhebel und ersetzt das schwarze Standardzubeh\u00f6r der Mazzer Lux\u00a0D.  Diese Zubeh\u00f6rteile sind einfach zu installieren und bieten eine hervorragende M\u00f6glichkeit, dein t\u00e4gliches Kaffeeritual optisch und haptisch aufzuwerten.\" \/>\n<meta property=\"og:url\" content=\"https:\/\/lamarzocco-de-update.testsuite.it\/de\/produkt\/ahornholz-kit-fur-lux-d\/\" \/>\n<meta property=\"og:site_name\" content=\"La Marzocco\" \/>\n<meta property=\"article:modified_time\" content=\"2024-01-29T15:38:32+00:00\" \/>\n<meta property=\"og:image\" content=\"https:\/\/lamarzocco-de-update.testsuite.it\/wp-content\/uploads\/2023\/04\/Y.169.png\" \/>\n\t<meta property=\"og:image:width\" content=\"1200\" \/>\n\t<meta property=\"og:image:height\" content=\"1200\" \/>\n\t<meta property=\"og:image:type\" content=\"image\/png\" \/>\n<meta name=\"twitter:card\" content=\"summary_large_image\" \/>\n<script type=\"application\/ld+json\" class=\"yoast-schema-graph\">{\"@context\":\"https:\/\/schema.org\",\"@graph\":[{\"@type\":\"ImageObject\",\"inLanguage\":\"de\",\"@id\":\"https:\/\/lamarzocco-de-update.testsuite.it\/de\/produkt\/ahornholz-kit-fur-lux-d\/#primaryimage\",\"url\":\"https:\/\/lamarzocco-de-update.testsuite.it\/wp-content\/uploads\/2023\/04\/Y.169.png\",\"contentUrl\":\"https:\/\/lamarzocco-de-update.testsuite.it\/wp-content\/uploads\/2023\/04\/Y.169.png\",\"width\":1200,\"height\":1200}]}<\/script>\n<!-- \/ Yoast SEO plugin. -->","yoast_head_json":{"title":"Ahornholz-Kit f\u00fcr Lux\u00a0D - La Marzocco","robots":{"index":"index","follow":"follow","max-snippet":"max-snippet:-1","max-image-preview":"max-image-preview:large","max-video-preview":"max-video-preview:-1"},"canonical":"https:\/\/lamarzocco-de-update.testsuite.it\/de\/produkt\/ahornholz-kit-fur-lux-d\/","og_locale":"de_DE","og_type":"article","og_title":"Ahornholz-Kit f\u00fcr Lux\u00a0D - La Marzocco","og_description":"Personalisiere deine Mazzer Lux\u00a0D mit dem Ahornholz-Kit f\u00fcr Lux\u00a0D.  Jedes Zubeh\u00f6rset besteht aus einem Trichterdeckel, einem Spenderdeckel und einem Mahlringhebel und ersetzt das schwarze Standardzubeh\u00f6r der Mazzer Lux\u00a0D.  Diese Zubeh\u00f6rteile sind einfach zu installieren und bieten eine hervorragende M\u00f6glichkeit, dein t\u00e4gliches Kaffeeritual optisch und haptisch aufzuwerten.","og_url":"https:\/\/lamarzocco-de-update.testsuite.it\/de\/produkt\/ahornholz-kit-fur-lux-d\/","og_site_name":"La Marzocco","article_modified_time":"2024-01-29T15:38:32+00:00","og_image":[{"width":1200,"height":1200,"url":"https:\/\/lamarzocco-de-update.testsuite.it\/wp-content\/uploads\/2023\/04\/Y.169.png","type":"image\/png"}],"twitter_card":"summary_large_image","schema":{"@context":"https:\/\/schema.org","@graph":[{"@type":"ImageObject","inLanguage":"de","@id":"https:\/\/lamarzocco-de-update.testsuite.it\/de\/produkt\/ahornholz-kit-fur-lux-d\/#primaryimage","url":"https:\/\/lamarzocco-de-update.testsuite.it\/wp-content\/uploads\/2023\/04\/Y.169.png","contentUrl":"https:\/\/lamarzocco-de-update.testsuite.it\/wp-content\/uploads\/2023\/04\/Y.169.png","width":1200,"height":1200}]}},"custom_fields":{"_sku":"Y.169","_price":"198.73"},"_links":{"self":[{"href":"https:\/\/lamarzocco-de-update.testsuite.it\/de\/wp-json\/wp\/v2\/product\/2530","targetHints":{"allow":["GET"]}}],"collection":[{"href":"https:\/\/lamarzocco-de-update.testsuite.it\/de\/wp-json\/wp\/v2\/product"}],"about":[{"href":"https:\/\/lamarzocco-de-update.testsuite.it\/de\/wp-json\/wp\/v2\/types\/product"}],"wp:featuredmedia":[{"embeddable":true,"href":"https:\/\/lamarzocco-de-update.testsuite.it\/de\/wp-json\/wp\/v2\/media\/2938"}],"wp:attachment":[{"href":"https:\/\/lamarzocco-de-update.testsuite.it\/de\/wp-json\/wp\/v2\/media?parent=2530"}],"wp:term":[{"taxonomy":"product_brand","embeddable":true,"href":"https:\/\/lamarzocco-de-update.testsuite.it\/de\/wp-json\/wp\/v2\/product_brand?post=2530"},{"taxonomy":"product_cat","embeddable":true,"href":"https:\/\/lamarzocco-de-update.testsuite.it\/de\/wp-json\/wp\/v2\/product_cat?post=2530"},{"taxonomy":"product_tag","embeddable":true,"href":"https:\/\/lamarzocco-de-update.testsuite.it\/de\/wp-json\/wp\/v2\/product_tag?post=2530"}],"curies":[{"name":"wp","href":"https:\/\/api.w.org\/{rel}","templated":true}]}}