{"id":2526,"date":"2023-04-20T11:51:32","date_gmt":"2023-04-20T09:51:32","guid":{"rendered":"https:\/\/lamarzocco-de-update.testsuite.it\/product\/maple-wood-paddle-cover\/"},"modified":"2024-03-19T14:32:52","modified_gmt":"2024-03-19T13:32:52","slug":"maple-wood-paddle-cover","status":"publish","type":"product","link":"https:\/\/lamarzocco-de-update.testsuite.it\/de\/produkt\/maple-wood-paddle-cover\/","title":{"rendered":"Maple wood paddle cover"},"content":{"rendered":"","protected":false},"excerpt":{"rendered":"<p>Maple wood custom version with steel inserts of the classic Linea Mini black paddle cover.<\/p>\n<p>It ensures the same quality standards as all La Marzocco components giving your machine a refined and elegant look.<\/p>\n<p><strong>Nicht f\u00fcr Linea Mini R geeignet.<\/strong><\/p>\n","protected":false},"featured_media":3322,"template":"","meta":{"_acf_changed":false},"product_brand":[],"product_cat":[35,163],"product_tag":[],"class_list":{"0":"post-2526","1":"product","2":"type-product","3":"status-publish","4":"has-post-thumbnail","6":"product_cat-custom-parts","7":"product_cat-linea-mini","9":"first","10":"outofstock","11":"taxable","12":"shipping-taxable","13":"purchasable","14":"product-type-simple"},"composite_virtual":false,"composite_layout":"","composite_add_to_cart_form_location":"","composite_editable_in_cart":false,"composite_sold_individually_context":"","composite_shop_price_calc":"","composite_components":[],"composite_scenarios":[],"bundled_by":[],"bundle_stock_status":"outofstock","bundle_stock_quantity":null,"bundle_virtual":false,"bundle_layout":"","bundle_add_to_cart_form_location":"","bundle_editable_in_cart":false,"bundle_sold_individually_context":"","bundle_item_grouping":"","bundle_min_size":"","bundle_max_size":"","bundle_price":[],"bundled_items":[],"bundle_sell_ids":[],"acf":{"product_landing_page":"","force_redirect":false,"accordion":null},"yoast_head":"<!-- This site is optimized with the Yoast SEO plugin v25.4 - https:\/\/yoast.com\/wordpress\/plugins\/seo\/ -->\n<title>Maple wood paddle cover - La Marzocco<\/title>\n<meta name=\"robots\" content=\"index, follow, max-snippet:-1, max-image-preview:large, max-video-preview:-1\" \/>\n<link rel=\"canonical\" href=\"https:\/\/lamarzocco-de-update.testsuite.it\/de\/produkt\/maple-wood-paddle-cover\/\" \/>\n<meta property=\"og:locale\" content=\"de_DE\" \/>\n<meta property=\"og:type\" content=\"article\" \/>\n<meta property=\"og:title\" content=\"Maple wood paddle cover - La Marzocco\" \/>\n<meta property=\"og:description\" content=\"Maple wood custom version with steel inserts of the classic Linea Mini black paddle cover.  It ensures the same quality standards as all La Marzocco components giving your machine a refined and elegant look.  Nicht f\u00fcr Linea Mini R geeignet.\" \/>\n<meta property=\"og:url\" content=\"https:\/\/lamarzocco-de-update.testsuite.it\/de\/produkt\/maple-wood-paddle-cover\/\" \/>\n<meta property=\"og:site_name\" content=\"La Marzocco\" \/>\n<meta property=\"article:modified_time\" content=\"2024-03-19T13:32:52+00:00\" \/>\n<meta property=\"og:image\" content=\"https:\/\/lamarzocco-de-update.testsuite.it\/wp-content\/uploads\/2023\/06\/C.2065.MW_.png\" \/>\n\t<meta property=\"og:image:width\" content=\"1200\" \/>\n\t<meta property=\"og:image:height\" content=\"1200\" \/>\n\t<meta property=\"og:image:type\" content=\"image\/png\" \/>\n<meta name=\"twitter:card\" content=\"summary_large_image\" \/>\n<script type=\"application\/ld+json\" class=\"yoast-schema-graph\">{\"@context\":\"https:\/\/schema.org\",\"@graph\":[{\"@type\":\"ImageObject\",\"inLanguage\":\"de\",\"@id\":\"https:\/\/lamarzocco-de-update.testsuite.it\/de\/produkt\/maple-wood-paddle-cover\/#primaryimage\",\"url\":\"https:\/\/lamarzocco-de-update.testsuite.it\/wp-content\/uploads\/2023\/06\/C.2065.MW_.png\",\"contentUrl\":\"https:\/\/lamarzocco-de-update.testsuite.it\/wp-content\/uploads\/2023\/06\/C.2065.MW_.png\",\"width\":1200,\"height\":1200,\"caption\":\"Holzgriff f\u00fcr La Marzocco Espressomaschinen \u2013 ein ergonomisch geformtes Barista Tool aus hellem Holz mit Metalleinsatz. Dieses Zubeh\u00f6rteil eignet sich perfekt zur individuellen Aufwertung professioneller Siebtr\u00e4germaschinen im Caf\u00e9-Equipment und unterst\u00fctzt eine pr\u00e4zise und komfortable Kaffeezubereitung.\"}]}<\/script>\n<!-- \/ Yoast SEO plugin. -->","yoast_head_json":{"title":"Maple wood paddle cover - La Marzocco","robots":{"index":"index","follow":"follow","max-snippet":"max-snippet:-1","max-image-preview":"max-image-preview:large","max-video-preview":"max-video-preview:-1"},"canonical":"https:\/\/lamarzocco-de-update.testsuite.it\/de\/produkt\/maple-wood-paddle-cover\/","og_locale":"de_DE","og_type":"article","og_title":"Maple wood paddle cover - La Marzocco","og_description":"Maple wood custom version with steel inserts of the classic Linea Mini black paddle cover.  It ensures the same quality standards as all La Marzocco components giving your machine a refined and elegant look.  Nicht f\u00fcr Linea Mini R geeignet.","og_url":"https:\/\/lamarzocco-de-update.testsuite.it\/de\/produkt\/maple-wood-paddle-cover\/","og_site_name":"La Marzocco","article_modified_time":"2024-03-19T13:32:52+00:00","og_image":[{"width":1200,"height":1200,"url":"https:\/\/lamarzocco-de-update.testsuite.it\/wp-content\/uploads\/2023\/06\/C.2065.MW_.png","type":"image\/png"}],"twitter_card":"summary_large_image","schema":{"@context":"https:\/\/schema.org","@graph":[{"@type":"ImageObject","inLanguage":"de","@id":"https:\/\/lamarzocco-de-update.testsuite.it\/de\/produkt\/maple-wood-paddle-cover\/#primaryimage","url":"https:\/\/lamarzocco-de-update.testsuite.it\/wp-content\/uploads\/2023\/06\/C.2065.MW_.png","contentUrl":"https:\/\/lamarzocco-de-update.testsuite.it\/wp-content\/uploads\/2023\/06\/C.2065.MW_.png","width":1200,"height":1200,"caption":"Holzgriff f\u00fcr La Marzocco Espressomaschinen \u2013 ein ergonomisch geformtes Barista Tool aus hellem Holz mit Metalleinsatz. Dieses Zubeh\u00f6rteil eignet sich perfekt zur individuellen Aufwertung professioneller Siebtr\u00e4germaschinen im Caf\u00e9-Equipment und unterst\u00fctzt eine pr\u00e4zise und komfortable Kaffeezubereitung."}]}},"custom_fields":{"_sku":"C.2065.MW","_price":"214.2"},"_links":{"self":[{"href":"https:\/\/lamarzocco-de-update.testsuite.it\/de\/wp-json\/wp\/v2\/product\/2526","targetHints":{"allow":["GET"]}}],"collection":[{"href":"https:\/\/lamarzocco-de-update.testsuite.it\/de\/wp-json\/wp\/v2\/product"}],"about":[{"href":"https:\/\/lamarzocco-de-update.testsuite.it\/de\/wp-json\/wp\/v2\/types\/product"}],"wp:featuredmedia":[{"embeddable":true,"href":"https:\/\/lamarzocco-de-update.testsuite.it\/de\/wp-json\/wp\/v2\/media\/3322"}],"wp:attachment":[{"href":"https:\/\/lamarzocco-de-update.testsuite.it\/de\/wp-json\/wp\/v2\/media?parent=2526"}],"wp:term":[{"taxonomy":"product_brand","embeddable":true,"href":"https:\/\/lamarzocco-de-update.testsuite.it\/de\/wp-json\/wp\/v2\/product_brand?post=2526"},{"taxonomy":"product_cat","embeddable":true,"href":"https:\/\/lamarzocco-de-update.testsuite.it\/de\/wp-json\/wp\/v2\/product_cat?post=2526"},{"taxonomy":"product_tag","embeddable":true,"href":"https:\/\/lamarzocco-de-update.testsuite.it\/de\/wp-json\/wp\/v2\/product_tag?post=2526"}],"curies":[{"name":"wp","href":"https:\/\/api.w.org\/{rel}","templated":true}]}}