{"id":2501,"date":"2023-04-20T11:51:30","date_gmt":"2023-04-20T09:51:30","guid":{"rendered":"https:\/\/lamarzocco-de-update.testsuite.it\/product\/walnut-wood-customization-kit\/"},"modified":"2025-02-21T17:08:18","modified_gmt":"2025-02-21T16:08:18","slug":"walnussholz-kit","status":"publish","type":"product","link":"https:\/\/lamarzocco-de-update.testsuite.it\/de\/produkt\/walnussholz-kit\/","title":{"rendered":"Walnussholz-Kit"},"content":{"rendered":"","protected":false},"excerpt":{"rendered":"<p>G\u00f6nne deiner Linea Mini mit dem eleganten Walnussholz-Kit ein Upgrade. Das Kit beinhaltet das Gruppenpaddel, die Paddelabdeckung und die beiden aktivierenden Drehgriffe. Sieh dir dieses Videotutorial an, um zu erfahren, wie du die Komponenten ganz einfach Schritt f\u00fcr Schritt austauschst.<\/p>\n<p><strong>Nicht f\u00fcr Linea Mini R geeignet.<\/strong><\/p>\n<p>https:\/\/www.youtube.com\/watch?v=ZEMh5IrtLd4&amp;list=PLXlbJJDtUkk9RLOfEkjEjhIZ8OsEHAyeM&amp;index=15&amp;t=34s&amp;ab_channel=LaMarzoccoHome<\/p>\n","protected":false},"featured_media":16349,"template":"","meta":{"_acf_changed":false},"product_brand":[],"product_cat":[35,163],"product_tag":[],"class_list":{"0":"post-2501","1":"product","2":"type-product","3":"status-publish","4":"has-post-thumbnail","6":"product_cat-custom-parts","7":"product_cat-linea-mini","9":"first","10":"instock","11":"taxable","12":"shipping-taxable","13":"purchasable","14":"product-type-simple"},"composite_virtual":false,"composite_layout":"","composite_add_to_cart_form_location":"","composite_editable_in_cart":false,"composite_sold_individually_context":"","composite_shop_price_calc":"","composite_components":[],"composite_scenarios":[],"bundled_by":[],"bundle_stock_status":"instock","bundle_stock_quantity":7,"bundle_virtual":false,"bundle_layout":"","bundle_add_to_cart_form_location":"","bundle_editable_in_cart":false,"bundle_sold_individually_context":"","bundle_item_grouping":"","bundle_min_size":"","bundle_max_size":"","bundle_price":[],"bundled_items":[],"bundle_sell_ids":[],"acf":{"product_landing_page":"","force_redirect":false,"accordion":null},"yoast_head":"<!-- This site is optimized with the Yoast SEO plugin v25.4 - https:\/\/yoast.com\/wordpress\/plugins\/seo\/ -->\n<title>La Marzocco Linea Mini Custom Kit \u00bb Walnuss Kit<\/title>\n<meta name=\"description\" content=\"II\u27a4 La Marzocco Linea Mini Custom Kit \u27a5 Hochwertiges Kit aus Walnussholz \u2713 Edles Design \u2713 F\u00fcr individuelle Anpassungen der Linea Mini \u2713.\" \/>\n<meta name=\"robots\" content=\"index, follow, max-snippet:-1, max-image-preview:large, max-video-preview:-1\" \/>\n<link rel=\"canonical\" href=\"https:\/\/lamarzocco-de-update.testsuite.it\/de\/produkt\/walnussholz-kit\/\" \/>\n<meta property=\"og:locale\" content=\"de_DE\" \/>\n<meta property=\"og:type\" content=\"article\" \/>\n<meta property=\"og:title\" content=\"La Marzocco Linea Mini Custom Kit \u00bb Walnuss Kit\" \/>\n<meta property=\"og:description\" content=\"II\u27a4 La Marzocco Linea Mini Custom Kit \u27a5 Hochwertiges Kit aus Walnussholz \u2713 Edles Design \u2713 F\u00fcr individuelle Anpassungen der Linea Mini \u2713.\" \/>\n<meta property=\"og:url\" content=\"https:\/\/lamarzocco-de-update.testsuite.it\/de\/produkt\/walnussholz-kit\/\" \/>\n<meta property=\"og:site_name\" content=\"La Marzocco\" \/>\n<meta property=\"article:modified_time\" content=\"2025-02-21T16:08:18+00:00\" \/>\n<meta property=\"og:image\" content=\"https:\/\/lamarzocco-de-update.testsuite.it\/wp-content\/uploads\/2023\/04\/Y.148.png\" \/>\n\t<meta property=\"og:image:width\" content=\"600\" \/>\n\t<meta property=\"og:image:height\" content=\"600\" \/>\n\t<meta property=\"og:image:type\" content=\"image\/png\" \/>\n<meta name=\"twitter:card\" content=\"summary_large_image\" \/>\n<meta name=\"twitter:label1\" content=\"Gesch\u00e4tzte Lesezeit\" \/>\n\t<meta name=\"twitter:data1\" content=\"1\u00a0Minute\" \/>\n<script type=\"application\/ld+json\" class=\"yoast-schema-graph\">{\"@context\":\"https:\/\/schema.org\",\"@graph\":[{\"@type\":\"ImageObject\",\"inLanguage\":\"de\",\"@id\":\"https:\/\/lamarzocco-de-update.testsuite.it\/de\/produkt\/walnussholz-kit\/#primaryimage\",\"url\":\"https:\/\/lamarzocco-de-update.testsuite.it\/wp-content\/uploads\/2023\/04\/Y.148.png\",\"contentUrl\":\"https:\/\/lamarzocco-de-update.testsuite.it\/wp-content\/uploads\/2023\/04\/Y.148.png\",\"width\":600,\"height\":600,\"caption\":\"La Marzocco Zubeh\u00f6rset aus Holz und Edelstahl \u2013 bestehend aus zwei Espresso-Tools (Tamper & Distributor), Halterung und Wandhalter. Hochwertiges Barista-Zubeh\u00f6r f\u00fcr Siebtr\u00e4germaschinen, ideal f\u00fcr stilvolles Kaffeewerkzeug in der Gastronomie oder zu Hause\"}]}<\/script>\n<!-- \/ Yoast SEO plugin. -->","yoast_head_json":{"title":"La Marzocco Linea Mini Custom Kit \u00bb Walnuss Kit","description":"II\u27a4 La Marzocco Linea Mini Custom Kit \u27a5 Hochwertiges Kit aus Walnussholz \u2713 Edles Design \u2713 F\u00fcr individuelle Anpassungen der Linea Mini \u2713.","robots":{"index":"index","follow":"follow","max-snippet":"max-snippet:-1","max-image-preview":"max-image-preview:large","max-video-preview":"max-video-preview:-1"},"canonical":"https:\/\/lamarzocco-de-update.testsuite.it\/de\/produkt\/walnussholz-kit\/","og_locale":"de_DE","og_type":"article","og_title":"La Marzocco Linea Mini Custom Kit \u00bb Walnuss Kit","og_description":"II\u27a4 La Marzocco Linea Mini Custom Kit \u27a5 Hochwertiges Kit aus Walnussholz \u2713 Edles Design \u2713 F\u00fcr individuelle Anpassungen der Linea Mini \u2713.","og_url":"https:\/\/lamarzocco-de-update.testsuite.it\/de\/produkt\/walnussholz-kit\/","og_site_name":"La Marzocco","article_modified_time":"2025-02-21T16:08:18+00:00","og_image":[{"width":600,"height":600,"url":"https:\/\/lamarzocco-de-update.testsuite.it\/wp-content\/uploads\/2023\/04\/Y.148.png","type":"image\/png"}],"twitter_card":"summary_large_image","twitter_misc":{"Gesch\u00e4tzte Lesezeit":"1\u00a0Minute"},"schema":{"@context":"https:\/\/schema.org","@graph":[{"@type":"ImageObject","inLanguage":"de","@id":"https:\/\/lamarzocco-de-update.testsuite.it\/de\/produkt\/walnussholz-kit\/#primaryimage","url":"https:\/\/lamarzocco-de-update.testsuite.it\/wp-content\/uploads\/2023\/04\/Y.148.png","contentUrl":"https:\/\/lamarzocco-de-update.testsuite.it\/wp-content\/uploads\/2023\/04\/Y.148.png","width":600,"height":600,"caption":"La Marzocco Zubeh\u00f6rset aus Holz und Edelstahl \u2013 bestehend aus zwei Espresso-Tools (Tamper & Distributor), Halterung und Wandhalter. Hochwertiges Barista-Zubeh\u00f6r f\u00fcr Siebtr\u00e4germaschinen, ideal f\u00fcr stilvolles Kaffeewerkzeug in der Gastronomie oder zu Hause"}]}},"custom_fields":{"_sku":"Y.148","_price":"642.6"},"_links":{"self":[{"href":"https:\/\/lamarzocco-de-update.testsuite.it\/de\/wp-json\/wp\/v2\/product\/2501","targetHints":{"allow":["GET"]}}],"collection":[{"href":"https:\/\/lamarzocco-de-update.testsuite.it\/de\/wp-json\/wp\/v2\/product"}],"about":[{"href":"https:\/\/lamarzocco-de-update.testsuite.it\/de\/wp-json\/wp\/v2\/types\/product"}],"wp:featuredmedia":[{"embeddable":true,"href":"https:\/\/lamarzocco-de-update.testsuite.it\/de\/wp-json\/wp\/v2\/media\/16349"}],"wp:attachment":[{"href":"https:\/\/lamarzocco-de-update.testsuite.it\/de\/wp-json\/wp\/v2\/media?parent=2501"}],"wp:term":[{"taxonomy":"product_brand","embeddable":true,"href":"https:\/\/lamarzocco-de-update.testsuite.it\/de\/wp-json\/wp\/v2\/product_brand?post=2501"},{"taxonomy":"product_cat","embeddable":true,"href":"https:\/\/lamarzocco-de-update.testsuite.it\/de\/wp-json\/wp\/v2\/product_cat?post=2501"},{"taxonomy":"product_tag","embeddable":true,"href":"https:\/\/lamarzocco-de-update.testsuite.it\/de\/wp-json\/wp\/v2\/product_tag?post=2501"}],"curies":[{"name":"wp","href":"https:\/\/api.w.org\/{rel}","templated":true}]}}