{"id":2494,"date":"2023-04-20T11:51:30","date_gmt":"2023-04-20T09:51:30","guid":{"rendered":"https:\/\/lamarzocco-de-update.testsuite.it\/product\/espresso-machine-cleaning-powder\/"},"modified":"2025-11-09T20:14:06","modified_gmt":"2025-11-09T19:14:06","slug":"reinigungsmittel-fur-espressomaschine","status":"publish","type":"product","link":"https:\/\/lamarzocco-de-update.testsuite.it\/de\/produkt\/reinigungsmittel-fur-espressomaschine\/","title":{"rendered":"Reinigungsmittel f\u00fcr Espressomaschine"},"content":{"rendered":"","protected":false},"excerpt":{"rendered":"<p>Das Puro Caff Pulver von La\u00a0Marzocco ist ein Reinigungsmittel aus nat\u00fcrlichen, biologisch abbaubaren und phosphatfreien Inhaltsstoffen. Beseitigt \u00fcbersch\u00fcssige Kaffeereste aus der Br\u00fchgruppe und kann als L\u00f6sung zum Einweichen f\u00fcr Filtersiebe und Siebtr\u00e4gersiebe verwendet werden. Mit Puro Caff lassen sich auch eine Vielzahl von Glas-, Keramik- und Edelstahlprodukten f\u00fcr die Kaffeezubereitung reinigen. Erh\u00e4ltlich in 566-g-Flaschen.<\/p>\n","protected":false},"featured_media":24936,"template":"","meta":{"_acf_changed":false},"product_brand":[],"product_cat":[31,32],"product_tag":[],"class_list":{"0":"post-2494","1":"product","2":"type-product","3":"status-publish","4":"has-post-thumbnail","6":"product_cat-barista-essential","7":"product_cat-tools","9":"first","10":"instock","11":"taxable","12":"shipping-taxable","13":"purchasable","14":"product-type-simple"},"composite_virtual":false,"composite_layout":"","composite_add_to_cart_form_location":"","composite_editable_in_cart":false,"composite_sold_individually_context":"","composite_shop_price_calc":"","composite_components":[],"composite_scenarios":[],"bundled_by":[],"bundle_stock_status":"instock","bundle_stock_quantity":9,"bundle_virtual":false,"bundle_layout":"","bundle_add_to_cart_form_location":"","bundle_editable_in_cart":false,"bundle_sold_individually_context":"","bundle_item_grouping":"","bundle_min_size":"","bundle_max_size":"","bundle_price":[],"bundled_items":[],"bundle_sell_ids":[],"acf":{"product_landing_page":"","force_redirect":false,"accordion":null},"yoast_head":"<!-- This site is optimized with the Yoast SEO plugin v25.4 - https:\/\/yoast.com\/wordpress\/plugins\/seo\/ -->\n<title>Reinigungsmittel f\u00fcr Espressomaschine - La Marzocco<\/title>\n<meta name=\"robots\" content=\"index, follow, max-snippet:-1, max-image-preview:large, max-video-preview:-1\" \/>\n<link rel=\"canonical\" href=\"https:\/\/lamarzocco-de-update.testsuite.it\/de\/produkt\/reinigungsmittel-fur-espressomaschine\/\" \/>\n<meta property=\"og:locale\" content=\"de_DE\" \/>\n<meta property=\"og:type\" content=\"article\" \/>\n<meta property=\"og:title\" content=\"Reinigungsmittel f\u00fcr Espressomaschine - La Marzocco\" \/>\n<meta property=\"og:description\" content=\"Das Puro Caff Pulver von La\u00a0Marzocco ist ein Reinigungsmittel aus nat\u00fcrlichen, biologisch abbaubaren und phosphatfreien Inhaltsstoffen. Beseitigt \u00fcbersch\u00fcssige Kaffeereste aus der Br\u00fchgruppe und kann als L\u00f6sung zum Einweichen f\u00fcr Filtersiebe und Siebtr\u00e4gersiebe verwendet werden. Mit Puro Caff lassen sich auch eine Vielzahl von Glas-, Keramik- und Edelstahlprodukten f\u00fcr die Kaffeezubereitung reinigen. Erh\u00e4ltlich in 566-g-Flaschen.\" \/>\n<meta property=\"og:url\" content=\"https:\/\/lamarzocco-de-update.testsuite.it\/de\/produkt\/reinigungsmittel-fur-espressomaschine\/\" \/>\n<meta property=\"og:site_name\" content=\"La Marzocco\" \/>\n<meta property=\"article:modified_time\" content=\"2025-11-09T19:14:06+00:00\" \/>\n<meta property=\"og:image\" content=\"https:\/\/lamarzocco-de-update.testsuite.it\/wp-content\/uploads\/2023\/04\/pro-pGpgNFKZ.jpeg\" \/>\n\t<meta property=\"og:image:width\" content=\"1428\" \/>\n\t<meta property=\"og:image:height\" content=\"1499\" \/>\n\t<meta property=\"og:image:type\" content=\"image\/jpeg\" \/>\n<meta name=\"twitter:card\" content=\"summary_large_image\" \/>\n<meta name=\"twitter:label1\" content=\"Gesch\u00e4tzte Lesezeit\" \/>\n\t<meta name=\"twitter:data1\" content=\"1\u00a0Minute\" \/>\n<script type=\"application\/ld+json\" class=\"yoast-schema-graph\">{\"@context\":\"https:\/\/schema.org\",\"@graph\":[{\"@type\":\"ImageObject\",\"inLanguage\":\"de\",\"@id\":\"https:\/\/lamarzocco-de-update.testsuite.it\/de\/produkt\/reinigungsmittel-fur-espressomaschine\/#primaryimage\",\"url\":\"https:\/\/lamarzocco-de-update.testsuite.it\/wp-content\/uploads\/2023\/04\/pro-pGpgNFKZ.jpeg\",\"contentUrl\":\"https:\/\/lamarzocco-de-update.testsuite.it\/wp-content\/uploads\/2023\/04\/pro-pGpgNFKZ.jpeg\",\"width\":1428,\"height\":1499}]}<\/script>\n<!-- \/ Yoast SEO plugin. -->","yoast_head_json":{"title":"Reinigungsmittel f\u00fcr Espressomaschine - La Marzocco","robots":{"index":"index","follow":"follow","max-snippet":"max-snippet:-1","max-image-preview":"max-image-preview:large","max-video-preview":"max-video-preview:-1"},"canonical":"https:\/\/lamarzocco-de-update.testsuite.it\/de\/produkt\/reinigungsmittel-fur-espressomaschine\/","og_locale":"de_DE","og_type":"article","og_title":"Reinigungsmittel f\u00fcr Espressomaschine - La Marzocco","og_description":"Das Puro Caff Pulver von La\u00a0Marzocco ist ein Reinigungsmittel aus nat\u00fcrlichen, biologisch abbaubaren und phosphatfreien Inhaltsstoffen. Beseitigt \u00fcbersch\u00fcssige Kaffeereste aus der Br\u00fchgruppe und kann als L\u00f6sung zum Einweichen f\u00fcr Filtersiebe und Siebtr\u00e4gersiebe verwendet werden. Mit Puro Caff lassen sich auch eine Vielzahl von Glas-, Keramik- und Edelstahlprodukten f\u00fcr die Kaffeezubereitung reinigen. Erh\u00e4ltlich in 566-g-Flaschen.","og_url":"https:\/\/lamarzocco-de-update.testsuite.it\/de\/produkt\/reinigungsmittel-fur-espressomaschine\/","og_site_name":"La Marzocco","article_modified_time":"2025-11-09T19:14:06+00:00","og_image":[{"width":1428,"height":1499,"url":"https:\/\/lamarzocco-de-update.testsuite.it\/wp-content\/uploads\/2023\/04\/pro-pGpgNFKZ.jpeg","type":"image\/jpeg"}],"twitter_card":"summary_large_image","twitter_misc":{"Gesch\u00e4tzte Lesezeit":"1\u00a0Minute"},"schema":{"@context":"https:\/\/schema.org","@graph":[{"@type":"ImageObject","inLanguage":"de","@id":"https:\/\/lamarzocco-de-update.testsuite.it\/de\/produkt\/reinigungsmittel-fur-espressomaschine\/#primaryimage","url":"https:\/\/lamarzocco-de-update.testsuite.it\/wp-content\/uploads\/2023\/04\/pro-pGpgNFKZ.jpeg","contentUrl":"https:\/\/lamarzocco-de-update.testsuite.it\/wp-content\/uploads\/2023\/04\/pro-pGpgNFKZ.jpeg","width":1428,"height":1499}]}},"custom_fields":{"_sku":"F.9.021","_price":"19.08"},"_links":{"self":[{"href":"https:\/\/lamarzocco-de-update.testsuite.it\/de\/wp-json\/wp\/v2\/product\/2494","targetHints":{"allow":["GET"]}}],"collection":[{"href":"https:\/\/lamarzocco-de-update.testsuite.it\/de\/wp-json\/wp\/v2\/product"}],"about":[{"href":"https:\/\/lamarzocco-de-update.testsuite.it\/de\/wp-json\/wp\/v2\/types\/product"}],"wp:featuredmedia":[{"embeddable":true,"href":"https:\/\/lamarzocco-de-update.testsuite.it\/de\/wp-json\/wp\/v2\/media\/24936"}],"wp:attachment":[{"href":"https:\/\/lamarzocco-de-update.testsuite.it\/de\/wp-json\/wp\/v2\/media?parent=2494"}],"wp:term":[{"taxonomy":"product_brand","embeddable":true,"href":"https:\/\/lamarzocco-de-update.testsuite.it\/de\/wp-json\/wp\/v2\/product_brand?post=2494"},{"taxonomy":"product_cat","embeddable":true,"href":"https:\/\/lamarzocco-de-update.testsuite.it\/de\/wp-json\/wp\/v2\/product_cat?post=2494"},{"taxonomy":"product_tag","embeddable":true,"href":"https:\/\/lamarzocco-de-update.testsuite.it\/de\/wp-json\/wp\/v2\/product_tag?post=2494"}],"curies":[{"name":"wp","href":"https:\/\/api.w.org\/{rel}","templated":true}]}}