{"id":2489,"date":"2023-04-20T11:51:30","date_gmt":"2023-04-20T09:51:30","guid":{"rendered":"https:\/\/lamarzocco-de-update.testsuite.it\/product\/brush-group-head\/"},"modified":"2025-09-11T08:30:58","modified_gmt":"2025-09-11T06:30:58","slug":"burste-bruhgruppe","status":"publish","type":"product","link":"https:\/\/lamarzocco-de-update.testsuite.it\/de\/produkt\/burste-bruhgruppe\/","title":{"rendered":"B\u00dcRSTE\u00a0\u2013 BR\u00dcHGRUPPE"},"content":{"rendered":"","protected":false},"excerpt":{"rendered":"<p>Die La\u00a0Marzocco Home B\u00fcrsten werden aus hochwertigem Holz gefertigt und sind ideal daf\u00fcr geeignet, deine Kaffeemaschine und Kaffeestation sauber und ordentlich zu halten. Mit der gro\u00dfen B\u00fcrste lassen sich Kaffeepulverreste leicht von der Arbeitsfl\u00e4che entfernen. Mit der kleinen B\u00fcrste k\u00f6nnen Filtersieb und Br\u00fchgruppendichtung ideal gereinigt werden\u00a0\u2013 ein einfacher Handgriff, damit die einzelnen Komponenten l\u00e4nger halten.<\/p>\n","protected":false},"featured_media":2925,"template":"","meta":{"_acf_changed":false},"product_brand":[],"product_cat":[31,32],"product_tag":[],"class_list":{"0":"post-2489","1":"product","2":"type-product","3":"status-publish","4":"has-post-thumbnail","6":"product_cat-barista-essential","7":"product_cat-tools","9":"first","10":"outofstock","11":"taxable","12":"shipping-taxable","13":"purchasable","14":"product-type-simple"},"composite_virtual":false,"composite_layout":"","composite_add_to_cart_form_location":"","composite_editable_in_cart":false,"composite_sold_individually_context":"","composite_shop_price_calc":"","composite_components":[],"composite_scenarios":[],"bundled_by":[],"bundle_stock_status":"outofstock","bundle_stock_quantity":0,"bundle_virtual":false,"bundle_layout":"","bundle_add_to_cart_form_location":"","bundle_editable_in_cart":false,"bundle_sold_individually_context":"","bundle_item_grouping":"","bundle_min_size":"","bundle_max_size":"","bundle_price":[],"bundled_items":[],"bundle_sell_ids":[],"acf":{"product_landing_page":"","force_redirect":false,"accordion":null},"yoast_head":"<!-- This site is optimized with the Yoast SEO plugin v25.4 - https:\/\/yoast.com\/wordpress\/plugins\/seo\/ -->\n<title>B\u00dcRSTE\u00a0\u2013 BR\u00dcHGRUPPE - La Marzocco<\/title>\n<meta name=\"robots\" content=\"index, follow, max-snippet:-1, max-image-preview:large, max-video-preview:-1\" \/>\n<link rel=\"canonical\" href=\"https:\/\/lamarzocco-de-update.testsuite.it\/de\/produkt\/burste-bruhgruppe\/\" \/>\n<meta property=\"og:locale\" content=\"de_DE\" \/>\n<meta property=\"og:type\" content=\"article\" \/>\n<meta property=\"og:title\" content=\"B\u00dcRSTE\u00a0\u2013 BR\u00dcHGRUPPE - La Marzocco\" \/>\n<meta property=\"og:description\" content=\"Die La\u00a0Marzocco Home B\u00fcrsten werden aus hochwertigem Holz gefertigt und sind ideal daf\u00fcr geeignet, deine Kaffeemaschine und Kaffeestation sauber und ordentlich zu halten. Mit der gro\u00dfen B\u00fcrste lassen sich Kaffeepulverreste leicht von der Arbeitsfl\u00e4che entfernen. Mit der kleinen B\u00fcrste k\u00f6nnen Filtersieb und Br\u00fchgruppendichtung ideal gereinigt werden\u00a0\u2013 ein einfacher Handgriff, damit die einzelnen Komponenten l\u00e4nger halten.\" \/>\n<meta property=\"og:url\" content=\"https:\/\/lamarzocco-de-update.testsuite.it\/de\/produkt\/burste-bruhgruppe\/\" \/>\n<meta property=\"og:site_name\" content=\"La Marzocco\" \/>\n<meta property=\"article:modified_time\" content=\"2025-09-11T06:30:58+00:00\" \/>\n<meta property=\"og:image\" content=\"https:\/\/lamarzocco-de-update.testsuite.it\/wp-content\/uploads\/2023\/04\/Y.138.png\" \/>\n\t<meta property=\"og:image:width\" content=\"1200\" \/>\n\t<meta property=\"og:image:height\" content=\"1200\" \/>\n\t<meta property=\"og:image:type\" content=\"image\/png\" \/>\n<meta name=\"twitter:card\" content=\"summary_large_image\" \/>\n<meta name=\"twitter:label1\" content=\"Gesch\u00e4tzte Lesezeit\" \/>\n\t<meta name=\"twitter:data1\" content=\"1\u00a0Minute\" \/>\n<script type=\"application\/ld+json\" class=\"yoast-schema-graph\">{\"@context\":\"https:\/\/schema.org\",\"@graph\":[{\"@type\":\"ImageObject\",\"inLanguage\":\"de\",\"@id\":\"https:\/\/lamarzocco-de-update.testsuite.it\/de\/produkt\/burste-bruhgruppe\/#primaryimage\",\"url\":\"https:\/\/lamarzocco-de-update.testsuite.it\/wp-content\/uploads\/2023\/04\/Y.138.png\",\"contentUrl\":\"https:\/\/lamarzocco-de-update.testsuite.it\/wp-content\/uploads\/2023\/04\/Y.138.png\",\"width\":1200,\"height\":1200,\"caption\":\"B\u00fcrste f\u00fcr Br\u00fchgruppe von La Marzocco \u2013 Reinigungsb\u00fcrste mit gebogenem Griff aus Walnussholz und festen schwarzen Borsten. Ideal zur gr\u00fcndlichen Reinigung der Br\u00fchgruppe von Espressomaschinen.\"}]}<\/script>\n<!-- \/ Yoast SEO plugin. -->","yoast_head_json":{"title":"B\u00dcRSTE\u00a0\u2013 BR\u00dcHGRUPPE - La Marzocco","robots":{"index":"index","follow":"follow","max-snippet":"max-snippet:-1","max-image-preview":"max-image-preview:large","max-video-preview":"max-video-preview:-1"},"canonical":"https:\/\/lamarzocco-de-update.testsuite.it\/de\/produkt\/burste-bruhgruppe\/","og_locale":"de_DE","og_type":"article","og_title":"B\u00dcRSTE\u00a0\u2013 BR\u00dcHGRUPPE - La Marzocco","og_description":"Die La\u00a0Marzocco Home B\u00fcrsten werden aus hochwertigem Holz gefertigt und sind ideal daf\u00fcr geeignet, deine Kaffeemaschine und Kaffeestation sauber und ordentlich zu halten. Mit der gro\u00dfen B\u00fcrste lassen sich Kaffeepulverreste leicht von der Arbeitsfl\u00e4che entfernen. Mit der kleinen B\u00fcrste k\u00f6nnen Filtersieb und Br\u00fchgruppendichtung ideal gereinigt werden\u00a0\u2013 ein einfacher Handgriff, damit die einzelnen Komponenten l\u00e4nger halten.","og_url":"https:\/\/lamarzocco-de-update.testsuite.it\/de\/produkt\/burste-bruhgruppe\/","og_site_name":"La Marzocco","article_modified_time":"2025-09-11T06:30:58+00:00","og_image":[{"width":1200,"height":1200,"url":"https:\/\/lamarzocco-de-update.testsuite.it\/wp-content\/uploads\/2023\/04\/Y.138.png","type":"image\/png"}],"twitter_card":"summary_large_image","twitter_misc":{"Gesch\u00e4tzte Lesezeit":"1\u00a0Minute"},"schema":{"@context":"https:\/\/schema.org","@graph":[{"@type":"ImageObject","inLanguage":"de","@id":"https:\/\/lamarzocco-de-update.testsuite.it\/de\/produkt\/burste-bruhgruppe\/#primaryimage","url":"https:\/\/lamarzocco-de-update.testsuite.it\/wp-content\/uploads\/2023\/04\/Y.138.png","contentUrl":"https:\/\/lamarzocco-de-update.testsuite.it\/wp-content\/uploads\/2023\/04\/Y.138.png","width":1200,"height":1200,"caption":"B\u00fcrste f\u00fcr Br\u00fchgruppe von La Marzocco \u2013 Reinigungsb\u00fcrste mit gebogenem Griff aus Walnussholz und festen schwarzen Borsten. Ideal zur gr\u00fcndlichen Reinigung der Br\u00fchgruppe von Espressomaschinen."}]}},"custom_fields":{"_sku":"Y.138","_price":"47.6"},"_links":{"self":[{"href":"https:\/\/lamarzocco-de-update.testsuite.it\/de\/wp-json\/wp\/v2\/product\/2489","targetHints":{"allow":["GET"]}}],"collection":[{"href":"https:\/\/lamarzocco-de-update.testsuite.it\/de\/wp-json\/wp\/v2\/product"}],"about":[{"href":"https:\/\/lamarzocco-de-update.testsuite.it\/de\/wp-json\/wp\/v2\/types\/product"}],"wp:featuredmedia":[{"embeddable":true,"href":"https:\/\/lamarzocco-de-update.testsuite.it\/de\/wp-json\/wp\/v2\/media\/2925"}],"wp:attachment":[{"href":"https:\/\/lamarzocco-de-update.testsuite.it\/de\/wp-json\/wp\/v2\/media?parent=2489"}],"wp:term":[{"taxonomy":"product_brand","embeddable":true,"href":"https:\/\/lamarzocco-de-update.testsuite.it\/de\/wp-json\/wp\/v2\/product_brand?post=2489"},{"taxonomy":"product_cat","embeddable":true,"href":"https:\/\/lamarzocco-de-update.testsuite.it\/de\/wp-json\/wp\/v2\/product_cat?post=2489"},{"taxonomy":"product_tag","embeddable":true,"href":"https:\/\/lamarzocco-de-update.testsuite.it\/de\/wp-json\/wp\/v2\/product_tag?post=2489"}],"curies":[{"name":"wp","href":"https:\/\/api.w.org\/{rel}","templated":true}]}}