{"id":2485,"date":"2023-04-20T11:51:30","date_gmt":"2023-04-20T09:51:30","guid":{"rendered":"https:\/\/lamarzocco-de-update.testsuite.it\/product\/dosing-ring-short\/"},"modified":"2025-09-21T19:10:22","modified_gmt":"2025-09-21T17:10:22","slug":"dosierring-kurz","status":"publish","type":"product","link":"https:\/\/lamarzocco-de-update.testsuite.it\/de\/produkt\/dosierring-kurz\/","title":{"rendered":"DOSIERRING\u00a0\u2013 KURZ"},"content":{"rendered":"","protected":false},"excerpt":{"rendered":"<p>Mit dem Dosierring von La\u00a0Marzocco Home, der in zwei H\u00f6hen erh\u00e4ltlich und so mit jeder Kaffeem\u00fchle kompatibel ist, lassen sich Kaffeeabf\u00e4lle reduzieren. Durch die kleinen Magneten haftet der Dosierungsring perfekt am Rand des Siebtr\u00e4gers und l\u00e4sst den gemahlenen Kaffee leicht in das Sieb rieseln.<\/p>\n","protected":false},"featured_media":2913,"template":"","meta":{"_acf_changed":false},"product_brand":[],"product_cat":[31,32],"product_tag":[],"class_list":{"0":"post-2485","1":"product","2":"type-product","3":"status-publish","4":"has-post-thumbnail","6":"product_cat-barista-essential","7":"product_cat-tools","9":"first","10":"outofstock","11":"taxable","12":"shipping-taxable","13":"purchasable","14":"product-type-simple"},"composite_virtual":false,"composite_layout":"","composite_add_to_cart_form_location":"","composite_editable_in_cart":false,"composite_sold_individually_context":"","composite_shop_price_calc":"","composite_components":[],"composite_scenarios":[],"bundled_by":[],"bundle_stock_status":"outofstock","bundle_stock_quantity":0,"bundle_virtual":false,"bundle_layout":"","bundle_add_to_cart_form_location":"","bundle_editable_in_cart":false,"bundle_sold_individually_context":"","bundle_item_grouping":"","bundle_min_size":"","bundle_max_size":"","bundle_price":[],"bundled_items":[],"bundle_sell_ids":[],"acf":{"product_landing_page":"","force_redirect":false,"accordion":null},"yoast_head":"<!-- This site is optimized with the Yoast SEO plugin v25.4 - https:\/\/yoast.com\/wordpress\/plugins\/seo\/ -->\n<title>DOSIERRING\u00a0\u2013 KURZ - La Marzocco<\/title>\n<meta name=\"robots\" content=\"index, follow, max-snippet:-1, max-image-preview:large, max-video-preview:-1\" \/>\n<link rel=\"canonical\" href=\"https:\/\/lamarzocco-de-update.testsuite.it\/de\/produkt\/dosierring-kurz\/\" \/>\n<meta property=\"og:locale\" content=\"de_DE\" \/>\n<meta property=\"og:type\" content=\"article\" \/>\n<meta property=\"og:title\" content=\"DOSIERRING\u00a0\u2013 KURZ - La Marzocco\" \/>\n<meta property=\"og:description\" content=\"Mit dem Dosierring von La\u00a0Marzocco Home, der in zwei H\u00f6hen erh\u00e4ltlich und so mit jeder Kaffeem\u00fchle kompatibel ist, lassen sich Kaffeeabf\u00e4lle reduzieren. Durch die kleinen Magneten haftet der Dosierungsring perfekt am Rand des Siebtr\u00e4gers und l\u00e4sst den gemahlenen Kaffee leicht in das Sieb rieseln.\" \/>\n<meta property=\"og:url\" content=\"https:\/\/lamarzocco-de-update.testsuite.it\/de\/produkt\/dosierring-kurz\/\" \/>\n<meta property=\"og:site_name\" content=\"La Marzocco\" \/>\n<meta property=\"article:modified_time\" content=\"2025-09-21T17:10:22+00:00\" \/>\n<meta property=\"og:image\" content=\"https:\/\/lamarzocco-de-update.testsuite.it\/wp-content\/uploads\/2023\/04\/Y.134.png\" \/>\n\t<meta property=\"og:image:width\" content=\"1200\" \/>\n\t<meta property=\"og:image:height\" content=\"1200\" \/>\n\t<meta property=\"og:image:type\" content=\"image\/png\" \/>\n<meta name=\"twitter:card\" content=\"summary_large_image\" \/>\n<meta name=\"twitter:label1\" content=\"Gesch\u00e4tzte Lesezeit\" \/>\n\t<meta name=\"twitter:data1\" content=\"1\u00a0Minute\" \/>\n<script type=\"application\/ld+json\" class=\"yoast-schema-graph\">{\"@context\":\"https:\/\/schema.org\",\"@graph\":[{\"@type\":\"ImageObject\",\"inLanguage\":\"de\",\"@id\":\"https:\/\/lamarzocco-de-update.testsuite.it\/de\/produkt\/dosierring-kurz\/#primaryimage\",\"url\":\"https:\/\/lamarzocco-de-update.testsuite.it\/wp-content\/uploads\/2023\/04\/Y.134.png\",\"contentUrl\":\"https:\/\/lamarzocco-de-update.testsuite.it\/wp-content\/uploads\/2023\/04\/Y.134.png\",\"width\":1200,\"height\":1200,\"caption\":\"La Marzocco Dosierhilfe \u2013 konisch geformter Dosierring aus mattschwarzem Metall mit integriertem Magnetring zur sicheren Befestigung auf dem Siebtr\u00e4ger\"}]}<\/script>\n<!-- \/ Yoast SEO plugin. -->","yoast_head_json":{"title":"DOSIERRING\u00a0\u2013 KURZ - La Marzocco","robots":{"index":"index","follow":"follow","max-snippet":"max-snippet:-1","max-image-preview":"max-image-preview:large","max-video-preview":"max-video-preview:-1"},"canonical":"https:\/\/lamarzocco-de-update.testsuite.it\/de\/produkt\/dosierring-kurz\/","og_locale":"de_DE","og_type":"article","og_title":"DOSIERRING\u00a0\u2013 KURZ - La Marzocco","og_description":"Mit dem Dosierring von La\u00a0Marzocco Home, der in zwei H\u00f6hen erh\u00e4ltlich und so mit jeder Kaffeem\u00fchle kompatibel ist, lassen sich Kaffeeabf\u00e4lle reduzieren. Durch die kleinen Magneten haftet der Dosierungsring perfekt am Rand des Siebtr\u00e4gers und l\u00e4sst den gemahlenen Kaffee leicht in das Sieb rieseln.","og_url":"https:\/\/lamarzocco-de-update.testsuite.it\/de\/produkt\/dosierring-kurz\/","og_site_name":"La Marzocco","article_modified_time":"2025-09-21T17:10:22+00:00","og_image":[{"width":1200,"height":1200,"url":"https:\/\/lamarzocco-de-update.testsuite.it\/wp-content\/uploads\/2023\/04\/Y.134.png","type":"image\/png"}],"twitter_card":"summary_large_image","twitter_misc":{"Gesch\u00e4tzte Lesezeit":"1\u00a0Minute"},"schema":{"@context":"https:\/\/schema.org","@graph":[{"@type":"ImageObject","inLanguage":"de","@id":"https:\/\/lamarzocco-de-update.testsuite.it\/de\/produkt\/dosierring-kurz\/#primaryimage","url":"https:\/\/lamarzocco-de-update.testsuite.it\/wp-content\/uploads\/2023\/04\/Y.134.png","contentUrl":"https:\/\/lamarzocco-de-update.testsuite.it\/wp-content\/uploads\/2023\/04\/Y.134.png","width":1200,"height":1200,"caption":"La Marzocco Dosierhilfe \u2013 konisch geformter Dosierring aus mattschwarzem Metall mit integriertem Magnetring zur sicheren Befestigung auf dem Siebtr\u00e4ger"}]}},"custom_fields":{"_sku":"Y.134","_price":"41.65"},"_links":{"self":[{"href":"https:\/\/lamarzocco-de-update.testsuite.it\/de\/wp-json\/wp\/v2\/product\/2485","targetHints":{"allow":["GET"]}}],"collection":[{"href":"https:\/\/lamarzocco-de-update.testsuite.it\/de\/wp-json\/wp\/v2\/product"}],"about":[{"href":"https:\/\/lamarzocco-de-update.testsuite.it\/de\/wp-json\/wp\/v2\/types\/product"}],"wp:featuredmedia":[{"embeddable":true,"href":"https:\/\/lamarzocco-de-update.testsuite.it\/de\/wp-json\/wp\/v2\/media\/2913"}],"wp:attachment":[{"href":"https:\/\/lamarzocco-de-update.testsuite.it\/de\/wp-json\/wp\/v2\/media?parent=2485"}],"wp:term":[{"taxonomy":"product_brand","embeddable":true,"href":"https:\/\/lamarzocco-de-update.testsuite.it\/de\/wp-json\/wp\/v2\/product_brand?post=2485"},{"taxonomy":"product_cat","embeddable":true,"href":"https:\/\/lamarzocco-de-update.testsuite.it\/de\/wp-json\/wp\/v2\/product_cat?post=2485"},{"taxonomy":"product_tag","embeddable":true,"href":"https:\/\/lamarzocco-de-update.testsuite.it\/de\/wp-json\/wp\/v2\/product_tag?post=2485"}],"curies":[{"name":"wp","href":"https:\/\/api.w.org\/{rel}","templated":true}]}}