{"id":2484,"date":"2023-04-20T11:51:30","date_gmt":"2023-04-20T09:51:30","guid":{"rendered":"https:\/\/lamarzocco-de-update.testsuite.it\/product\/leveler-top-wood\/"},"modified":"2025-06-24T21:14:23","modified_gmt":"2025-06-24T19:14:23","slug":"leveler-top-wood","status":"publish","type":"product","link":"https:\/\/lamarzocco-de-update.testsuite.it\/de\/produkt\/leveler-top-wood\/","title":{"rendered":"LEVELER &#8211; TOP WOOD"},"content":{"rendered":"","protected":false},"excerpt":{"rendered":"<p>Optimiere die Verteilung deines Kaffeepulvers mit diesem La\u00a0Marzocco Home Tool, das von professionellen Baristas auf der ganzen Welt inspiriert wurde. Die spezielle Fl\u00e4che sorgt daf\u00fcr, dass die Dichte des Kaffees nicht zu stark konzentriert wird, und dank der stufenweisen Regulierung verbessert der Leveler die Kaffeekonsistenz. Der Leveler ist in drei Oberfl\u00e4chen-Designs erh\u00e4ltlich, damit er perfekt zu deinem Stil und deinem anderen Zubeh\u00f6r passt.<\/p>\n","protected":false},"featured_media":2910,"template":"","meta":{"_acf_changed":false},"product_brand":[],"product_cat":[31,32],"product_tag":[],"class_list":{"0":"post-2484","1":"product","2":"type-product","3":"status-publish","4":"has-post-thumbnail","6":"product_cat-barista-essential","7":"product_cat-tools","9":"first","10":"outofstock","11":"taxable","12":"shipping-taxable","13":"purchasable","14":"product-type-simple"},"composite_virtual":false,"composite_layout":"","composite_add_to_cart_form_location":"","composite_editable_in_cart":false,"composite_sold_individually_context":"","composite_shop_price_calc":"","composite_components":[],"composite_scenarios":[],"bundled_by":[],"bundle_stock_status":"outofstock","bundle_stock_quantity":0,"bundle_virtual":false,"bundle_layout":"","bundle_add_to_cart_form_location":"","bundle_editable_in_cart":false,"bundle_sold_individually_context":"","bundle_item_grouping":"","bundle_min_size":"","bundle_max_size":"","bundle_price":[],"bundled_items":[],"bundle_sell_ids":[],"acf":{"product_landing_page":"","force_redirect":false,"accordion":null},"yoast_head":"<!-- This site is optimized with the Yoast SEO plugin v25.4 - https:\/\/yoast.com\/wordpress\/plugins\/seo\/ -->\n<title>Espresso Leveler \u00bb Edles Top aus Holz<\/title>\n<meta name=\"description\" content=\"II\u27a4 Espresso Leveler \u27a5 Pr\u00e4zises Leveln \u2713 Edles Top aus Holz \u2713 F\u00fcr gleichm\u00e4\u00dfige Extraktion \u2713 Optimiere die Verteilung deines Kaffeepulvers \u2713.\" \/>\n<meta name=\"robots\" content=\"index, follow, max-snippet:-1, max-image-preview:large, max-video-preview:-1\" \/>\n<link rel=\"canonical\" href=\"https:\/\/lamarzocco-de-update.testsuite.it\/de\/produkt\/leveler-top-wood\/\" \/>\n<meta property=\"og:locale\" content=\"de_DE\" \/>\n<meta property=\"og:type\" content=\"article\" \/>\n<meta property=\"og:title\" content=\"Espresso Leveler \u00bb Edles Top aus Holz\" \/>\n<meta property=\"og:description\" content=\"II\u27a4 Espresso Leveler \u27a5 Pr\u00e4zises Leveln \u2713 Edles Top aus Holz \u2713 F\u00fcr gleichm\u00e4\u00dfige Extraktion \u2713 Optimiere die Verteilung deines Kaffeepulvers \u2713.\" \/>\n<meta property=\"og:url\" content=\"https:\/\/lamarzocco-de-update.testsuite.it\/de\/produkt\/leveler-top-wood\/\" \/>\n<meta property=\"og:site_name\" content=\"La Marzocco\" \/>\n<meta property=\"article:modified_time\" content=\"2025-06-24T19:14:23+00:00\" \/>\n<meta property=\"og:image\" content=\"https:\/\/lamarzocco-de-update.testsuite.it\/wp-content\/uploads\/2023\/04\/Y.133.png\" \/>\n\t<meta property=\"og:image:width\" content=\"1200\" \/>\n\t<meta property=\"og:image:height\" content=\"1200\" \/>\n\t<meta property=\"og:image:type\" content=\"image\/png\" \/>\n<meta name=\"twitter:card\" content=\"summary_large_image\" \/>\n<meta name=\"twitter:label1\" content=\"Gesch\u00e4tzte Lesezeit\" \/>\n\t<meta name=\"twitter:data1\" content=\"1\u00a0Minute\" \/>\n<script type=\"application\/ld+json\" class=\"yoast-schema-graph\">{\"@context\":\"https:\/\/schema.org\",\"@graph\":[{\"@type\":\"ImageObject\",\"inLanguage\":\"de\",\"@id\":\"https:\/\/lamarzocco-de-update.testsuite.it\/de\/produkt\/leveler-top-wood\/#primaryimage\",\"url\":\"https:\/\/lamarzocco-de-update.testsuite.it\/wp-content\/uploads\/2023\/04\/Y.133.png\",\"contentUrl\":\"https:\/\/lamarzocco-de-update.testsuite.it\/wp-content\/uploads\/2023\/04\/Y.133.png\",\"width\":1200,\"height\":1200,\"caption\":\"La Marzocco Leveler mit h\u00f6lzerner Oberseite \u2013 Espresso-Verteiler mit elegantem Walnussholz-Top\"}]}<\/script>\n<!-- \/ Yoast SEO plugin. -->","yoast_head_json":{"title":"Espresso Leveler \u00bb Edles Top aus Holz","description":"II\u27a4 Espresso Leveler \u27a5 Pr\u00e4zises Leveln \u2713 Edles Top aus Holz \u2713 F\u00fcr gleichm\u00e4\u00dfige Extraktion \u2713 Optimiere die Verteilung deines Kaffeepulvers \u2713.","robots":{"index":"index","follow":"follow","max-snippet":"max-snippet:-1","max-image-preview":"max-image-preview:large","max-video-preview":"max-video-preview:-1"},"canonical":"https:\/\/lamarzocco-de-update.testsuite.it\/de\/produkt\/leveler-top-wood\/","og_locale":"de_DE","og_type":"article","og_title":"Espresso Leveler \u00bb Edles Top aus Holz","og_description":"II\u27a4 Espresso Leveler \u27a5 Pr\u00e4zises Leveln \u2713 Edles Top aus Holz \u2713 F\u00fcr gleichm\u00e4\u00dfige Extraktion \u2713 Optimiere die Verteilung deines Kaffeepulvers \u2713.","og_url":"https:\/\/lamarzocco-de-update.testsuite.it\/de\/produkt\/leveler-top-wood\/","og_site_name":"La Marzocco","article_modified_time":"2025-06-24T19:14:23+00:00","og_image":[{"width":1200,"height":1200,"url":"https:\/\/lamarzocco-de-update.testsuite.it\/wp-content\/uploads\/2023\/04\/Y.133.png","type":"image\/png"}],"twitter_card":"summary_large_image","twitter_misc":{"Gesch\u00e4tzte Lesezeit":"1\u00a0Minute"},"schema":{"@context":"https:\/\/schema.org","@graph":[{"@type":"ImageObject","inLanguage":"de","@id":"https:\/\/lamarzocco-de-update.testsuite.it\/de\/produkt\/leveler-top-wood\/#primaryimage","url":"https:\/\/lamarzocco-de-update.testsuite.it\/wp-content\/uploads\/2023\/04\/Y.133.png","contentUrl":"https:\/\/lamarzocco-de-update.testsuite.it\/wp-content\/uploads\/2023\/04\/Y.133.png","width":1200,"height":1200,"caption":"La Marzocco Leveler mit h\u00f6lzerner Oberseite \u2013 Espresso-Verteiler mit elegantem Walnussholz-Top"}]}},"custom_fields":{"_sku":"Y.133","_price":"154.7"},"_links":{"self":[{"href":"https:\/\/lamarzocco-de-update.testsuite.it\/de\/wp-json\/wp\/v2\/product\/2484","targetHints":{"allow":["GET"]}}],"collection":[{"href":"https:\/\/lamarzocco-de-update.testsuite.it\/de\/wp-json\/wp\/v2\/product"}],"about":[{"href":"https:\/\/lamarzocco-de-update.testsuite.it\/de\/wp-json\/wp\/v2\/types\/product"}],"wp:featuredmedia":[{"embeddable":true,"href":"https:\/\/lamarzocco-de-update.testsuite.it\/de\/wp-json\/wp\/v2\/media\/2910"}],"wp:attachment":[{"href":"https:\/\/lamarzocco-de-update.testsuite.it\/de\/wp-json\/wp\/v2\/media?parent=2484"}],"wp:term":[{"taxonomy":"product_brand","embeddable":true,"href":"https:\/\/lamarzocco-de-update.testsuite.it\/de\/wp-json\/wp\/v2\/product_brand?post=2484"},{"taxonomy":"product_cat","embeddable":true,"href":"https:\/\/lamarzocco-de-update.testsuite.it\/de\/wp-json\/wp\/v2\/product_cat?post=2484"},{"taxonomy":"product_tag","embeddable":true,"href":"https:\/\/lamarzocco-de-update.testsuite.it\/de\/wp-json\/wp\/v2\/product_tag?post=2484"}],"curies":[{"name":"wp","href":"https:\/\/api.w.org\/{rel}","templated":true}]}}