{"id":2478,"date":"2023-04-20T11:51:29","date_gmt":"2023-04-20T09:51:29","guid":{"rendered":"https:\/\/lamarzocco-de-update.testsuite.it\/product\/wooden-portafilter-single-spout-walnut\/"},"modified":"2025-09-02T10:48:31","modified_gmt":"2025-09-02T08:48:31","slug":"holzsiebtrager-mit-einzelauslauf-walnuss","status":"publish","type":"product","link":"https:\/\/lamarzocco-de-update.testsuite.it\/de\/produkt\/holzsiebtrager-mit-einzelauslauf-walnuss\/","title":{"rendered":"Holzsiebtr\u00e4ger mit Einzelauslauf\u00a0\u2013 Walnuss"},"content":{"rendered":"","protected":false},"excerpt":{"rendered":"<p>Edelstahl, abnehmbarer 2er-Auslauf und Holzgriff: ein klassischer Look f\u00fcr deine Maschine.<\/p>\n<p>Das Sieb wird separat verkauft<\/p>\n","protected":false},"featured_media":3276,"template":"","meta":{"_acf_changed":false},"product_brand":[],"product_cat":[31,32],"product_tag":[],"class_list":{"0":"post-2478","1":"product","2":"type-product","3":"status-publish","4":"has-post-thumbnail","6":"product_cat-barista-essential","7":"product_cat-tools","9":"first","10":"outofstock","11":"taxable","12":"shipping-taxable","13":"purchasable","14":"product-type-simple"},"composite_virtual":false,"composite_layout":"","composite_add_to_cart_form_location":"","composite_editable_in_cart":false,"composite_sold_individually_context":"","composite_shop_price_calc":"","composite_components":[],"composite_scenarios":[],"bundled_by":[],"bundle_stock_status":"outofstock","bundle_stock_quantity":0,"bundle_virtual":false,"bundle_layout":"","bundle_add_to_cart_form_location":"","bundle_editable_in_cart":false,"bundle_sold_individually_context":"","bundle_item_grouping":"","bundle_min_size":"","bundle_max_size":"","bundle_price":[],"bundled_items":[],"bundle_sell_ids":[],"acf":{"product_landing_page":"","force_redirect":false,"accordion":null},"yoast_head":"<!-- This site is optimized with the Yoast SEO plugin v25.4 - https:\/\/yoast.com\/wordpress\/plugins\/seo\/ -->\n<title>Holzsiebtr\u00e4ger mit Einzelauslauf\u00a0\u2013 Walnuss - La Marzocco<\/title>\n<meta name=\"robots\" content=\"index, follow, max-snippet:-1, max-image-preview:large, max-video-preview:-1\" \/>\n<link rel=\"canonical\" href=\"https:\/\/lamarzocco-de-update.testsuite.it\/de\/produkt\/holzsiebtrager-mit-einzelauslauf-walnuss\/\" \/>\n<meta property=\"og:locale\" content=\"de_DE\" \/>\n<meta property=\"og:type\" content=\"article\" \/>\n<meta property=\"og:title\" content=\"Holzsiebtr\u00e4ger mit Einzelauslauf\u00a0\u2013 Walnuss - La Marzocco\" \/>\n<meta property=\"og:description\" content=\"Edelstahl, abnehmbarer 2er-Auslauf und Holzgriff: ein klassischer Look f\u00fcr deine Maschine.  Das Sieb wird separat verkauft\" \/>\n<meta property=\"og:url\" content=\"https:\/\/lamarzocco-de-update.testsuite.it\/de\/produkt\/holzsiebtrager-mit-einzelauslauf-walnuss\/\" \/>\n<meta property=\"og:site_name\" content=\"La Marzocco\" \/>\n<meta property=\"article:modified_time\" content=\"2025-09-02T08:48:31+00:00\" \/>\n<meta property=\"og:image\" content=\"https:\/\/lamarzocco-de-update.testsuite.it\/wp-content\/uploads\/2023\/06\/L111_1WW.R-1.png\" \/>\n\t<meta property=\"og:image:width\" content=\"1200\" \/>\n\t<meta property=\"og:image:height\" content=\"1200\" \/>\n\t<meta property=\"og:image:type\" content=\"image\/png\" \/>\n<meta name=\"twitter:card\" content=\"summary_large_image\" \/>\n<meta name=\"twitter:label1\" content=\"Gesch\u00e4tzte Lesezeit\" \/>\n\t<meta name=\"twitter:data1\" content=\"1\u00a0Minute\" \/>\n<script type=\"application\/ld+json\" class=\"yoast-schema-graph\">{\"@context\":\"https:\/\/schema.org\",\"@graph\":[{\"@type\":\"ImageObject\",\"inLanguage\":\"de\",\"@id\":\"https:\/\/lamarzocco-de-update.testsuite.it\/de\/produkt\/holzsiebtrager-mit-einzelauslauf-walnuss\/#primaryimage\",\"url\":\"https:\/\/lamarzocco-de-update.testsuite.it\/wp-content\/uploads\/2023\/06\/L111_1WW.R-1.png\",\"contentUrl\":\"https:\/\/lamarzocco-de-update.testsuite.it\/wp-content\/uploads\/2023\/06\/L111_1WW.R-1.png\",\"width\":1200,\"height\":1200,\"caption\":\"Siebtr\u00e4ger mit edlem Holzgriff und La Marzocco Gravur \u2013 ein hochwertiges Barista Tool f\u00fcr den Einsatz an professionellen Espressomaschinen. Das Zubeh\u00f6r vereint Ergonomie und Design und ist optimal f\u00fcr pr\u00e4zise Kaffeezubereitung im Caf\u00e9-Equipment oder in der Gastronomie.\"}]}<\/script>\n<!-- \/ Yoast SEO plugin. -->","yoast_head_json":{"title":"Holzsiebtr\u00e4ger mit Einzelauslauf\u00a0\u2013 Walnuss - La Marzocco","robots":{"index":"index","follow":"follow","max-snippet":"max-snippet:-1","max-image-preview":"max-image-preview:large","max-video-preview":"max-video-preview:-1"},"canonical":"https:\/\/lamarzocco-de-update.testsuite.it\/de\/produkt\/holzsiebtrager-mit-einzelauslauf-walnuss\/","og_locale":"de_DE","og_type":"article","og_title":"Holzsiebtr\u00e4ger mit Einzelauslauf\u00a0\u2013 Walnuss - La Marzocco","og_description":"Edelstahl, abnehmbarer 2er-Auslauf und Holzgriff: ein klassischer Look f\u00fcr deine Maschine.  Das Sieb wird separat verkauft","og_url":"https:\/\/lamarzocco-de-update.testsuite.it\/de\/produkt\/holzsiebtrager-mit-einzelauslauf-walnuss\/","og_site_name":"La Marzocco","article_modified_time":"2025-09-02T08:48:31+00:00","og_image":[{"width":1200,"height":1200,"url":"https:\/\/lamarzocco-de-update.testsuite.it\/wp-content\/uploads\/2023\/06\/L111_1WW.R-1.png","type":"image\/png"}],"twitter_card":"summary_large_image","twitter_misc":{"Gesch\u00e4tzte Lesezeit":"1\u00a0Minute"},"schema":{"@context":"https:\/\/schema.org","@graph":[{"@type":"ImageObject","inLanguage":"de","@id":"https:\/\/lamarzocco-de-update.testsuite.it\/de\/produkt\/holzsiebtrager-mit-einzelauslauf-walnuss\/#primaryimage","url":"https:\/\/lamarzocco-de-update.testsuite.it\/wp-content\/uploads\/2023\/06\/L111_1WW.R-1.png","contentUrl":"https:\/\/lamarzocco-de-update.testsuite.it\/wp-content\/uploads\/2023\/06\/L111_1WW.R-1.png","width":1200,"height":1200,"caption":"Siebtr\u00e4ger mit edlem Holzgriff und La Marzocco Gravur \u2013 ein hochwertiges Barista Tool f\u00fcr den Einsatz an professionellen Espressomaschinen. Das Zubeh\u00f6r vereint Ergonomie und Design und ist optimal f\u00fcr pr\u00e4zise Kaffeezubereitung im Caf\u00e9-Equipment oder in der Gastronomie."}]}},"custom_fields":{"_sku":"L111\/1WW.R","_price":"261.8"},"_links":{"self":[{"href":"https:\/\/lamarzocco-de-update.testsuite.it\/de\/wp-json\/wp\/v2\/product\/2478","targetHints":{"allow":["GET"]}}],"collection":[{"href":"https:\/\/lamarzocco-de-update.testsuite.it\/de\/wp-json\/wp\/v2\/product"}],"about":[{"href":"https:\/\/lamarzocco-de-update.testsuite.it\/de\/wp-json\/wp\/v2\/types\/product"}],"wp:featuredmedia":[{"embeddable":true,"href":"https:\/\/lamarzocco-de-update.testsuite.it\/de\/wp-json\/wp\/v2\/media\/3276"}],"wp:attachment":[{"href":"https:\/\/lamarzocco-de-update.testsuite.it\/de\/wp-json\/wp\/v2\/media?parent=2478"}],"wp:term":[{"taxonomy":"product_brand","embeddable":true,"href":"https:\/\/lamarzocco-de-update.testsuite.it\/de\/wp-json\/wp\/v2\/product_brand?post=2478"},{"taxonomy":"product_cat","embeddable":true,"href":"https:\/\/lamarzocco-de-update.testsuite.it\/de\/wp-json\/wp\/v2\/product_cat?post=2478"},{"taxonomy":"product_tag","embeddable":true,"href":"https:\/\/lamarzocco-de-update.testsuite.it\/de\/wp-json\/wp\/v2\/product_tag?post=2478"}],"curies":[{"name":"wp","href":"https:\/\/api.w.org\/{rel}","templated":true}]}}