{"id":2473,"date":"2023-04-20T11:51:29","date_gmt":"2023-04-20T09:51:29","guid":{"rendered":"https:\/\/lamarzocco-de-update.testsuite.it\/product\/shaker-home\/"},"modified":"2025-05-26T17:53:37","modified_gmt":"2025-05-26T15:53:37","slug":"shaker-home","status":"publish","type":"product","link":"https:\/\/lamarzocco-de-update.testsuite.it\/de\/produkt\/shaker-home\/","title":{"rendered":"Shaker Home"},"content":{"rendered":"","protected":false},"excerpt":{"rendered":"<p>Ein gro\u00dfartiges Tool f\u00fcr Kaffee-Cocktail-Experimente. Mit dem La\u00a0Marzocco Home Shaker kannst du deiner Kreativit\u00e4t freien Lauf lassen und neue Kaffee-Cocktails und Rezepte ausprobieren. Eiskaffee, Espresso Martini und andere alkoholische wie nichtalkoholische Getr\u00e4nke k\u00f6nnen jetzt auch zu Hause zubereitet werden. Das eingravierte La\u00a0Marzocco Home Logo verleiht dem Edelstahl-Shaker das gewisse Etwas.<\/p>\n<p><a href=\"https:\/\/www.urbanbar.com\/\">UB<\/a>: Luxuri\u00f6se Glaswaren und Barartikel, die weltweit f\u00fcr ihre hochwertigen Materialien, Qualit\u00e4t und atemberaubenden Designs bekannt sind.<\/p>\n","protected":false},"featured_media":2897,"template":"","meta":{"_acf_changed":false},"product_brand":[],"product_cat":[31,32],"product_tag":[],"class_list":{"0":"post-2473","1":"product","2":"type-product","3":"status-publish","4":"has-post-thumbnail","6":"product_cat-barista-essential","7":"product_cat-tools","9":"first","10":"outofstock","11":"taxable","12":"shipping-taxable","13":"purchasable","14":"product-type-simple"},"composite_virtual":false,"composite_layout":"","composite_add_to_cart_form_location":"","composite_editable_in_cart":false,"composite_sold_individually_context":"","composite_shop_price_calc":"","composite_components":[],"composite_scenarios":[],"bundled_by":[],"bundle_stock_status":"outofstock","bundle_stock_quantity":0,"bundle_virtual":false,"bundle_layout":"","bundle_add_to_cart_form_location":"","bundle_editable_in_cart":false,"bundle_sold_individually_context":"","bundle_item_grouping":"","bundle_min_size":"","bundle_max_size":"","bundle_price":[],"bundled_items":[],"bundle_sell_ids":[],"acf":{"product_landing_page":"","force_redirect":false,"accordion":null},"yoast_head":"<!-- This site is optimized with the Yoast SEO plugin v25.4 - https:\/\/yoast.com\/wordpress\/plugins\/seo\/ -->\n<title>Shaker Home - La Marzocco<\/title>\n<meta name=\"robots\" content=\"index, follow, max-snippet:-1, max-image-preview:large, max-video-preview:-1\" \/>\n<link rel=\"canonical\" href=\"https:\/\/lamarzocco-de-update.testsuite.it\/de\/produkt\/shaker-home\/\" \/>\n<meta property=\"og:locale\" content=\"de_DE\" \/>\n<meta property=\"og:type\" content=\"article\" \/>\n<meta property=\"og:title\" content=\"Shaker Home - La Marzocco\" \/>\n<meta property=\"og:description\" content=\"Ein gro\u00dfartiges Tool f\u00fcr Kaffee-Cocktail-Experimente. Mit dem La\u00a0Marzocco Home Shaker kannst du deiner Kreativit\u00e4t freien Lauf lassen und neue Kaffee-Cocktails und Rezepte ausprobieren. Eiskaffee, Espresso Martini und andere alkoholische wie nichtalkoholische Getr\u00e4nke k\u00f6nnen jetzt auch zu Hause zubereitet werden. Das eingravierte La\u00a0Marzocco Home Logo verleiht dem Edelstahl-Shaker das gewisse Etwas.  UB: Luxuri\u00f6se Glaswaren und Barartikel, die weltweit f\u00fcr ihre hochwertigen Materialien, Qualit\u00e4t und atemberaubenden Designs bekannt sind.\" \/>\n<meta property=\"og:url\" content=\"https:\/\/lamarzocco-de-update.testsuite.it\/de\/produkt\/shaker-home\/\" \/>\n<meta property=\"og:site_name\" content=\"La Marzocco\" \/>\n<meta property=\"article:modified_time\" content=\"2025-05-26T15:53:37+00:00\" \/>\n<meta property=\"og:image\" content=\"https:\/\/lamarzocco-de-update.testsuite.it\/wp-content\/uploads\/2023\/04\/Y.125.png\" \/>\n\t<meta property=\"og:image:width\" content=\"1200\" \/>\n\t<meta property=\"og:image:height\" content=\"1200\" \/>\n\t<meta property=\"og:image:type\" content=\"image\/png\" \/>\n<meta name=\"twitter:card\" content=\"summary_large_image\" \/>\n<script type=\"application\/ld+json\" class=\"yoast-schema-graph\">{\"@context\":\"https:\/\/schema.org\",\"@graph\":[{\"@type\":\"ImageObject\",\"inLanguage\":\"de\",\"@id\":\"https:\/\/lamarzocco-de-update.testsuite.it\/de\/produkt\/shaker-home\/#primaryimage\",\"url\":\"https:\/\/lamarzocco-de-update.testsuite.it\/wp-content\/uploads\/2023\/04\/Y.125.png\",\"contentUrl\":\"https:\/\/lamarzocco-de-update.testsuite.it\/wp-content\/uploads\/2023\/04\/Y.125.png\",\"width\":1200,\"height\":1200,\"caption\":\"Zweiteiliger Cocktailshaker aus Edelstahl, einer mit \u201eLa Marzocco Home\u201c-Logo graviert \u2013 ideal f\u00fcr die Zubereitung von Kaffee-Cocktails oder klassischen Drinks.\"}]}<\/script>\n<!-- \/ Yoast SEO plugin. -->","yoast_head_json":{"title":"Shaker Home - La Marzocco","robots":{"index":"index","follow":"follow","max-snippet":"max-snippet:-1","max-image-preview":"max-image-preview:large","max-video-preview":"max-video-preview:-1"},"canonical":"https:\/\/lamarzocco-de-update.testsuite.it\/de\/produkt\/shaker-home\/","og_locale":"de_DE","og_type":"article","og_title":"Shaker Home - La Marzocco","og_description":"Ein gro\u00dfartiges Tool f\u00fcr Kaffee-Cocktail-Experimente. Mit dem La\u00a0Marzocco Home Shaker kannst du deiner Kreativit\u00e4t freien Lauf lassen und neue Kaffee-Cocktails und Rezepte ausprobieren. Eiskaffee, Espresso Martini und andere alkoholische wie nichtalkoholische Getr\u00e4nke k\u00f6nnen jetzt auch zu Hause zubereitet werden. Das eingravierte La\u00a0Marzocco Home Logo verleiht dem Edelstahl-Shaker das gewisse Etwas.  UB: Luxuri\u00f6se Glaswaren und Barartikel, die weltweit f\u00fcr ihre hochwertigen Materialien, Qualit\u00e4t und atemberaubenden Designs bekannt sind.","og_url":"https:\/\/lamarzocco-de-update.testsuite.it\/de\/produkt\/shaker-home\/","og_site_name":"La Marzocco","article_modified_time":"2025-05-26T15:53:37+00:00","og_image":[{"width":1200,"height":1200,"url":"https:\/\/lamarzocco-de-update.testsuite.it\/wp-content\/uploads\/2023\/04\/Y.125.png","type":"image\/png"}],"twitter_card":"summary_large_image","schema":{"@context":"https:\/\/schema.org","@graph":[{"@type":"ImageObject","inLanguage":"de","@id":"https:\/\/lamarzocco-de-update.testsuite.it\/de\/produkt\/shaker-home\/#primaryimage","url":"https:\/\/lamarzocco-de-update.testsuite.it\/wp-content\/uploads\/2023\/04\/Y.125.png","contentUrl":"https:\/\/lamarzocco-de-update.testsuite.it\/wp-content\/uploads\/2023\/04\/Y.125.png","width":1200,"height":1200,"caption":"Zweiteiliger Cocktailshaker aus Edelstahl, einer mit \u201eLa Marzocco Home\u201c-Logo graviert \u2013 ideal f\u00fcr die Zubereitung von Kaffee-Cocktails oder klassischen Drinks."}]}},"custom_fields":{"_sku":"Y.125","_price":"60.69"},"_links":{"self":[{"href":"https:\/\/lamarzocco-de-update.testsuite.it\/de\/wp-json\/wp\/v2\/product\/2473","targetHints":{"allow":["GET"]}}],"collection":[{"href":"https:\/\/lamarzocco-de-update.testsuite.it\/de\/wp-json\/wp\/v2\/product"}],"about":[{"href":"https:\/\/lamarzocco-de-update.testsuite.it\/de\/wp-json\/wp\/v2\/types\/product"}],"wp:featuredmedia":[{"embeddable":true,"href":"https:\/\/lamarzocco-de-update.testsuite.it\/de\/wp-json\/wp\/v2\/media\/2897"}],"wp:attachment":[{"href":"https:\/\/lamarzocco-de-update.testsuite.it\/de\/wp-json\/wp\/v2\/media?parent=2473"}],"wp:term":[{"taxonomy":"product_brand","embeddable":true,"href":"https:\/\/lamarzocco-de-update.testsuite.it\/de\/wp-json\/wp\/v2\/product_brand?post=2473"},{"taxonomy":"product_cat","embeddable":true,"href":"https:\/\/lamarzocco-de-update.testsuite.it\/de\/wp-json\/wp\/v2\/product_cat?post=2473"},{"taxonomy":"product_tag","embeddable":true,"href":"https:\/\/lamarzocco-de-update.testsuite.it\/de\/wp-json\/wp\/v2\/product_tag?post=2473"}],"curies":[{"name":"wp","href":"https:\/\/api.w.org\/{rel}","templated":true}]}}