{"id":2468,"date":"2023-04-20T11:51:28","date_gmt":"2023-04-20T09:51:28","guid":{"rendered":"https:\/\/lamarzocco-de-update.testsuite.it\/product\/tamping-mat\/"},"modified":"2025-11-10T14:36:03","modified_gmt":"2025-11-10T13:36:03","slug":"tamper-matte","status":"publish","type":"product","link":"https:\/\/lamarzocco-de-update.testsuite.it\/de\/produkt\/tamper-matte\/","title":{"rendered":"Tamper-Matte"},"content":{"rendered":"<p>Lebensmittelsicherer Silikonkautschuk<br \/>\nMa\u00dfe: H 3,9 cm x B 20,3 cm x T 14,6 cm<\/p>\n","protected":false},"excerpt":{"rendered":"<p>Eine elegante, leicht zu reinigende Eckmatte f\u00fcr das Tampern, entwickelt f\u00fcr moderne Arbeitsplatten.<\/p>\n","protected":false},"featured_media":16338,"template":"","meta":{"_acf_changed":false},"product_brand":[],"product_cat":[31,32],"product_tag":[555],"class_list":{"0":"post-2468","1":"product","2":"type-product","3":"status-publish","4":"has-post-thumbnail","6":"product_cat-barista-essential","7":"product_cat-tools","8":"product_tag-barista-basics","10":"first","11":"instock","12":"taxable","13":"shipping-taxable","14":"purchasable","15":"product-type-simple"},"composite_virtual":false,"composite_layout":"","composite_add_to_cart_form_location":"","composite_editable_in_cart":false,"composite_sold_individually_context":"","composite_shop_price_calc":"","composite_components":[],"composite_scenarios":[],"bundled_by":[],"bundle_stock_status":"instock","bundle_stock_quantity":21,"bundle_virtual":false,"bundle_layout":"","bundle_add_to_cart_form_location":"","bundle_editable_in_cart":false,"bundle_sold_individually_context":"","bundle_item_grouping":"","bundle_min_size":"","bundle_max_size":"","bundle_price":[],"bundled_items":[],"bundle_sell_ids":[],"acf":{"product_landing_page":"","force_redirect":false,"accordion":null},"yoast_head":"<!-- This site is optimized with the Yoast SEO plugin v25.4 - https:\/\/yoast.com\/wordpress\/plugins\/seo\/ -->\n<title>Tamper Matte \u00bb La Marzocco Barista Essential<\/title>\n<meta name=\"description\" content=\"II\u27a4 Tamper Matte La Marzocco \u27a5 Robuste Tamper Matte aus Gummi \u2713 Schont die Arbeitsfl\u00e4che \u2713 leicht zu reinigen \u2713 La Marzocca Label \u2713.\" \/>\n<meta name=\"robots\" content=\"index, follow, max-snippet:-1, max-image-preview:large, max-video-preview:-1\" \/>\n<link rel=\"canonical\" href=\"https:\/\/lamarzocco-de-update.testsuite.it\/de\/produkt\/tamper-matte\/\" \/>\n<meta property=\"og:locale\" content=\"de_DE\" \/>\n<meta property=\"og:type\" content=\"article\" \/>\n<meta property=\"og:title\" content=\"Tamper Matte \u00bb La Marzocco Barista Essential\" \/>\n<meta property=\"og:description\" content=\"II\u27a4 Tamper Matte La Marzocco \u27a5 Robuste Tamper Matte aus Gummi \u2713 Schont die Arbeitsfl\u00e4che \u2713 leicht zu reinigen \u2713 La Marzocca Label \u2713.\" \/>\n<meta property=\"og:url\" content=\"https:\/\/lamarzocco-de-update.testsuite.it\/de\/produkt\/tamper-matte\/\" \/>\n<meta property=\"og:site_name\" content=\"La Marzocco\" \/>\n<meta property=\"article:modified_time\" content=\"2025-11-10T13:36:03+00:00\" \/>\n<meta property=\"og:image\" content=\"https:\/\/lamarzocco-de-update.testsuite.it\/wp-content\/uploads\/2023\/04\/Y.212-1.jpg\" \/>\n\t<meta property=\"og:image:width\" content=\"2000\" \/>\n\t<meta property=\"og:image:height\" content=\"2000\" \/>\n\t<meta property=\"og:image:type\" content=\"image\/jpeg\" \/>\n<meta name=\"twitter:card\" content=\"summary_large_image\" \/>\n<meta name=\"twitter:label1\" content=\"Gesch\u00e4tzte Lesezeit\" \/>\n\t<meta name=\"twitter:data1\" content=\"1\u00a0Minute\" \/>\n<script type=\"application\/ld+json\" class=\"yoast-schema-graph\">{\"@context\":\"https:\/\/schema.org\",\"@graph\":[{\"@type\":\"ImageObject\",\"inLanguage\":\"de\",\"@id\":\"https:\/\/lamarzocco-de-update.testsuite.it\/de\/produkt\/tamper-matte\/#primaryimage\",\"url\":\"https:\/\/lamarzocco-de-update.testsuite.it\/wp-content\/uploads\/2023\/04\/Y.212-1.jpg\",\"contentUrl\":\"https:\/\/lamarzocco-de-update.testsuite.it\/wp-content\/uploads\/2023\/04\/Y.212-1.jpg\",\"width\":2000,\"height\":2000,\"caption\":\"La Marzocco Tampingmatte in Schwarz \u2013 stabile Unterlage f\u00fcr das pr\u00e4zise Andr\u00fccken von Kaffeemehl mit Tamper. Passend f\u00fcr Espressomaschinen, Kaffeemaschinen und Siebtr\u00e4ger. Hochwertiges Barista-Zubeh\u00f6r f\u00fcr Gastronomie und Home-Baristas. Rutschfest, langlebig und praktisch im Alltag\"}]}<\/script>\n<!-- \/ Yoast SEO plugin. -->","yoast_head_json":{"title":"Tamper Matte \u00bb La Marzocco Barista Essential","description":"II\u27a4 Tamper Matte La Marzocco \u27a5 Robuste Tamper Matte aus Gummi \u2713 Schont die Arbeitsfl\u00e4che \u2713 leicht zu reinigen \u2713 La Marzocca Label \u2713.","robots":{"index":"index","follow":"follow","max-snippet":"max-snippet:-1","max-image-preview":"max-image-preview:large","max-video-preview":"max-video-preview:-1"},"canonical":"https:\/\/lamarzocco-de-update.testsuite.it\/de\/produkt\/tamper-matte\/","og_locale":"de_DE","og_type":"article","og_title":"Tamper Matte \u00bb La Marzocco Barista Essential","og_description":"II\u27a4 Tamper Matte La Marzocco \u27a5 Robuste Tamper Matte aus Gummi \u2713 Schont die Arbeitsfl\u00e4che \u2713 leicht zu reinigen \u2713 La Marzocca Label \u2713.","og_url":"https:\/\/lamarzocco-de-update.testsuite.it\/de\/produkt\/tamper-matte\/","og_site_name":"La Marzocco","article_modified_time":"2025-11-10T13:36:03+00:00","og_image":[{"width":2000,"height":2000,"url":"https:\/\/lamarzocco-de-update.testsuite.it\/wp-content\/uploads\/2023\/04\/Y.212-1.jpg","type":"image\/jpeg"}],"twitter_card":"summary_large_image","twitter_misc":{"Gesch\u00e4tzte Lesezeit":"1\u00a0Minute"},"schema":{"@context":"https:\/\/schema.org","@graph":[{"@type":"ImageObject","inLanguage":"de","@id":"https:\/\/lamarzocco-de-update.testsuite.it\/de\/produkt\/tamper-matte\/#primaryimage","url":"https:\/\/lamarzocco-de-update.testsuite.it\/wp-content\/uploads\/2023\/04\/Y.212-1.jpg","contentUrl":"https:\/\/lamarzocco-de-update.testsuite.it\/wp-content\/uploads\/2023\/04\/Y.212-1.jpg","width":2000,"height":2000,"caption":"La Marzocco Tampingmatte in Schwarz \u2013 stabile Unterlage f\u00fcr das pr\u00e4zise Andr\u00fccken von Kaffeemehl mit Tamper. Passend f\u00fcr Espressomaschinen, Kaffeemaschinen und Siebtr\u00e4ger. Hochwertiges Barista-Zubeh\u00f6r f\u00fcr Gastronomie und Home-Baristas. Rutschfest, langlebig und praktisch im Alltag"}]}},"custom_fields":{"_sku":"Y.212","_price":"53.55"},"_links":{"self":[{"href":"https:\/\/lamarzocco-de-update.testsuite.it\/de\/wp-json\/wp\/v2\/product\/2468","targetHints":{"allow":["GET"]}}],"collection":[{"href":"https:\/\/lamarzocco-de-update.testsuite.it\/de\/wp-json\/wp\/v2\/product"}],"about":[{"href":"https:\/\/lamarzocco-de-update.testsuite.it\/de\/wp-json\/wp\/v2\/types\/product"}],"wp:featuredmedia":[{"embeddable":true,"href":"https:\/\/lamarzocco-de-update.testsuite.it\/de\/wp-json\/wp\/v2\/media\/16338"}],"wp:attachment":[{"href":"https:\/\/lamarzocco-de-update.testsuite.it\/de\/wp-json\/wp\/v2\/media?parent=2468"}],"wp:term":[{"taxonomy":"product_brand","embeddable":true,"href":"https:\/\/lamarzocco-de-update.testsuite.it\/de\/wp-json\/wp\/v2\/product_brand?post=2468"},{"taxonomy":"product_cat","embeddable":true,"href":"https:\/\/lamarzocco-de-update.testsuite.it\/de\/wp-json\/wp\/v2\/product_cat?post=2468"},{"taxonomy":"product_tag","embeddable":true,"href":"https:\/\/lamarzocco-de-update.testsuite.it\/de\/wp-json\/wp\/v2\/product_tag?post=2468"}],"curies":[{"name":"wp","href":"https:\/\/api.w.org\/{rel}","templated":true}]}}