{"id":2461,"date":"2023-04-20T11:51:28","date_gmt":"2023-04-20T09:51:28","guid":{"rendered":"https:\/\/lamarzocco-de-update.testsuite.it\/product\/walnut-paddle\/"},"modified":"2025-08-27T16:28:21","modified_gmt":"2025-08-27T14:28:21","slug":"walnuss-paddel","status":"publish","type":"product","link":"https:\/\/lamarzocco-de-update.testsuite.it\/de\/produkt\/walnuss-paddel\/","title":{"rendered":"Walnuss-Paddel"},"content":{"rendered":"","protected":false},"excerpt":{"rendered":"<p>Das Walnuss-Paddel ist eine tolle Erg\u00e4nzung zu deiner La\u00a0Marzocco Maschine. Ein Aluminiumeinsatz ist von zwei perfekt geformten Walnussholzst\u00fccken umgeben, um Aussehen und Haptik bei deinem t\u00e4glichen Kaffee-Ritual zu verbessern. Die Installation ist einfach, eine Anleitung wird mitgeliefert.<\/p>\n<p>Das hochwertige Holz wurde in Italien angebaut und verarbeitet. Es sorgt f\u00fcr eine widerstandsf\u00e4higere Haptik und ein auff\u00e4lliges Design.<\/p>\n<p>Jedes Teil wurde im Labor in der Klimakammer getestet, um so die beste Espresso-Erfahrung f\u00fcr die Nutzer sicherzustellen.<\/p>\n<p>Das Br\u00fchpaddel passt auf die GS3 MP, die Strada EP, die Strada MP, die Strada EE, die Linea PB MP und die Linea Mini.<\/p>\n<p><strong>Nicht f\u00fcr Linea Mini R geeignet.<\/strong><\/p>\n","protected":false},"featured_media":3317,"template":"","meta":{"_acf_changed":false},"product_brand":[],"product_cat":[35,163],"product_tag":[],"class_list":{"0":"post-2461","1":"product","2":"type-product","3":"status-publish","4":"has-post-thumbnail","6":"product_cat-custom-parts","7":"product_cat-linea-mini","9":"first","10":"instock","11":"taxable","12":"shipping-taxable","13":"purchasable","14":"product-type-simple"},"composite_virtual":false,"composite_layout":"","composite_add_to_cart_form_location":"","composite_editable_in_cart":false,"composite_sold_individually_context":"","composite_shop_price_calc":"","composite_components":[],"composite_scenarios":[],"bundled_by":[],"bundle_stock_status":"instock","bundle_stock_quantity":4,"bundle_virtual":false,"bundle_layout":"","bundle_add_to_cart_form_location":"","bundle_editable_in_cart":false,"bundle_sold_individually_context":"","bundle_item_grouping":"","bundle_min_size":"","bundle_max_size":"","bundle_price":[],"bundled_items":[],"bundle_sell_ids":[],"acf":{"product_landing_page":"","force_redirect":false,"accordion":null},"yoast_head":"<!-- This site is optimized with the Yoast SEO plugin v25.4 - https:\/\/yoast.com\/wordpress\/plugins\/seo\/ -->\n<title>Walnuss-Paddel - La Marzocco<\/title>\n<meta name=\"robots\" content=\"index, follow, max-snippet:-1, max-image-preview:large, max-video-preview:-1\" \/>\n<link rel=\"canonical\" href=\"https:\/\/lamarzocco-de-update.testsuite.it\/de\/produkt\/walnuss-paddel\/\" \/>\n<meta property=\"og:locale\" content=\"de_DE\" \/>\n<meta property=\"og:type\" content=\"article\" \/>\n<meta property=\"og:title\" content=\"Walnuss-Paddel - La Marzocco\" \/>\n<meta property=\"og:description\" content=\"Das Walnuss-Paddel ist eine tolle Erg\u00e4nzung zu deiner La\u00a0Marzocco Maschine. Ein Aluminiumeinsatz ist von zwei perfekt geformten Walnussholzst\u00fccken umgeben, um Aussehen und Haptik bei deinem t\u00e4glichen Kaffee-Ritual zu verbessern. Die Installation ist einfach, eine Anleitung wird mitgeliefert.  Das hochwertige Holz wurde in Italien angebaut und verarbeitet. Es sorgt f\u00fcr eine widerstandsf\u00e4higere Haptik und ein auff\u00e4lliges Design.  Jedes Teil wurde im Labor in der Klimakammer getestet, um so die beste Espresso-Erfahrung f\u00fcr die Nutzer sicherzustellen.  Das Br\u00fchpaddel passt auf die GS3 MP, die Strada EP, die Strada MP, die Strada EE, die Linea PB MP und die Linea Mini.  Nicht f\u00fcr Linea Mini R geeignet.\" \/>\n<meta property=\"og:url\" content=\"https:\/\/lamarzocco-de-update.testsuite.it\/de\/produkt\/walnuss-paddel\/\" \/>\n<meta property=\"og:site_name\" content=\"La Marzocco\" \/>\n<meta property=\"article:modified_time\" content=\"2025-08-27T14:28:21+00:00\" \/>\n<meta property=\"og:image\" content=\"https:\/\/lamarzocco-de-update.testsuite.it\/wp-content\/uploads\/2023\/06\/C.2.020.WW_.png\" \/>\n\t<meta property=\"og:image:width\" content=\"1200\" \/>\n\t<meta property=\"og:image:height\" content=\"1200\" \/>\n\t<meta property=\"og:image:type\" content=\"image\/png\" \/>\n<meta name=\"twitter:card\" content=\"summary_large_image\" \/>\n<script type=\"application\/ld+json\" class=\"yoast-schema-graph\">{\"@context\":\"https:\/\/schema.org\",\"@graph\":[{\"@type\":\"ImageObject\",\"inLanguage\":\"de\",\"@id\":\"https:\/\/lamarzocco-de-update.testsuite.it\/de\/produkt\/walnuss-paddel\/#primaryimage\",\"url\":\"https:\/\/lamarzocco-de-update.testsuite.it\/wp-content\/uploads\/2023\/06\/C.2.020.WW_.png\",\"contentUrl\":\"https:\/\/lamarzocco-de-update.testsuite.it\/wp-content\/uploads\/2023\/06\/C.2.020.WW_.png\",\"width\":1200,\"height\":1200,\"caption\":\"Hochwertiger Br\u00fchgruppenhebel aus dunklem Holz mit Metalleinlage \u2013 stilvolles Ersatzteil f\u00fcr La Marzocco Espressomaschinen\"}]}<\/script>\n<!-- \/ Yoast SEO plugin. -->","yoast_head_json":{"title":"Walnuss-Paddel - La Marzocco","robots":{"index":"index","follow":"follow","max-snippet":"max-snippet:-1","max-image-preview":"max-image-preview:large","max-video-preview":"max-video-preview:-1"},"canonical":"https:\/\/lamarzocco-de-update.testsuite.it\/de\/produkt\/walnuss-paddel\/","og_locale":"de_DE","og_type":"article","og_title":"Walnuss-Paddel - La Marzocco","og_description":"Das Walnuss-Paddel ist eine tolle Erg\u00e4nzung zu deiner La\u00a0Marzocco Maschine. Ein Aluminiumeinsatz ist von zwei perfekt geformten Walnussholzst\u00fccken umgeben, um Aussehen und Haptik bei deinem t\u00e4glichen Kaffee-Ritual zu verbessern. Die Installation ist einfach, eine Anleitung wird mitgeliefert.  Das hochwertige Holz wurde in Italien angebaut und verarbeitet. Es sorgt f\u00fcr eine widerstandsf\u00e4higere Haptik und ein auff\u00e4lliges Design.  Jedes Teil wurde im Labor in der Klimakammer getestet, um so die beste Espresso-Erfahrung f\u00fcr die Nutzer sicherzustellen.  Das Br\u00fchpaddel passt auf die GS3 MP, die Strada EP, die Strada MP, die Strada EE, die Linea PB MP und die Linea Mini.  Nicht f\u00fcr Linea Mini R geeignet.","og_url":"https:\/\/lamarzocco-de-update.testsuite.it\/de\/produkt\/walnuss-paddel\/","og_site_name":"La Marzocco","article_modified_time":"2025-08-27T14:28:21+00:00","og_image":[{"width":1200,"height":1200,"url":"https:\/\/lamarzocco-de-update.testsuite.it\/wp-content\/uploads\/2023\/06\/C.2.020.WW_.png","type":"image\/png"}],"twitter_card":"summary_large_image","schema":{"@context":"https:\/\/schema.org","@graph":[{"@type":"ImageObject","inLanguage":"de","@id":"https:\/\/lamarzocco-de-update.testsuite.it\/de\/produkt\/walnuss-paddel\/#primaryimage","url":"https:\/\/lamarzocco-de-update.testsuite.it\/wp-content\/uploads\/2023\/06\/C.2.020.WW_.png","contentUrl":"https:\/\/lamarzocco-de-update.testsuite.it\/wp-content\/uploads\/2023\/06\/C.2.020.WW_.png","width":1200,"height":1200,"caption":"Hochwertiger Br\u00fchgruppenhebel aus dunklem Holz mit Metalleinlage \u2013 stilvolles Ersatzteil f\u00fcr La Marzocco Espressomaschinen"}]}},"custom_fields":{"_sku":"C.2.020.WW","_price":"196.35"},"_links":{"self":[{"href":"https:\/\/lamarzocco-de-update.testsuite.it\/de\/wp-json\/wp\/v2\/product\/2461","targetHints":{"allow":["GET"]}}],"collection":[{"href":"https:\/\/lamarzocco-de-update.testsuite.it\/de\/wp-json\/wp\/v2\/product"}],"about":[{"href":"https:\/\/lamarzocco-de-update.testsuite.it\/de\/wp-json\/wp\/v2\/types\/product"}],"wp:featuredmedia":[{"embeddable":true,"href":"https:\/\/lamarzocco-de-update.testsuite.it\/de\/wp-json\/wp\/v2\/media\/3317"}],"wp:attachment":[{"href":"https:\/\/lamarzocco-de-update.testsuite.it\/de\/wp-json\/wp\/v2\/media?parent=2461"}],"wp:term":[{"taxonomy":"product_brand","embeddable":true,"href":"https:\/\/lamarzocco-de-update.testsuite.it\/de\/wp-json\/wp\/v2\/product_brand?post=2461"},{"taxonomy":"product_cat","embeddable":true,"href":"https:\/\/lamarzocco-de-update.testsuite.it\/de\/wp-json\/wp\/v2\/product_cat?post=2461"},{"taxonomy":"product_tag","embeddable":true,"href":"https:\/\/lamarzocco-de-update.testsuite.it\/de\/wp-json\/wp\/v2\/product_tag?post=2461"}],"curies":[{"name":"wp","href":"https:\/\/api.w.org\/{rel}","templated":true}]}}