{"id":24200,"date":"2025-05-07T16:45:24","date_gmt":"2025-05-07T14:45:24","guid":{"rendered":"https:\/\/lamarzocco-de-update.testsuite.it\/?post_type=product&#038;p=24200"},"modified":"2025-10-02T12:42:07","modified_gmt":"2025-10-02T10:42:07","slug":"aime-leon-dore-la-marzocco-linea-micra","status":"publish","type":"product","link":"https:\/\/lamarzocco-de-update.testsuite.it\/de\/produkt\/aime-leon-dore-la-marzocco-linea-micra\/","title":{"rendered":"Caf\u00e9 Leon Dore \/ La Marzocco Linea Micra"},"content":{"rendered":"<p>Eine kompakte, einfach zu bedienende Espressomaschine f\u00fcr zu Hause mit einer starken Leistung, f\u00fcr die La Marzocco seit fast 100 Jahren steht. Optisch ist die Linea Micra eine kleine Version der Linea Classic S und kombiniert dabei Design und dynamische Funktionen. Dadurch kannst du die Welt des Espressos auch zu Hause entdecken. Die Linea Micra ist einfach einzurichten, heizt sehr schnell auf und ist so ausgestattet, dass du morgens den optimalen Workflow hast. Klare Linien und eine zeitlose \u00c4sthetik sind inspiriert durch Espresso-Ikonen \u2013 sie l\u00e4sst jede K\u00fcche zum Caf\u00e9 werden.<\/p>\n<p>&nbsp;<\/p>\n<p>_____________________________<\/p>\n<p>&nbsp;<\/p>\n<p style=\"font-weight: 400\"><strong>Caf\u00e9 Leon Dore<\/strong>, das Griechische Caf\u00e9 der in New York ans\u00e4ssigen Mode- und Lifestylemarke <strong>Aim\u00e9 Leon Dore<\/strong>, wurde 2019 als Erweiterung der Flagship-Stores der Marke gegr\u00fcndet. Die Caf\u00e9s befinden sich im Herzen der SoHo-Viertel von Manhattan und London und bieten eine sorgf\u00e4ltig zusammengestellte Speisekarte, die von traditionellen griechischen Aromen inspiriert ist. Bekannt f\u00fcr seinen Freddo Espresso, Bergtee und eine Auswahl an griechischem Geb\u00e4ck, hat sich das <strong>Caf\u00e9 Leon Dore<\/strong> zu einem Treffpunkt f\u00fcr Einheimische und Liebhaber der griechischen Kaffeekultur entwickelt.<\/p>\n<p style=\"font-weight: 400\">Neben den Maschinen bringt die Zusammenarbeit eine gemeinsame Capsule Collection auf den Markt \u2013 bestehend aus Sch\u00fcrze, T-Shirt und M\u00fctze \u2013 jede mit funktionaler Eleganz von <strong>La Marzocco<\/strong> und dem stilvollen Anspruch von <strong>Aim\u00e9 Leon Dore<\/strong>. Die Capsule Collection ist exklusiv in den <strong>Aim\u00e9 Leon Dore<\/strong> Stores und online unter <a href=\"http:\/\/aimeleondore.com\/\">aimeleondore.com<\/a> erh\u00e4ltlich.<\/p>\n","protected":false},"excerpt":{"rendered":"<p>By Aim\u00e9 Leon Dore<\/p>\n<p>&nbsp;<\/p>\n<p>Eine kompakte, einfach zu bedienende Espressomaschine f\u00fcr zu Hause mit einer starken Leistung, f\u00fcr die La Marzocco seit fast 100 Jahren steht.<\/p>\n<p style=\"font-weight: 400\">Produkt on demand und M\u00fchle separat erh\u00e4ltlich.<\/p>\n","protected":false},"featured_media":24201,"template":"","meta":{"_acf_changed":false},"product_brand":[],"product_cat":[33,40],"product_tag":[],"class_list":{"0":"post-24200","1":"product","2":"type-product","3":"status-publish","4":"has-post-thumbnail","6":"product_cat-espressomaschinen","7":"product_cat-home-espresso-maschinen","9":"first","10":"outofstock","11":"virtual","12":"taxable","13":"purchasable","14":"product-type-simple"},"composite_virtual":false,"composite_layout":"","composite_add_to_cart_form_location":"","composite_editable_in_cart":false,"composite_sold_individually_context":"","composite_shop_price_calc":"","composite_components":[],"composite_scenarios":[],"bundled_by":[],"bundle_stock_status":"outofstock","bundle_stock_quantity":0,"bundle_virtual":false,"bundle_layout":"","bundle_add_to_cart_form_location":"","bundle_editable_in_cart":false,"bundle_sold_individually_context":"","bundle_item_grouping":"","bundle_min_size":"","bundle_max_size":"","bundle_price":[],"bundled_items":[],"bundle_sell_ids":[],"acf":{"is_compare_active":false,"compare_products_fields":{"claim":"","product_description":"","boiler_material":"","number_of_boilers":"","coffee_boiler_type":"","coffee_boiler_capacity":"","coffee_boiler_temp_control":"","coffee_boiler_pid":"","pre_infusion":"","pre_infusion_control":"","pre_brewing":"","pre_brewing_control":"","programmable_doses":"","steam_boiler_capacity":"","steam_boiler_temp_control":"","steam_boiler_pid":"","adjustable_hot_water_temp":"","graphic_display":"","water_tank":"","plumb_in_kit":"","height":"","width":"","depth":""},"product_landing_page":"","force_redirect":false,"accordion":[{"title":"Wesentliche Merkmale","content":"<ul>\r\n \t<li>Gr\u00fcn Caf\u00e9 Leon Dore<\/li>\r\n \t<li>Edelstahl mit mattgl\u00e4nzender Struktur<\/li>\r\n \t<li>Messing- und Walnussholzdetails<\/li>\r\n \t<li>Caf\u00e9 Leon Dore Logos auf der Ober- und R\u00fcckseite<\/li>\r\n \t<li>La Marzocco Logo auf der Vorderseite<\/li>\r\n \t<li>Fotoge\u00e4tztes Wappen von Aim\u00e9 Leon Dore auf den Kn\u00f6pfen<\/li>\r\n \t<li>Lasergravierte La Marzocco Logos auf dem Portafilter<\/li>\r\n \t<li>Dual Boiler f\u00fcr gleichzeitiges Br\u00fchen und Milchsch\u00e4umen<\/li>\r\n \t<li>PID-Temperaturregelung f\u00fcr gleichbleibende Leistung<\/li>\r\n \t<li>Integrierter Gruppenkopf f\u00fcr thermische Stabilit\u00e4t<\/li>\r\n \t<li>Br\u00fch-Paddel-Aktivierung<\/li>\r\n \t<li>Multi-Siebtr\u00e4ger (Einzelauslauf, Doppelauslauf und bodenlosem Auslauf)<\/li>\r\n \t<li>Isolierte Dampflanze<\/li>\r\n \t<li>Magnetische, herausnehmbare Tropfschale<\/li>\r\n \t<li>2-Liter-Wassertank mit einfachem Zugang<\/li>\r\n \t<li>Hei\u00dfwasserauslauf<\/li>\r\n \t<li>Barista-Lampen<\/li>\r\n \t<li>App-Anbindung (Temperaturregelung, Zeitplan, Reinigungszyklus)<\/li>\r\n \t<li>Handpolierte Messingschrauben<\/li>\r\n \t<li>Handmade in Italy<\/li>\r\n<\/ul>"},{"title":"Technische spezifikationen","content":"<strong>H\u00f6he<\/strong>: 13.98 in \/ 35.51 cm\r\n<strong>Breite<\/strong>: 11.38 in \/ 28.91 cm\r\n<strong>Tiefe<\/strong>: 18.69 in \/ 47.48 cm\r\n<strong>Gewicht<\/strong>: 42 lbs \/ 19.05 kg\r\n<strong>Stromspannung<\/strong>: 110 V \/ 220 V\r\n<strong>Stromst\u00e4rke<\/strong>: 15 A\r\n<strong>Kaffee-Boiler Kapazit\u00e4t<\/strong>: 0.25 liters\r\n<strong>Dampf-Boiler Kapazit\u00e4t<\/strong>: 1.6 liters\r\n<strong>Wassertank Kapazit\u00e4t<\/strong>: 2 liters"},{"title":"Lieferumfang","content":"<ul>\r\n \t<li style=\"font-weight: 400;\">Siebeins\u00e4tze: 14g, 17g und Reinigungskorb<\/li>\r\n \t<li style=\"font-weight: 400;\">Standard La Marzocco Tamper<\/li>\r\n \t<li style=\"font-weight: 400;\">Installationsanleitung \/ Benutzerhandbuch<\/li>\r\n \t<li style=\"font-weight: 400;\">Konvertierbarer Siebtr\u00e4ger<\/li>\r\n \t<li style=\"font-weight: 400;\">Purocaf Reinigungsl\u00f6sung<\/li>\r\n \t<li style=\"font-weight: 400;\">Milchkanne<\/li>\r\n<\/ul>"}]},"yoast_head":"<!-- This site is optimized with the Yoast SEO plugin v25.4 - https:\/\/yoast.com\/wordpress\/plugins\/seo\/ -->\n<title>Caf\u00e9 Leon Dore \/ La Marzocco Linea Micra - La Marzocco<\/title>\n<meta name=\"robots\" content=\"index, follow, max-snippet:-1, max-image-preview:large, max-video-preview:-1\" \/>\n<link rel=\"canonical\" href=\"https:\/\/lamarzocco-de-update.testsuite.it\/de\/produkt\/aime-leon-dore-la-marzocco-linea-micra\/\" \/>\n<meta property=\"og:locale\" content=\"de_DE\" \/>\n<meta property=\"og:type\" content=\"article\" \/>\n<meta property=\"og:title\" content=\"Caf\u00e9 Leon Dore \/ La Marzocco Linea Micra - La Marzocco\" \/>\n<meta property=\"og:description\" content=\"By Aim\u00e9 Leon Dore  &nbsp;  Eine kompakte, einfach zu bedienende Espressomaschine f\u00fcr zu Hause mit einer starken Leistung, f\u00fcr die La Marzocco seit fast 100 Jahren steht. Produkt on demand und M\u00fchle separat erh\u00e4ltlich.\" \/>\n<meta property=\"og:url\" content=\"https:\/\/lamarzocco-de-update.testsuite.it\/de\/produkt\/aime-leon-dore-la-marzocco-linea-micra\/\" \/>\n<meta property=\"og:site_name\" content=\"La Marzocco\" \/>\n<meta property=\"article:modified_time\" content=\"2025-10-02T10:42:07+00:00\" \/>\n<meta property=\"og:image\" content=\"https:\/\/lamarzocco-de-update.testsuite.it\/wp-content\/uploads\/2025\/05\/Linea-Micra-Cafe-Leon-Dore-01.png\" \/>\n\t<meta property=\"og:image:width\" content=\"1680\" \/>\n\t<meta property=\"og:image:height\" content=\"1680\" \/>\n\t<meta property=\"og:image:type\" content=\"image\/png\" \/>\n<meta name=\"twitter:card\" content=\"summary_large_image\" \/>\n<meta name=\"twitter:label1\" content=\"Gesch\u00e4tzte Lesezeit\" \/>\n\t<meta name=\"twitter:data1\" content=\"2\u00a0Minuten\" \/>\n<script type=\"application\/ld+json\" class=\"yoast-schema-graph\">{\"@context\":\"https:\/\/schema.org\",\"@graph\":[{\"@type\":\"ImageObject\",\"inLanguage\":\"de\",\"@id\":\"https:\/\/lamarzocco-de-update.testsuite.it\/de\/produkt\/aime-leon-dore-la-marzocco-linea-micra\/#primaryimage\",\"url\":\"https:\/\/lamarzocco-de-update.testsuite.it\/wp-content\/uploads\/2025\/05\/Linea-Micra-Cafe-Leon-Dore-01.png\",\"contentUrl\":\"https:\/\/lamarzocco-de-update.testsuite.it\/wp-content\/uploads\/2025\/05\/Linea-Micra-Cafe-Leon-Dore-01.png\",\"width\":1680,\"height\":1680,\"caption\":\"Frontansicht einer hochwertigen Espressomaschine mit tiefgr\u00fcnem Geh\u00e4use, goldenen Bedienelementen, zwei Druckanzeigen und edlen Holzelementen \u2013 kompakte Bauform f\u00fcr pr\u00e4zise Kaffeezubereitung\"}]}<\/script>\n<!-- \/ Yoast SEO plugin. -->","yoast_head_json":{"title":"Caf\u00e9 Leon Dore \/ La Marzocco Linea Micra - La Marzocco","robots":{"index":"index","follow":"follow","max-snippet":"max-snippet:-1","max-image-preview":"max-image-preview:large","max-video-preview":"max-video-preview:-1"},"canonical":"https:\/\/lamarzocco-de-update.testsuite.it\/de\/produkt\/aime-leon-dore-la-marzocco-linea-micra\/","og_locale":"de_DE","og_type":"article","og_title":"Caf\u00e9 Leon Dore \/ La Marzocco Linea Micra - La Marzocco","og_description":"By Aim\u00e9 Leon Dore  &nbsp;  Eine kompakte, einfach zu bedienende Espressomaschine f\u00fcr zu Hause mit einer starken Leistung, f\u00fcr die La Marzocco seit fast 100 Jahren steht. Produkt on demand und M\u00fchle separat erh\u00e4ltlich.","og_url":"https:\/\/lamarzocco-de-update.testsuite.it\/de\/produkt\/aime-leon-dore-la-marzocco-linea-micra\/","og_site_name":"La Marzocco","article_modified_time":"2025-10-02T10:42:07+00:00","og_image":[{"width":1680,"height":1680,"url":"https:\/\/lamarzocco-de-update.testsuite.it\/wp-content\/uploads\/2025\/05\/Linea-Micra-Cafe-Leon-Dore-01.png","type":"image\/png"}],"twitter_card":"summary_large_image","twitter_misc":{"Gesch\u00e4tzte Lesezeit":"2\u00a0Minuten"},"schema":{"@context":"https:\/\/schema.org","@graph":[{"@type":"ImageObject","inLanguage":"de","@id":"https:\/\/lamarzocco-de-update.testsuite.it\/de\/produkt\/aime-leon-dore-la-marzocco-linea-micra\/#primaryimage","url":"https:\/\/lamarzocco-de-update.testsuite.it\/wp-content\/uploads\/2025\/05\/Linea-Micra-Cafe-Leon-Dore-01.png","contentUrl":"https:\/\/lamarzocco-de-update.testsuite.it\/wp-content\/uploads\/2025\/05\/Linea-Micra-Cafe-Leon-Dore-01.png","width":1680,"height":1680,"caption":"Frontansicht einer hochwertigen Espressomaschine mit tiefgr\u00fcnem Geh\u00e4use, goldenen Bedienelementen, zwei Druckanzeigen und edlen Holzelementen \u2013 kompakte Bauform f\u00fcr pr\u00e4zise Kaffeezubereitung"}]}},"custom_fields":{"_sku":"23.121\/A15.OFB","_price":"11781"},"_links":{"self":[{"href":"https:\/\/lamarzocco-de-update.testsuite.it\/de\/wp-json\/wp\/v2\/product\/24200","targetHints":{"allow":["GET"]}}],"collection":[{"href":"https:\/\/lamarzocco-de-update.testsuite.it\/de\/wp-json\/wp\/v2\/product"}],"about":[{"href":"https:\/\/lamarzocco-de-update.testsuite.it\/de\/wp-json\/wp\/v2\/types\/product"}],"wp:featuredmedia":[{"embeddable":true,"href":"https:\/\/lamarzocco-de-update.testsuite.it\/de\/wp-json\/wp\/v2\/media\/24201"}],"wp:attachment":[{"href":"https:\/\/lamarzocco-de-update.testsuite.it\/de\/wp-json\/wp\/v2\/media?parent=24200"}],"wp:term":[{"taxonomy":"product_brand","embeddable":true,"href":"https:\/\/lamarzocco-de-update.testsuite.it\/de\/wp-json\/wp\/v2\/product_brand?post=24200"},{"taxonomy":"product_cat","embeddable":true,"href":"https:\/\/lamarzocco-de-update.testsuite.it\/de\/wp-json\/wp\/v2\/product_cat?post=24200"},{"taxonomy":"product_tag","embeddable":true,"href":"https:\/\/lamarzocco-de-update.testsuite.it\/de\/wp-json\/wp\/v2\/product_tag?post=24200"}],"curies":[{"name":"wp","href":"https:\/\/api.w.org\/{rel}","templated":true}]}}