{"id":2363,"date":"2023-04-20T11:44:19","date_gmt":"2023-04-20T09:44:19","guid":{"rendered":"https:\/\/lamarzocco-de-update.testsuite.it\/product\/la-marzocco-enamel-mug\/"},"modified":"2023-11-29T18:13:12","modified_gmt":"2023-11-29T17:13:12","slug":"la-marzocco-enamel-mug","status":"publish","type":"product","link":"https:\/\/lamarzocco-de-update.testsuite.it\/de\/produkt\/la-marzocco-enamel-mug\/","title":{"rendered":"La Marzocco Enamel Mug"},"content":{"rendered":"","protected":false},"excerpt":{"rendered":"<p>La\u00a0Marzocco Emaille-Becher, damit du einen Becher voll Freude genie\u00dfen kannst. Dieser Emaille-Becher h\u00e4lt jedem Wetter stand und ist damit sowohl f\u00fcr deine Wandertouren als auch f\u00fcr deine K\u00fcchenausstattung ideal geeignet.<\/p>\n","protected":false},"featured_media":3338,"template":"","meta":{"_acf_changed":false},"product_brand":[],"product_cat":[36,54],"product_tag":[],"class_list":{"0":"post-2363","1":"product","2":"type-product","3":"status-publish","4":"has-post-thumbnail","6":"product_cat-cups","7":"product_cat-becher","9":"first","10":"outofstock","11":"taxable","12":"shipping-taxable","13":"purchasable","14":"product-type-simple"},"composite_virtual":false,"composite_layout":"","composite_add_to_cart_form_location":"","composite_editable_in_cart":false,"composite_sold_individually_context":"","composite_shop_price_calc":"","composite_components":[],"composite_scenarios":[],"bundled_by":[],"bundle_stock_status":"outofstock","bundle_stock_quantity":0,"bundle_virtual":false,"bundle_layout":"","bundle_add_to_cart_form_location":"","bundle_editable_in_cart":false,"bundle_sold_individually_context":"","bundle_item_grouping":"","bundle_min_size":"","bundle_max_size":"","bundle_price":[],"bundled_items":[],"bundle_sell_ids":[],"acf":{"product_landing_page":"","force_redirect":false,"accordion":null},"yoast_head":"<!-- This site is optimized with the Yoast SEO plugin v25.4 - https:\/\/yoast.com\/wordpress\/plugins\/seo\/ -->\n<title>La Marzocco Enamel Mug - La Marzocco<\/title>\n<meta name=\"robots\" content=\"index, follow, max-snippet:-1, max-image-preview:large, max-video-preview:-1\" \/>\n<link rel=\"canonical\" href=\"https:\/\/lamarzocco-de-update.testsuite.it\/de\/produkt\/la-marzocco-enamel-mug\/\" \/>\n<meta property=\"og:locale\" content=\"de_DE\" \/>\n<meta property=\"og:type\" content=\"article\" \/>\n<meta property=\"og:title\" content=\"La Marzocco Enamel Mug - La Marzocco\" \/>\n<meta property=\"og:description\" content=\"La\u00a0Marzocco Emaille-Becher, damit du einen Becher voll Freude genie\u00dfen kannst. Dieser Emaille-Becher h\u00e4lt jedem Wetter stand und ist damit sowohl f\u00fcr deine Wandertouren als auch f\u00fcr deine K\u00fcchenausstattung ideal geeignet.\" \/>\n<meta property=\"og:url\" content=\"https:\/\/lamarzocco-de-update.testsuite.it\/de\/produkt\/la-marzocco-enamel-mug\/\" \/>\n<meta property=\"og:site_name\" content=\"La Marzocco\" \/>\n<meta property=\"article:modified_time\" content=\"2023-11-29T17:13:12+00:00\" \/>\n<meta property=\"og:image\" content=\"https:\/\/lamarzocco-de-update.testsuite.it\/wp-content\/uploads\/2023\/06\/Y.177.png\" \/>\n\t<meta property=\"og:image:width\" content=\"600\" \/>\n\t<meta property=\"og:image:height\" content=\"600\" \/>\n\t<meta property=\"og:image:type\" content=\"image\/png\" \/>\n<meta name=\"twitter:card\" content=\"summary_large_image\" \/>\n<script type=\"application\/ld+json\" class=\"yoast-schema-graph\">{\"@context\":\"https:\/\/schema.org\",\"@graph\":[{\"@type\":\"ImageObject\",\"inLanguage\":\"de\",\"@id\":\"https:\/\/lamarzocco-de-update.testsuite.it\/de\/produkt\/la-marzocco-enamel-mug\/#primaryimage\",\"url\":\"https:\/\/lamarzocco-de-update.testsuite.it\/wp-content\/uploads\/2023\/06\/Y.177.png\",\"contentUrl\":\"https:\/\/lamarzocco-de-update.testsuite.it\/wp-content\/uploads\/2023\/06\/Y.177.png\",\"width\":600,\"height\":600}]}<\/script>\n<!-- \/ Yoast SEO plugin. -->","yoast_head_json":{"title":"La Marzocco Enamel Mug - La Marzocco","robots":{"index":"index","follow":"follow","max-snippet":"max-snippet:-1","max-image-preview":"max-image-preview:large","max-video-preview":"max-video-preview:-1"},"canonical":"https:\/\/lamarzocco-de-update.testsuite.it\/de\/produkt\/la-marzocco-enamel-mug\/","og_locale":"de_DE","og_type":"article","og_title":"La Marzocco Enamel Mug - La Marzocco","og_description":"La\u00a0Marzocco Emaille-Becher, damit du einen Becher voll Freude genie\u00dfen kannst. Dieser Emaille-Becher h\u00e4lt jedem Wetter stand und ist damit sowohl f\u00fcr deine Wandertouren als auch f\u00fcr deine K\u00fcchenausstattung ideal geeignet.","og_url":"https:\/\/lamarzocco-de-update.testsuite.it\/de\/produkt\/la-marzocco-enamel-mug\/","og_site_name":"La Marzocco","article_modified_time":"2023-11-29T17:13:12+00:00","og_image":[{"width":600,"height":600,"url":"https:\/\/lamarzocco-de-update.testsuite.it\/wp-content\/uploads\/2023\/06\/Y.177.png","type":"image\/png"}],"twitter_card":"summary_large_image","schema":{"@context":"https:\/\/schema.org","@graph":[{"@type":"ImageObject","inLanguage":"de","@id":"https:\/\/lamarzocco-de-update.testsuite.it\/de\/produkt\/la-marzocco-enamel-mug\/#primaryimage","url":"https:\/\/lamarzocco-de-update.testsuite.it\/wp-content\/uploads\/2023\/06\/Y.177.png","contentUrl":"https:\/\/lamarzocco-de-update.testsuite.it\/wp-content\/uploads\/2023\/06\/Y.177.png","width":600,"height":600}]}},"custom_fields":{"_sku":"Y.177","_price":"29.75"},"_links":{"self":[{"href":"https:\/\/lamarzocco-de-update.testsuite.it\/de\/wp-json\/wp\/v2\/product\/2363","targetHints":{"allow":["GET"]}}],"collection":[{"href":"https:\/\/lamarzocco-de-update.testsuite.it\/de\/wp-json\/wp\/v2\/product"}],"about":[{"href":"https:\/\/lamarzocco-de-update.testsuite.it\/de\/wp-json\/wp\/v2\/types\/product"}],"wp:featuredmedia":[{"embeddable":true,"href":"https:\/\/lamarzocco-de-update.testsuite.it\/de\/wp-json\/wp\/v2\/media\/3338"}],"wp:attachment":[{"href":"https:\/\/lamarzocco-de-update.testsuite.it\/de\/wp-json\/wp\/v2\/media?parent=2363"}],"wp:term":[{"taxonomy":"product_brand","embeddable":true,"href":"https:\/\/lamarzocco-de-update.testsuite.it\/de\/wp-json\/wp\/v2\/product_brand?post=2363"},{"taxonomy":"product_cat","embeddable":true,"href":"https:\/\/lamarzocco-de-update.testsuite.it\/de\/wp-json\/wp\/v2\/product_cat?post=2363"},{"taxonomy":"product_tag","embeddable":true,"href":"https:\/\/lamarzocco-de-update.testsuite.it\/de\/wp-json\/wp\/v2\/product_tag?post=2363"}],"curies":[{"name":"wp","href":"https:\/\/api.w.org\/{rel}","templated":true}]}}