{"id":2151,"date":"2023-04-20T11:43:45","date_gmt":"2023-04-20T09:43:45","guid":{"rendered":"https:\/\/lamarzocco-de-update.testsuite.it\/product\/leather-punching-bag\/"},"modified":"2025-04-26T17:33:37","modified_gmt":"2025-04-26T15:33:37","slug":"leder-boxsack","status":"publish","type":"product","link":"https:\/\/lamarzocco-de-update.testsuite.it\/de\/produkt\/leder-boxsack\/","title":{"rendered":"Leder Boxsack"},"content":{"rendered":"","protected":false},"excerpt":{"rendered":"<p>Ein handgefertigter Leder-Boxsack im Vintage-Look, der sich perfekt f\u00fcr deinen Fitnessraum zu Hause und deine Workouts eignet.<\/p>\n<p>Der Boxsack wurde intern von Modest Vintage Player entworfen, einem australischen Unternehmen von Kunsthandwerkern, die ihr ganzes Leben der Herstellung k\u00fcnstlerisch ansprechender und praktischer Sport- und Freizeitartikel aus hochwertigem Leder und exotischen H\u00f6lzern gewidmet haben. Mit diesem von Hand gefertigten Boxsack mit braunem Lederbesatz f\u00fcr ein intensives Training pr\u00e4sentieren sie einen Luxusartikel im Vintage-Stil, der private Fitnessr\u00e4ume und Caf\u00e9s oder Verkaufsr\u00e4ume gleicherma\u00dfen versch\u00f6nert.<\/p>\n<p>**Bitte beachten: Der Boxsack wird ohne F\u00fcllung versandt und muss noch gepolstert werden (nur Sack und Ketten). Du kannst den Boxsack mit S\u00e4gemehl, Reis, Stoffresten oder Gummimulch\u00a0\/ geschredderten Gummireifen bef\u00fcllen\u00a0**<\/p>\n","protected":false},"featured_media":3069,"template":"","meta":{"_acf_changed":false},"product_brand":[],"product_cat":[37],"product_tag":[],"class_list":{"0":"post-2151","1":"product","2":"type-product","3":"status-publish","4":"has-post-thumbnail","6":"product_cat-la-marzocco-lifestyle","8":"first","9":"outofstock","10":"taxable","11":"shipping-taxable","12":"purchasable","13":"product-type-simple"},"composite_virtual":false,"composite_layout":"","composite_add_to_cart_form_location":"","composite_editable_in_cart":false,"composite_sold_individually_context":"","composite_shop_price_calc":"","composite_components":[],"composite_scenarios":[],"bundled_by":[],"bundle_stock_status":"outofstock","bundle_stock_quantity":0,"bundle_virtual":false,"bundle_layout":"","bundle_add_to_cart_form_location":"","bundle_editable_in_cart":false,"bundle_sold_individually_context":"","bundle_item_grouping":"","bundle_min_size":"","bundle_max_size":"","bundle_price":[],"bundled_items":[],"bundle_sell_ids":[],"acf":{"product_landing_page":"","force_redirect":false,"accordion":null},"yoast_head":"<!-- This site is optimized with the Yoast SEO plugin v25.4 - https:\/\/yoast.com\/wordpress\/plugins\/seo\/ -->\n<title>Leder Boxsack \u00bb Vintage Design<\/title>\n<meta name=\"description\" content=\"II\u27a4 Leder Boxsack \u27a5 handgefertigter Leder-Boxsack \u2713 im starken Vintage-Look \u2713 aus hochwertigem Leder \u2713 f\u00fcr ein intensives Training \u2713.\" \/>\n<meta name=\"robots\" content=\"index, follow, max-snippet:-1, max-image-preview:large, max-video-preview:-1\" \/>\n<link rel=\"canonical\" href=\"https:\/\/lamarzocco-de-update.testsuite.it\/de\/produkt\/leder-boxsack\/\" \/>\n<meta property=\"og:locale\" content=\"de_DE\" \/>\n<meta property=\"og:type\" content=\"article\" \/>\n<meta property=\"og:title\" content=\"Leder Boxsack \u00bb Vintage Design\" \/>\n<meta property=\"og:description\" content=\"II\u27a4 Leder Boxsack \u27a5 handgefertigter Leder-Boxsack \u2713 im starken Vintage-Look \u2713 aus hochwertigem Leder \u2713 f\u00fcr ein intensives Training \u2713.\" \/>\n<meta property=\"og:url\" content=\"https:\/\/lamarzocco-de-update.testsuite.it\/de\/produkt\/leder-boxsack\/\" \/>\n<meta property=\"og:site_name\" content=\"La Marzocco\" \/>\n<meta property=\"article:modified_time\" content=\"2025-04-26T15:33:37+00:00\" \/>\n<meta property=\"og:image\" content=\"https:\/\/lamarzocco-de-update.testsuite.it\/wp-content\/uploads\/2023\/05\/Y.153.png\" \/>\n\t<meta property=\"og:image:width\" content=\"1200\" \/>\n\t<meta property=\"og:image:height\" content=\"1200\" \/>\n\t<meta property=\"og:image:type\" content=\"image\/png\" \/>\n<meta name=\"twitter:card\" content=\"summary_large_image\" \/>\n<meta name=\"twitter:label1\" content=\"Gesch\u00e4tzte Lesezeit\" \/>\n\t<meta name=\"twitter:data1\" content=\"1\u00a0Minute\" \/>\n<script type=\"application\/ld+json\" class=\"yoast-schema-graph\">{\"@context\":\"https:\/\/schema.org\",\"@graph\":[{\"@type\":\"ImageObject\",\"inLanguage\":\"de\",\"@id\":\"https:\/\/lamarzocco-de-update.testsuite.it\/de\/produkt\/leder-boxsack\/#primaryimage\",\"url\":\"https:\/\/lamarzocco-de-update.testsuite.it\/wp-content\/uploads\/2023\/05\/Y.153.png\",\"contentUrl\":\"https:\/\/lamarzocco-de-update.testsuite.it\/wp-content\/uploads\/2023\/05\/Y.153.png\",\"width\":1200,\"height\":1200}]}<\/script>\n<!-- \/ Yoast SEO plugin. -->","yoast_head_json":{"title":"Leder Boxsack \u00bb Vintage Design","description":"II\u27a4 Leder Boxsack \u27a5 handgefertigter Leder-Boxsack \u2713 im starken Vintage-Look \u2713 aus hochwertigem Leder \u2713 f\u00fcr ein intensives Training \u2713.","robots":{"index":"index","follow":"follow","max-snippet":"max-snippet:-1","max-image-preview":"max-image-preview:large","max-video-preview":"max-video-preview:-1"},"canonical":"https:\/\/lamarzocco-de-update.testsuite.it\/de\/produkt\/leder-boxsack\/","og_locale":"de_DE","og_type":"article","og_title":"Leder Boxsack \u00bb Vintage Design","og_description":"II\u27a4 Leder Boxsack \u27a5 handgefertigter Leder-Boxsack \u2713 im starken Vintage-Look \u2713 aus hochwertigem Leder \u2713 f\u00fcr ein intensives Training \u2713.","og_url":"https:\/\/lamarzocco-de-update.testsuite.it\/de\/produkt\/leder-boxsack\/","og_site_name":"La Marzocco","article_modified_time":"2025-04-26T15:33:37+00:00","og_image":[{"width":1200,"height":1200,"url":"https:\/\/lamarzocco-de-update.testsuite.it\/wp-content\/uploads\/2023\/05\/Y.153.png","type":"image\/png"}],"twitter_card":"summary_large_image","twitter_misc":{"Gesch\u00e4tzte Lesezeit":"1\u00a0Minute"},"schema":{"@context":"https:\/\/schema.org","@graph":[{"@type":"ImageObject","inLanguage":"de","@id":"https:\/\/lamarzocco-de-update.testsuite.it\/de\/produkt\/leder-boxsack\/#primaryimage","url":"https:\/\/lamarzocco-de-update.testsuite.it\/wp-content\/uploads\/2023\/05\/Y.153.png","contentUrl":"https:\/\/lamarzocco-de-update.testsuite.it\/wp-content\/uploads\/2023\/05\/Y.153.png","width":1200,"height":1200}]}},"custom_fields":{"_sku":"Y.153","_price":"297.50"},"_links":{"self":[{"href":"https:\/\/lamarzocco-de-update.testsuite.it\/de\/wp-json\/wp\/v2\/product\/2151","targetHints":{"allow":["GET"]}}],"collection":[{"href":"https:\/\/lamarzocco-de-update.testsuite.it\/de\/wp-json\/wp\/v2\/product"}],"about":[{"href":"https:\/\/lamarzocco-de-update.testsuite.it\/de\/wp-json\/wp\/v2\/types\/product"}],"wp:featuredmedia":[{"embeddable":true,"href":"https:\/\/lamarzocco-de-update.testsuite.it\/de\/wp-json\/wp\/v2\/media\/3069"}],"wp:attachment":[{"href":"https:\/\/lamarzocco-de-update.testsuite.it\/de\/wp-json\/wp\/v2\/media?parent=2151"}],"wp:term":[{"taxonomy":"product_brand","embeddable":true,"href":"https:\/\/lamarzocco-de-update.testsuite.it\/de\/wp-json\/wp\/v2\/product_brand?post=2151"},{"taxonomy":"product_cat","embeddable":true,"href":"https:\/\/lamarzocco-de-update.testsuite.it\/de\/wp-json\/wp\/v2\/product_cat?post=2151"},{"taxonomy":"product_tag","embeddable":true,"href":"https:\/\/lamarzocco-de-update.testsuite.it\/de\/wp-json\/wp\/v2\/product_tag?post=2151"}],"curies":[{"name":"wp","href":"https:\/\/api.w.org\/{rel}","templated":true}]}}