{"id":2040,"date":"2023-04-20T11:43:27","date_gmt":"2023-04-20T09:43:27","guid":{"rendered":"https:\/\/lamarzocco-de-update.testsuite.it\/product\/la-marzocco-latte-art-dice\/"},"modified":"2025-07-15T10:21:21","modified_gmt":"2025-07-15T08:21:21","slug":"la-marzocco-latte-art-wurfel","status":"publish","type":"product","link":"https:\/\/lamarzocco-de-update.testsuite.it\/de\/produkt\/la-marzocco-latte-art-wurfel\/","title":{"rendered":"la marzocco latte art W\u00fcrfel"},"content":{"rendered":"","protected":false},"excerpt":{"rendered":"<p>Ein Herz, ein Schwan und der Marzocco L\u00f6we\u00a0\u2013 rollt der W\u00fcrfel, wird der K\u00fcnstler in dir geweckt. Gie\u00dfe reine \u00c4sthetik in die Tasse, lade Freunde ein und feiere mit ihnen einen Abend der Kaffeekunst.<\/p>\n<p>Dieser Holzw\u00fcrfel bringt neue Spannung in deine Latte-Art-\u00dcbungen.<\/p>\n<p>&nbsp;<\/p>\n<p>Ma\u00dfe:<\/p>\n<p>4,5\u00a0x 4,5\u00a0cm<\/p>\n<p>Material:<\/p>\n<p>Holz<\/p>\n","protected":false},"featured_media":2037,"template":"","meta":{"_acf_changed":false},"product_brand":[],"product_cat":[31,32],"product_tag":[],"class_list":{"0":"post-2040","1":"product","2":"type-product","3":"status-publish","4":"has-post-thumbnail","6":"product_cat-barista-essential","7":"product_cat-tools","9":"first","10":"outofstock","11":"taxable","12":"shipping-taxable","13":"purchasable","14":"product-type-simple"},"composite_virtual":false,"composite_layout":"","composite_add_to_cart_form_location":"","composite_editable_in_cart":false,"composite_sold_individually_context":"","composite_shop_price_calc":"","composite_components":[],"composite_scenarios":[],"bundled_by":[],"bundle_stock_status":"outofstock","bundle_stock_quantity":0,"bundle_virtual":false,"bundle_layout":"","bundle_add_to_cart_form_location":"","bundle_editable_in_cart":false,"bundle_sold_individually_context":"","bundle_item_grouping":"","bundle_min_size":"","bundle_max_size":"","bundle_price":[],"bundled_items":[],"bundle_sell_ids":[],"acf":{"product_landing_page":"","force_redirect":false,"accordion":null},"yoast_head":"<!-- This site is optimized with the Yoast SEO plugin v25.4 - https:\/\/yoast.com\/wordpress\/plugins\/seo\/ -->\n<title>Cafe Latte Art \u00bb Trainings W\u00fcrfel<\/title>\n<meta name=\"description\" content=\"II\u27a4 Cafe Latte Art \u27a5 La Marzocco Latte Art Trainingsw\u00fcrfel \u2713 Innovatives Tool \u2713 f\u00fcr einen Abend der Kaffeekunst \u2713 wecke den K\u00fcnstler in dir \u2713.\" \/>\n<meta name=\"robots\" content=\"index, follow, max-snippet:-1, max-image-preview:large, max-video-preview:-1\" \/>\n<link rel=\"canonical\" href=\"https:\/\/lamarzocco-de-update.testsuite.it\/de\/produkt\/la-marzocco-latte-art-wurfel\/\" \/>\n<meta property=\"og:locale\" content=\"de_DE\" \/>\n<meta property=\"og:type\" content=\"article\" \/>\n<meta property=\"og:title\" content=\"Cafe Latte Art \u00bb Trainings W\u00fcrfel\" \/>\n<meta property=\"og:description\" content=\"II\u27a4 Cafe Latte Art \u27a5 La Marzocco Latte Art Trainingsw\u00fcrfel \u2713 Innovatives Tool \u2713 f\u00fcr einen Abend der Kaffeekunst \u2713 wecke den K\u00fcnstler in dir \u2713.\" \/>\n<meta property=\"og:url\" content=\"https:\/\/lamarzocco-de-update.testsuite.it\/de\/produkt\/la-marzocco-latte-art-wurfel\/\" \/>\n<meta property=\"og:site_name\" content=\"La Marzocco\" \/>\n<meta property=\"article:modified_time\" content=\"2025-07-15T08:21:21+00:00\" \/>\n<meta property=\"og:image\" content=\"https:\/\/lamarzocco-de-update.testsuite.it\/wp-content\/uploads\/2023\/04\/Y.119.png\" \/>\n\t<meta property=\"og:image:width\" content=\"1200\" \/>\n\t<meta property=\"og:image:height\" content=\"1200\" \/>\n\t<meta property=\"og:image:type\" content=\"image\/png\" \/>\n<meta name=\"twitter:card\" content=\"summary_large_image\" \/>\n<meta name=\"twitter:label1\" content=\"Gesch\u00e4tzte Lesezeit\" \/>\n\t<meta name=\"twitter:data1\" content=\"1\u00a0Minute\" \/>\n<script type=\"application\/ld+json\" class=\"yoast-schema-graph\">{\"@context\":\"https:\/\/schema.org\",\"@graph\":[{\"@type\":\"ImageObject\",\"inLanguage\":\"de\",\"@id\":\"https:\/\/lamarzocco-de-update.testsuite.it\/de\/produkt\/la-marzocco-latte-art-wurfel\/#primaryimage\",\"url\":\"https:\/\/lamarzocco-de-update.testsuite.it\/wp-content\/uploads\/2023\/04\/Y.119.png\",\"contentUrl\":\"https:\/\/lamarzocco-de-update.testsuite.it\/wp-content\/uploads\/2023\/04\/Y.119.png\",\"width\":1200,\"height\":1200}]}<\/script>\n<!-- \/ Yoast SEO plugin. -->","yoast_head_json":{"title":"Cafe Latte Art \u00bb Trainings W\u00fcrfel","description":"II\u27a4 Cafe Latte Art \u27a5 La Marzocco Latte Art Trainingsw\u00fcrfel \u2713 Innovatives Tool \u2713 f\u00fcr einen Abend der Kaffeekunst \u2713 wecke den K\u00fcnstler in dir \u2713.","robots":{"index":"index","follow":"follow","max-snippet":"max-snippet:-1","max-image-preview":"max-image-preview:large","max-video-preview":"max-video-preview:-1"},"canonical":"https:\/\/lamarzocco-de-update.testsuite.it\/de\/produkt\/la-marzocco-latte-art-wurfel\/","og_locale":"de_DE","og_type":"article","og_title":"Cafe Latte Art \u00bb Trainings W\u00fcrfel","og_description":"II\u27a4 Cafe Latte Art \u27a5 La Marzocco Latte Art Trainingsw\u00fcrfel \u2713 Innovatives Tool \u2713 f\u00fcr einen Abend der Kaffeekunst \u2713 wecke den K\u00fcnstler in dir \u2713.","og_url":"https:\/\/lamarzocco-de-update.testsuite.it\/de\/produkt\/la-marzocco-latte-art-wurfel\/","og_site_name":"La Marzocco","article_modified_time":"2025-07-15T08:21:21+00:00","og_image":[{"width":1200,"height":1200,"url":"https:\/\/lamarzocco-de-update.testsuite.it\/wp-content\/uploads\/2023\/04\/Y.119.png","type":"image\/png"}],"twitter_card":"summary_large_image","twitter_misc":{"Gesch\u00e4tzte Lesezeit":"1\u00a0Minute"},"schema":{"@context":"https:\/\/schema.org","@graph":[{"@type":"ImageObject","inLanguage":"de","@id":"https:\/\/lamarzocco-de-update.testsuite.it\/de\/produkt\/la-marzocco-latte-art-wurfel\/#primaryimage","url":"https:\/\/lamarzocco-de-update.testsuite.it\/wp-content\/uploads\/2023\/04\/Y.119.png","contentUrl":"https:\/\/lamarzocco-de-update.testsuite.it\/wp-content\/uploads\/2023\/04\/Y.119.png","width":1200,"height":1200}]}},"custom_fields":{"_sku":"Y.119","_price":"29.75"},"_links":{"self":[{"href":"https:\/\/lamarzocco-de-update.testsuite.it\/de\/wp-json\/wp\/v2\/product\/2040","targetHints":{"allow":["GET"]}}],"collection":[{"href":"https:\/\/lamarzocco-de-update.testsuite.it\/de\/wp-json\/wp\/v2\/product"}],"about":[{"href":"https:\/\/lamarzocco-de-update.testsuite.it\/de\/wp-json\/wp\/v2\/types\/product"}],"wp:featuredmedia":[{"embeddable":true,"href":"https:\/\/lamarzocco-de-update.testsuite.it\/de\/wp-json\/wp\/v2\/media\/2037"}],"wp:attachment":[{"href":"https:\/\/lamarzocco-de-update.testsuite.it\/de\/wp-json\/wp\/v2\/media?parent=2040"}],"wp:term":[{"taxonomy":"product_brand","embeddable":true,"href":"https:\/\/lamarzocco-de-update.testsuite.it\/de\/wp-json\/wp\/v2\/product_brand?post=2040"},{"taxonomy":"product_cat","embeddable":true,"href":"https:\/\/lamarzocco-de-update.testsuite.it\/de\/wp-json\/wp\/v2\/product_cat?post=2040"},{"taxonomy":"product_tag","embeddable":true,"href":"https:\/\/lamarzocco-de-update.testsuite.it\/de\/wp-json\/wp\/v2\/product_tag?post=2040"}],"curies":[{"name":"wp","href":"https:\/\/api.w.org\/{rel}","templated":true}]}}