{"id":20336,"date":"2024-07-22T09:45:26","date_gmt":"2024-07-22T07:45:26","guid":{"rendered":"https:\/\/lamarzocco-de-update.testsuite.it\/?post_type=product&#038;p=20336"},"modified":"2025-01-23T09:45:07","modified_gmt":"2025-01-23T08:45:07","slug":"linea-mini-ahorn-customization-kit","status":"publish","type":"product","link":"https:\/\/lamarzocco-de-update.testsuite.it\/de\/produkt\/linea-mini-ahorn-customization-kit\/","title":{"rendered":"Linea Mini Ahorn Customization Kit"},"content":{"rendered":"<p><img loading=\"lazy\" decoding=\"async\" class=\"alignnone size-full wp-image-20523\" src=\"https:\/\/lamarzocco-de-update.testsuite.it\/wp-content\/uploads\/2024\/08\/Linea-Mini-B-K-G-Acero-2048x640-1.png\" alt=\"\" width=\"2048\" height=\"640\" srcset=\"https:\/\/lamarzocco-de-update.testsuite.it\/wp-content\/uploads\/2024\/08\/Linea-Mini-B-K-G-Acero-2048x640-1.png 2048w, https:\/\/lamarzocco-de-update.testsuite.it\/wp-content\/uploads\/2024\/08\/Linea-Mini-B-K-G-Acero-2048x640-1-600x188.png 600w\" sizes=\"auto, (max-width: 2048px) 100vw, 2048px\" \/><\/p>\n","protected":false},"excerpt":{"rendered":"<p>Das zeitloses Design-Upgrade f\u00fcr deine Linea Mini. Das Ahorn Customization Kit wird in Italien hergestellt und wurde durch den La Marzocco Produktdesigner Stefano Della Pietra entworfen.<\/p>\n<p>Es beinhaltet die Drehgriffe f\u00fcr Dampf- und Hei\u00dfwasser, Paddelabdeckung und Paddel sowie einen Siebtr\u00e4ger-Griff aus Ahorn.A perfect touch for an espresso icon.<\/p>\n<p><em>Kompatibel mit allen Linea Mini mit Seriennummern beginnend mit \u201eMI\u201d<\/em><\/p>\n<p><em>Materialien: Holz, Edelstahl, Chrom<\/em><\/p>\n","protected":false},"featured_media":20338,"template":"","meta":{"_acf_changed":false},"product_brand":[],"product_cat":[35,163],"product_tag":[],"class_list":{"0":"post-20336","1":"product","2":"type-product","3":"status-publish","4":"has-post-thumbnail","6":"product_cat-custom-parts","7":"product_cat-linea-mini","9":"first","10":"instock","11":"taxable","12":"shipping-taxable","13":"purchasable","14":"product-type-simple"},"composite_virtual":false,"composite_layout":"","composite_add_to_cart_form_location":"","composite_editable_in_cart":false,"composite_sold_individually_context":"","composite_shop_price_calc":"","composite_components":[],"composite_scenarios":[],"bundled_by":[],"bundle_stock_status":"instock","bundle_stock_quantity":5,"bundle_virtual":false,"bundle_layout":"","bundle_add_to_cart_form_location":"","bundle_editable_in_cart":false,"bundle_sold_individually_context":"","bundle_item_grouping":"","bundle_min_size":"","bundle_max_size":"","bundle_price":[],"bundled_items":[],"bundle_sell_ids":[],"acf":{"product_landing_page":"","force_redirect":false,"accordion":null},"yoast_head":"<!-- This site is optimized with the Yoast SEO plugin v25.4 - https:\/\/yoast.com\/wordpress\/plugins\/seo\/ -->\n<title>Mini Ahorn \u00bb La Marzocco Customization Kit<\/title>\n<meta name=\"description\" content=\"II\u27a4 Mini Ahorn \u27a5 Customization Kit aus edlem Ahornholz \u2713 hochwertiges Material \u2713 zeitloses Design-Upgrade f\u00fcr deine Linea Mini \u2713 in Italien hergestellt \u2713.\" \/>\n<meta name=\"robots\" content=\"index, follow, max-snippet:-1, max-image-preview:large, max-video-preview:-1\" \/>\n<link rel=\"canonical\" href=\"https:\/\/lamarzocco-de-update.testsuite.it\/de\/produkt\/linea-mini-ahorn-customization-kit\/\" \/>\n<meta property=\"og:locale\" content=\"de_DE\" \/>\n<meta property=\"og:type\" content=\"article\" \/>\n<meta property=\"og:title\" content=\"Mini Ahorn \u00bb La Marzocco Customization Kit\" \/>\n<meta property=\"og:description\" content=\"II\u27a4 Mini Ahorn \u27a5 Customization Kit aus edlem Ahornholz \u2713 hochwertiges Material \u2713 zeitloses Design-Upgrade f\u00fcr deine Linea Mini \u2713 in Italien hergestellt \u2713.\" \/>\n<meta property=\"og:url\" content=\"https:\/\/lamarzocco-de-update.testsuite.it\/de\/produkt\/linea-mini-ahorn-customization-kit\/\" \/>\n<meta property=\"og:site_name\" content=\"La Marzocco\" \/>\n<meta property=\"article:modified_time\" content=\"2025-01-23T08:45:07+00:00\" \/>\n<meta property=\"og:image\" content=\"https:\/\/lamarzocco-de-update.testsuite.it\/wp-content\/uploads\/2024\/07\/LM-Linea-Acc-Maple.png\" \/>\n\t<meta property=\"og:image:width\" content=\"2500\" \/>\n\t<meta property=\"og:image:height\" content=\"2500\" \/>\n\t<meta property=\"og:image:type\" content=\"image\/png\" \/>\n<meta name=\"twitter:card\" content=\"summary_large_image\" \/>\n<meta name=\"twitter:label1\" content=\"Gesch\u00e4tzte Lesezeit\" \/>\n\t<meta name=\"twitter:data1\" content=\"1\u00a0Minute\" \/>\n<script type=\"application\/ld+json\" class=\"yoast-schema-graph\">{\"@context\":\"https:\/\/schema.org\",\"@graph\":[{\"@type\":\"ImageObject\",\"inLanguage\":\"de\",\"@id\":\"https:\/\/lamarzocco-de-update.testsuite.it\/de\/produkt\/linea-mini-ahorn-customization-kit\/#primaryimage\",\"url\":\"https:\/\/lamarzocco-de-update.testsuite.it\/wp-content\/uploads\/2024\/07\/LM-Linea-Acc-Maple.png\",\"contentUrl\":\"https:\/\/lamarzocco-de-update.testsuite.it\/wp-content\/uploads\/2024\/07\/LM-Linea-Acc-Maple.png\",\"width\":2500,\"height\":2500,\"caption\":\"Komplettes La Marzocco Linea Mini Customization Kit mit Zubeh\u00f6r aus hellem Holz: Siebtr\u00e4gergriff, Paddel, Paddelabdeckung und zwei Drehventile \u2013 stilvolle Aufwertung f\u00fcr Espressomaschinen in Gastronomie und f\u00fcr professionelle Kaffeezubereitung zu Hause\"}]}<\/script>\n<!-- \/ Yoast SEO plugin. -->","yoast_head_json":{"title":"Mini Ahorn \u00bb La Marzocco Customization Kit","description":"II\u27a4 Mini Ahorn \u27a5 Customization Kit aus edlem Ahornholz \u2713 hochwertiges Material \u2713 zeitloses Design-Upgrade f\u00fcr deine Linea Mini \u2713 in Italien hergestellt \u2713.","robots":{"index":"index","follow":"follow","max-snippet":"max-snippet:-1","max-image-preview":"max-image-preview:large","max-video-preview":"max-video-preview:-1"},"canonical":"https:\/\/lamarzocco-de-update.testsuite.it\/de\/produkt\/linea-mini-ahorn-customization-kit\/","og_locale":"de_DE","og_type":"article","og_title":"Mini Ahorn \u00bb La Marzocco Customization Kit","og_description":"II\u27a4 Mini Ahorn \u27a5 Customization Kit aus edlem Ahornholz \u2713 hochwertiges Material \u2713 zeitloses Design-Upgrade f\u00fcr deine Linea Mini \u2713 in Italien hergestellt \u2713.","og_url":"https:\/\/lamarzocco-de-update.testsuite.it\/de\/produkt\/linea-mini-ahorn-customization-kit\/","og_site_name":"La Marzocco","article_modified_time":"2025-01-23T08:45:07+00:00","og_image":[{"width":2500,"height":2500,"url":"https:\/\/lamarzocco-de-update.testsuite.it\/wp-content\/uploads\/2024\/07\/LM-Linea-Acc-Maple.png","type":"image\/png"}],"twitter_card":"summary_large_image","twitter_misc":{"Gesch\u00e4tzte Lesezeit":"1\u00a0Minute"},"schema":{"@context":"https:\/\/schema.org","@graph":[{"@type":"ImageObject","inLanguage":"de","@id":"https:\/\/lamarzocco-de-update.testsuite.it\/de\/produkt\/linea-mini-ahorn-customization-kit\/#primaryimage","url":"https:\/\/lamarzocco-de-update.testsuite.it\/wp-content\/uploads\/2024\/07\/LM-Linea-Acc-Maple.png","contentUrl":"https:\/\/lamarzocco-de-update.testsuite.it\/wp-content\/uploads\/2024\/07\/LM-Linea-Acc-Maple.png","width":2500,"height":2500,"caption":"Komplettes La Marzocco Linea Mini Customization Kit mit Zubeh\u00f6r aus hellem Holz: Siebtr\u00e4gergriff, Paddel, Paddelabdeckung und zwei Drehventile \u2013 stilvolle Aufwertung f\u00fcr Espressomaschinen in Gastronomie und f\u00fcr professionelle Kaffeezubereitung zu Hause"}]}},"custom_fields":{"_sku":"Y.218","_price":"886.55"},"_links":{"self":[{"href":"https:\/\/lamarzocco-de-update.testsuite.it\/de\/wp-json\/wp\/v2\/product\/20336","targetHints":{"allow":["GET"]}}],"collection":[{"href":"https:\/\/lamarzocco-de-update.testsuite.it\/de\/wp-json\/wp\/v2\/product"}],"about":[{"href":"https:\/\/lamarzocco-de-update.testsuite.it\/de\/wp-json\/wp\/v2\/types\/product"}],"wp:featuredmedia":[{"embeddable":true,"href":"https:\/\/lamarzocco-de-update.testsuite.it\/de\/wp-json\/wp\/v2\/media\/20338"}],"wp:attachment":[{"href":"https:\/\/lamarzocco-de-update.testsuite.it\/de\/wp-json\/wp\/v2\/media?parent=20336"}],"wp:term":[{"taxonomy":"product_brand","embeddable":true,"href":"https:\/\/lamarzocco-de-update.testsuite.it\/de\/wp-json\/wp\/v2\/product_brand?post=20336"},{"taxonomy":"product_cat","embeddable":true,"href":"https:\/\/lamarzocco-de-update.testsuite.it\/de\/wp-json\/wp\/v2\/product_cat?post=20336"},{"taxonomy":"product_tag","embeddable":true,"href":"https:\/\/lamarzocco-de-update.testsuite.it\/de\/wp-json\/wp\/v2\/product_tag?post=20336"}],"curies":[{"name":"wp","href":"https:\/\/api.w.org\/{rel}","templated":true}]}}