{"id":2013,"date":"2023-04-20T11:43:24","date_gmt":"2023-04-20T09:43:24","guid":{"rendered":"https:\/\/lamarzocco-de-update.testsuite.it\/product\/waterproof-canvas-apron\/"},"modified":"2025-02-04T19:24:47","modified_gmt":"2025-02-04T18:24:47","slug":"schurze-aus-wasserdichtem-segeltuch","status":"publish","type":"product","link":"https:\/\/lamarzocco-de-update.testsuite.it\/de\/produkt\/schurze-aus-wasserdichtem-segeltuch\/","title":{"rendered":"Sch\u00fcrze aus wasserdichtem Segeltuch"},"content":{"rendered":"","protected":false},"excerpt":{"rendered":"<p>Erweitere deine Arbeitsgarderobe um diese coole Sch\u00fcrze aus Segeltuch. Die elegante und best\u00e4ndige Sch\u00fcrze wurde zu 100\u00a0% aus sanforisierter Baumwolle gefertigt und pr\u00e4sentiert sich mit handgestickten hellbraunen Lederdetails und einem kleinen Marzocco L\u00f6wen auf der Brusttasche. Und das ist noch nicht alles: Das wasserfeste Material verhindert, dass Wasser (und Kaffee) in den Stoff eindringen, und der stylische Aufdruck rundet die Bramby Supply for La\u00a0Marzocco Sch\u00fcrze gekonnt ab.<\/p>\n<p>Die B\u00e4nder erm\u00f6glichen eine Anpassung an verschiedene Gr\u00f6\u00dfen und k\u00f6nnen zum Waschen entfernt werden.<\/p>\n<p>Materialien: 100\u00a0% sanforisierte Baumwolle, Leder<\/p>\n","protected":false},"featured_media":3118,"template":"","meta":{"_acf_changed":false},"product_brand":[],"product_cat":[31,73],"product_tag":[],"class_list":{"0":"post-2013","1":"product","2":"type-product","3":"status-publish","4":"has-post-thumbnail","6":"product_cat-barista-essential","7":"product_cat-bekleidung-barista-essential","9":"first","10":"outofstock","11":"taxable","12":"shipping-taxable","13":"purchasable","14":"product-type-simple"},"composite_virtual":false,"composite_layout":"","composite_add_to_cart_form_location":"","composite_editable_in_cart":false,"composite_sold_individually_context":"","composite_shop_price_calc":"","composite_components":[],"composite_scenarios":[],"bundled_by":[],"bundle_stock_status":"outofstock","bundle_stock_quantity":0,"bundle_virtual":false,"bundle_layout":"","bundle_add_to_cart_form_location":"","bundle_editable_in_cart":false,"bundle_sold_individually_context":"","bundle_item_grouping":"","bundle_min_size":"","bundle_max_size":"","bundle_price":[],"bundled_items":[],"bundle_sell_ids":[],"acf":{"product_landing_page":"","force_redirect":false,"accordion":null},"yoast_head":"<!-- This site is optimized with the Yoast SEO plugin v25.4 - https:\/\/yoast.com\/wordpress\/plugins\/seo\/ -->\n<title>Sch\u00fcrze aus wasserdichtem Segeltuch - La Marzocco<\/title>\n<meta name=\"robots\" content=\"index, follow, max-snippet:-1, max-image-preview:large, max-video-preview:-1\" \/>\n<link rel=\"canonical\" href=\"https:\/\/lamarzocco-de-update.testsuite.it\/de\/produkt\/schurze-aus-wasserdichtem-segeltuch\/\" \/>\n<meta property=\"og:locale\" content=\"de_DE\" \/>\n<meta property=\"og:type\" content=\"article\" \/>\n<meta property=\"og:title\" content=\"Sch\u00fcrze aus wasserdichtem Segeltuch - La Marzocco\" \/>\n<meta property=\"og:description\" content=\"Erweitere deine Arbeitsgarderobe um diese coole Sch\u00fcrze aus Segeltuch. Die elegante und best\u00e4ndige Sch\u00fcrze wurde zu 100\u00a0% aus sanforisierter Baumwolle gefertigt und pr\u00e4sentiert sich mit handgestickten hellbraunen Lederdetails und einem kleinen Marzocco L\u00f6wen auf der Brusttasche. Und das ist noch nicht alles: Das wasserfeste Material verhindert, dass Wasser (und Kaffee) in den Stoff eindringen, und der stylische Aufdruck rundet die Bramby Supply for La\u00a0Marzocco Sch\u00fcrze gekonnt ab.  Die B\u00e4nder erm\u00f6glichen eine Anpassung an verschiedene Gr\u00f6\u00dfen und k\u00f6nnen zum Waschen entfernt werden.  Materialien: 100\u00a0% sanforisierte Baumwolle, Leder\" \/>\n<meta property=\"og:url\" content=\"https:\/\/lamarzocco-de-update.testsuite.it\/de\/produkt\/schurze-aus-wasserdichtem-segeltuch\/\" \/>\n<meta property=\"og:site_name\" content=\"La Marzocco\" \/>\n<meta property=\"article:modified_time\" content=\"2025-02-04T18:24:47+00:00\" \/>\n<meta property=\"og:image\" content=\"https:\/\/lamarzocco-de-update.testsuite.it\/wp-content\/uploads\/2023\/06\/Y.1.075.png\" \/>\n\t<meta property=\"og:image:width\" content=\"1200\" \/>\n\t<meta property=\"og:image:height\" content=\"1200\" \/>\n\t<meta property=\"og:image:type\" content=\"image\/png\" \/>\n<meta name=\"twitter:card\" content=\"summary_large_image\" \/>\n<script type=\"application\/ld+json\" class=\"yoast-schema-graph\">{\"@context\":\"https:\/\/schema.org\",\"@graph\":[{\"@type\":\"ImageObject\",\"inLanguage\":\"de\",\"@id\":\"https:\/\/lamarzocco-de-update.testsuite.it\/de\/produkt\/schurze-aus-wasserdichtem-segeltuch\/#primaryimage\",\"url\":\"https:\/\/lamarzocco-de-update.testsuite.it\/wp-content\/uploads\/2023\/06\/Y.1.075.png\",\"contentUrl\":\"https:\/\/lamarzocco-de-update.testsuite.it\/wp-content\/uploads\/2023\/06\/Y.1.075.png\",\"width\":1200,\"height\":1200,\"caption\":\"La Marzocco Barista-Sch\u00fcrze aus robustem, wasserdichtem Segeltuch mit hochwertiger Lederapplikation.\"}]}<\/script>\n<!-- \/ Yoast SEO plugin. -->","yoast_head_json":{"title":"Sch\u00fcrze aus wasserdichtem Segeltuch - La Marzocco","robots":{"index":"index","follow":"follow","max-snippet":"max-snippet:-1","max-image-preview":"max-image-preview:large","max-video-preview":"max-video-preview:-1"},"canonical":"https:\/\/lamarzocco-de-update.testsuite.it\/de\/produkt\/schurze-aus-wasserdichtem-segeltuch\/","og_locale":"de_DE","og_type":"article","og_title":"Sch\u00fcrze aus wasserdichtem Segeltuch - La Marzocco","og_description":"Erweitere deine Arbeitsgarderobe um diese coole Sch\u00fcrze aus Segeltuch. Die elegante und best\u00e4ndige Sch\u00fcrze wurde zu 100\u00a0% aus sanforisierter Baumwolle gefertigt und pr\u00e4sentiert sich mit handgestickten hellbraunen Lederdetails und einem kleinen Marzocco L\u00f6wen auf der Brusttasche. Und das ist noch nicht alles: Das wasserfeste Material verhindert, dass Wasser (und Kaffee) in den Stoff eindringen, und der stylische Aufdruck rundet die Bramby Supply for La\u00a0Marzocco Sch\u00fcrze gekonnt ab.  Die B\u00e4nder erm\u00f6glichen eine Anpassung an verschiedene Gr\u00f6\u00dfen und k\u00f6nnen zum Waschen entfernt werden.  Materialien: 100\u00a0% sanforisierte Baumwolle, Leder","og_url":"https:\/\/lamarzocco-de-update.testsuite.it\/de\/produkt\/schurze-aus-wasserdichtem-segeltuch\/","og_site_name":"La Marzocco","article_modified_time":"2025-02-04T18:24:47+00:00","og_image":[{"width":1200,"height":1200,"url":"https:\/\/lamarzocco-de-update.testsuite.it\/wp-content\/uploads\/2023\/06\/Y.1.075.png","type":"image\/png"}],"twitter_card":"summary_large_image","schema":{"@context":"https:\/\/schema.org","@graph":[{"@type":"ImageObject","inLanguage":"de","@id":"https:\/\/lamarzocco-de-update.testsuite.it\/de\/produkt\/schurze-aus-wasserdichtem-segeltuch\/#primaryimage","url":"https:\/\/lamarzocco-de-update.testsuite.it\/wp-content\/uploads\/2023\/06\/Y.1.075.png","contentUrl":"https:\/\/lamarzocco-de-update.testsuite.it\/wp-content\/uploads\/2023\/06\/Y.1.075.png","width":1200,"height":1200,"caption":"La Marzocco Barista-Sch\u00fcrze aus robustem, wasserdichtem Segeltuch mit hochwertiger Lederapplikation."}]}},"custom_fields":{"_sku":"Y.1.075","_price":"166.6"},"_links":{"self":[{"href":"https:\/\/lamarzocco-de-update.testsuite.it\/de\/wp-json\/wp\/v2\/product\/2013","targetHints":{"allow":["GET"]}}],"collection":[{"href":"https:\/\/lamarzocco-de-update.testsuite.it\/de\/wp-json\/wp\/v2\/product"}],"about":[{"href":"https:\/\/lamarzocco-de-update.testsuite.it\/de\/wp-json\/wp\/v2\/types\/product"}],"wp:featuredmedia":[{"embeddable":true,"href":"https:\/\/lamarzocco-de-update.testsuite.it\/de\/wp-json\/wp\/v2\/media\/3118"}],"wp:attachment":[{"href":"https:\/\/lamarzocco-de-update.testsuite.it\/de\/wp-json\/wp\/v2\/media?parent=2013"}],"wp:term":[{"taxonomy":"product_brand","embeddable":true,"href":"https:\/\/lamarzocco-de-update.testsuite.it\/de\/wp-json\/wp\/v2\/product_brand?post=2013"},{"taxonomy":"product_cat","embeddable":true,"href":"https:\/\/lamarzocco-de-update.testsuite.it\/de\/wp-json\/wp\/v2\/product_cat?post=2013"},{"taxonomy":"product_tag","embeddable":true,"href":"https:\/\/lamarzocco-de-update.testsuite.it\/de\/wp-json\/wp\/v2\/product_tag?post=2013"}],"curies":[{"name":"wp","href":"https:\/\/api.w.org\/{rel}","templated":true}]}}