{"id":2012,"date":"2023-04-20T11:43:24","date_gmt":"2023-04-20T09:43:24","guid":{"rendered":"https:\/\/lamarzocco-de-update.testsuite.it\/product\/recycled-apron\/"},"modified":"2025-06-04T15:17:05","modified_gmt":"2025-06-04T13:17:05","slug":"schurze-aus-recyceltem-material","status":"publish","type":"product","link":"https:\/\/lamarzocco-de-update.testsuite.it\/de\/produkt\/schurze-aus-recyceltem-material\/","title":{"rendered":"Sch\u00fcrze aus recyceltem Material"},"content":{"rendered":"","protected":false},"excerpt":{"rendered":"<p>Diese langlebige, robuste Sch\u00fcrze von Bramby Supply ist perfekt f\u00fcr den gesch\u00e4ftigen Tag eines Baristas. Sie besteht zu einhundert Prozent aus innovativen Materialien, die aus recycelten Plastikflaschen gewonnen wurden. Die schwarzen Ledertaschen und -riemen sind nicht nur langlebig, sondern auch ein echter Hingucker.<br \/>\nDie B\u00e4nder erm\u00f6glichen eine Anpassung an verschiedene Gr\u00f6\u00dfen und k\u00f6nnen zum Waschen entfernt werden.<\/p>\n<p>Waschanweisungen: Das Material geht beim ersten Waschgang um etwa 5\u00a0% ein. Daher empfiehlt sich eine separate W\u00e4sche in kaltem Wasser.<\/p>\n<p>Materialien: PET (Polyethylenterephthalat) 100\u00a0%; Leder<\/p>\n","protected":false},"featured_media":3115,"template":"","meta":{"_acf_changed":false},"product_brand":[],"product_cat":[31,73],"product_tag":[],"class_list":{"0":"post-2012","1":"product","2":"type-product","3":"status-publish","4":"has-post-thumbnail","6":"product_cat-barista-essential","7":"product_cat-bekleidung-barista-essential","9":"first","10":"instock","11":"taxable","12":"shipping-taxable","13":"purchasable","14":"product-type-simple"},"composite_virtual":false,"composite_layout":"","composite_add_to_cart_form_location":"","composite_editable_in_cart":false,"composite_sold_individually_context":"","composite_shop_price_calc":"","composite_components":[],"composite_scenarios":[],"bundled_by":[],"bundle_stock_status":"instock","bundle_stock_quantity":4,"bundle_virtual":false,"bundle_layout":"","bundle_add_to_cart_form_location":"","bundle_editable_in_cart":false,"bundle_sold_individually_context":"","bundle_item_grouping":"","bundle_min_size":"","bundle_max_size":"","bundle_price":[],"bundled_items":[],"bundle_sell_ids":[],"acf":{"product_landing_page":"","force_redirect":false,"accordion":null},"yoast_head":"<!-- This site is optimized with the Yoast SEO plugin v25.4 - https:\/\/yoast.com\/wordpress\/plugins\/seo\/ -->\n<title>Sch\u00fcrze aus recyceltem Material - La Marzocco<\/title>\n<meta name=\"robots\" content=\"index, follow, max-snippet:-1, max-image-preview:large, max-video-preview:-1\" \/>\n<link rel=\"canonical\" href=\"https:\/\/lamarzocco-de-update.testsuite.it\/de\/produkt\/schurze-aus-recyceltem-material\/\" \/>\n<meta property=\"og:locale\" content=\"de_DE\" \/>\n<meta property=\"og:type\" content=\"article\" \/>\n<meta property=\"og:title\" content=\"Sch\u00fcrze aus recyceltem Material - La Marzocco\" \/>\n<meta property=\"og:description\" content=\"Diese langlebige, robuste Sch\u00fcrze von Bramby Supply ist perfekt f\u00fcr den gesch\u00e4ftigen Tag eines Baristas. Sie besteht zu einhundert Prozent aus innovativen Materialien, die aus recycelten Plastikflaschen gewonnen wurden. Die schwarzen Ledertaschen und -riemen sind nicht nur langlebig, sondern auch ein echter Hingucker. Die B\u00e4nder erm\u00f6glichen eine Anpassung an verschiedene Gr\u00f6\u00dfen und k\u00f6nnen zum Waschen entfernt werden.  Waschanweisungen: Das Material geht beim ersten Waschgang um etwa 5\u00a0% ein. Daher empfiehlt sich eine separate W\u00e4sche in kaltem Wasser.  Materialien: PET (Polyethylenterephthalat) 100\u00a0%; Leder\" \/>\n<meta property=\"og:url\" content=\"https:\/\/lamarzocco-de-update.testsuite.it\/de\/produkt\/schurze-aus-recyceltem-material\/\" \/>\n<meta property=\"og:site_name\" content=\"La Marzocco\" \/>\n<meta property=\"article:modified_time\" content=\"2025-06-04T13:17:05+00:00\" \/>\n<meta property=\"og:image\" content=\"https:\/\/lamarzocco-de-update.testsuite.it\/wp-content\/uploads\/2023\/06\/Y.1.076.png\" \/>\n\t<meta property=\"og:image:width\" content=\"1200\" \/>\n\t<meta property=\"og:image:height\" content=\"1200\" \/>\n\t<meta property=\"og:image:type\" content=\"image\/png\" \/>\n<meta name=\"twitter:card\" content=\"summary_large_image\" \/>\n<meta name=\"twitter:label1\" content=\"Gesch\u00e4tzte Lesezeit\" \/>\n\t<meta name=\"twitter:data1\" content=\"1\u00a0Minute\" \/>\n<script type=\"application\/ld+json\" class=\"yoast-schema-graph\">{\"@context\":\"https:\/\/schema.org\",\"@graph\":[{\"@type\":\"ImageObject\",\"inLanguage\":\"de\",\"@id\":\"https:\/\/lamarzocco-de-update.testsuite.it\/de\/produkt\/schurze-aus-recyceltem-material\/#primaryimage\",\"url\":\"https:\/\/lamarzocco-de-update.testsuite.it\/wp-content\/uploads\/2023\/06\/Y.1.076.png\",\"contentUrl\":\"https:\/\/lamarzocco-de-update.testsuite.it\/wp-content\/uploads\/2023\/06\/Y.1.076.png\",\"width\":1200,\"height\":1200,\"caption\":\"La Marzocco Barista-Sch\u00fcrze aus robustem, wasserdichtem Segeltuch mit hochwertiger Lederapplikation.\"}]}<\/script>\n<!-- \/ Yoast SEO plugin. -->","yoast_head_json":{"title":"Sch\u00fcrze aus recyceltem Material - La Marzocco","robots":{"index":"index","follow":"follow","max-snippet":"max-snippet:-1","max-image-preview":"max-image-preview:large","max-video-preview":"max-video-preview:-1"},"canonical":"https:\/\/lamarzocco-de-update.testsuite.it\/de\/produkt\/schurze-aus-recyceltem-material\/","og_locale":"de_DE","og_type":"article","og_title":"Sch\u00fcrze aus recyceltem Material - La Marzocco","og_description":"Diese langlebige, robuste Sch\u00fcrze von Bramby Supply ist perfekt f\u00fcr den gesch\u00e4ftigen Tag eines Baristas. Sie besteht zu einhundert Prozent aus innovativen Materialien, die aus recycelten Plastikflaschen gewonnen wurden. Die schwarzen Ledertaschen und -riemen sind nicht nur langlebig, sondern auch ein echter Hingucker. Die B\u00e4nder erm\u00f6glichen eine Anpassung an verschiedene Gr\u00f6\u00dfen und k\u00f6nnen zum Waschen entfernt werden.  Waschanweisungen: Das Material geht beim ersten Waschgang um etwa 5\u00a0% ein. Daher empfiehlt sich eine separate W\u00e4sche in kaltem Wasser.  Materialien: PET (Polyethylenterephthalat) 100\u00a0%; Leder","og_url":"https:\/\/lamarzocco-de-update.testsuite.it\/de\/produkt\/schurze-aus-recyceltem-material\/","og_site_name":"La Marzocco","article_modified_time":"2025-06-04T13:17:05+00:00","og_image":[{"width":1200,"height":1200,"url":"https:\/\/lamarzocco-de-update.testsuite.it\/wp-content\/uploads\/2023\/06\/Y.1.076.png","type":"image\/png"}],"twitter_card":"summary_large_image","twitter_misc":{"Gesch\u00e4tzte Lesezeit":"1\u00a0Minute"},"schema":{"@context":"https:\/\/schema.org","@graph":[{"@type":"ImageObject","inLanguage":"de","@id":"https:\/\/lamarzocco-de-update.testsuite.it\/de\/produkt\/schurze-aus-recyceltem-material\/#primaryimage","url":"https:\/\/lamarzocco-de-update.testsuite.it\/wp-content\/uploads\/2023\/06\/Y.1.076.png","contentUrl":"https:\/\/lamarzocco-de-update.testsuite.it\/wp-content\/uploads\/2023\/06\/Y.1.076.png","width":1200,"height":1200,"caption":"La Marzocco Barista-Sch\u00fcrze aus robustem, wasserdichtem Segeltuch mit hochwertiger Lederapplikation."}]}},"custom_fields":{"_sku":"Y.1.076","_price":"119"},"_links":{"self":[{"href":"https:\/\/lamarzocco-de-update.testsuite.it\/de\/wp-json\/wp\/v2\/product\/2012","targetHints":{"allow":["GET"]}}],"collection":[{"href":"https:\/\/lamarzocco-de-update.testsuite.it\/de\/wp-json\/wp\/v2\/product"}],"about":[{"href":"https:\/\/lamarzocco-de-update.testsuite.it\/de\/wp-json\/wp\/v2\/types\/product"}],"wp:featuredmedia":[{"embeddable":true,"href":"https:\/\/lamarzocco-de-update.testsuite.it\/de\/wp-json\/wp\/v2\/media\/3115"}],"wp:attachment":[{"href":"https:\/\/lamarzocco-de-update.testsuite.it\/de\/wp-json\/wp\/v2\/media?parent=2012"}],"wp:term":[{"taxonomy":"product_brand","embeddable":true,"href":"https:\/\/lamarzocco-de-update.testsuite.it\/de\/wp-json\/wp\/v2\/product_brand?post=2012"},{"taxonomy":"product_cat","embeddable":true,"href":"https:\/\/lamarzocco-de-update.testsuite.it\/de\/wp-json\/wp\/v2\/product_cat?post=2012"},{"taxonomy":"product_tag","embeddable":true,"href":"https:\/\/lamarzocco-de-update.testsuite.it\/de\/wp-json\/wp\/v2\/product_tag?post=2012"}],"curies":[{"name":"wp","href":"https:\/\/api.w.org\/{rel}","templated":true}]}}