{"id":1995,"date":"2023-04-20T11:43:23","date_gmt":"2023-04-20T09:43:23","guid":{"rendered":"https:\/\/lamarzocco-de-update.testsuite.it\/product\/cupping-bowl\/"},"modified":"2025-09-12T16:02:43","modified_gmt":"2025-09-12T14:02:43","slug":"cupping-bowl","status":"publish","type":"product","link":"https:\/\/lamarzocco-de-update.testsuite.it\/de\/produkt\/cupping-bowl\/","title":{"rendered":"Cupping bowl"},"content":{"rendered":"","protected":false},"excerpt":{"rendered":"<p>Jeder wei\u00df, dass die Arbeit des Kaffeetesters nie endet. Mit der La\u00a0Marzocco Taster-Tasse kannst du immer weiter probieren. Die 210-ml-Taster-Tasse aus Porzellan von ACME zeichnet sich durch ihre gl\u00e4nzend-wei\u00dfe Oberfl\u00e4che aus und verf\u00fcgt \u00fcber genau die richtige Wandst\u00e4rke f\u00fcr einen ausgewogenen Temperaturerhalt. Damit wird jeder Schluck zur Perfektion!<\/p>\n<p>Ma\u00dfe:<br \/>\nH\u00f6he: 76\u00a0mm\u00a0\/ 3\u00a0Zoll<br \/>\nDurchmesser: 90\u00a0mm\u00a0\/ 3,5\u00a0Zoll<br \/>\nDurchmesser (Boden): 48\u00a0mm\u00a0\/ 1,9\u00a0Zoll<br \/>\nFassungsverm\u00f6gen: 210\u00a0ml\u00a0\/ 7\u00a0oz<\/p>\n<p>Material: Porzellan<\/p>\n","protected":false},"featured_media":3164,"template":"","meta":{"_acf_changed":false},"product_brand":[],"product_cat":[31,32],"product_tag":[],"class_list":{"0":"post-1995","1":"product","2":"type-product","3":"status-publish","4":"has-post-thumbnail","6":"product_cat-barista-essential","7":"product_cat-tools","9":"first","10":"outofstock","11":"taxable","12":"shipping-taxable","13":"purchasable","14":"product-type-simple"},"composite_virtual":false,"composite_layout":"","composite_add_to_cart_form_location":"","composite_editable_in_cart":false,"composite_sold_individually_context":"","composite_shop_price_calc":"","composite_components":[],"composite_scenarios":[],"bundled_by":[],"bundle_stock_status":"outofstock","bundle_stock_quantity":0,"bundle_virtual":false,"bundle_layout":"","bundle_add_to_cart_form_location":"","bundle_editable_in_cart":false,"bundle_sold_individually_context":"","bundle_item_grouping":"","bundle_min_size":"","bundle_max_size":"","bundle_price":[],"bundled_items":[],"bundle_sell_ids":[],"acf":{"product_landing_page":"","force_redirect":false,"accordion":null},"yoast_head":"<!-- This site is optimized with the Yoast SEO plugin v25.4 - https:\/\/yoast.com\/wordpress\/plugins\/seo\/ -->\n<title>Cupping bowl - La Marzocco<\/title>\n<meta name=\"robots\" content=\"index, follow, max-snippet:-1, max-image-preview:large, max-video-preview:-1\" \/>\n<link rel=\"canonical\" href=\"https:\/\/lamarzocco-de-update.testsuite.it\/de\/produkt\/cupping-bowl\/\" \/>\n<meta property=\"og:locale\" content=\"de_DE\" \/>\n<meta property=\"og:type\" content=\"article\" \/>\n<meta property=\"og:title\" content=\"Cupping bowl - La Marzocco\" \/>\n<meta property=\"og:description\" content=\"Jeder wei\u00df, dass die Arbeit des Kaffeetesters nie endet. Mit der La\u00a0Marzocco Taster-Tasse kannst du immer weiter probieren. Die 210-ml-Taster-Tasse aus Porzellan von ACME zeichnet sich durch ihre gl\u00e4nzend-wei\u00dfe Oberfl\u00e4che aus und verf\u00fcgt \u00fcber genau die richtige Wandst\u00e4rke f\u00fcr einen ausgewogenen Temperaturerhalt. Damit wird jeder Schluck zur Perfektion!  Ma\u00dfe: H\u00f6he: 76\u00a0mm\u00a0\/ 3\u00a0Zoll Durchmesser: 90\u00a0mm\u00a0\/ 3,5\u00a0Zoll Durchmesser (Boden): 48\u00a0mm\u00a0\/ 1,9\u00a0Zoll Fassungsverm\u00f6gen: 210\u00a0ml\u00a0\/ 7\u00a0oz  Material: Porzellan\" \/>\n<meta property=\"og:url\" content=\"https:\/\/lamarzocco-de-update.testsuite.it\/de\/produkt\/cupping-bowl\/\" \/>\n<meta property=\"og:site_name\" content=\"La Marzocco\" \/>\n<meta property=\"article:modified_time\" content=\"2025-09-12T14:02:43+00:00\" \/>\n<meta property=\"og:image\" content=\"https:\/\/lamarzocco-de-update.testsuite.it\/wp-content\/uploads\/2023\/06\/Y.008.png\" \/>\n\t<meta property=\"og:image:width\" content=\"1200\" \/>\n\t<meta property=\"og:image:height\" content=\"1200\" \/>\n\t<meta property=\"og:image:type\" content=\"image\/png\" \/>\n<meta name=\"twitter:card\" content=\"summary_large_image\" \/>\n<meta name=\"twitter:label1\" content=\"Gesch\u00e4tzte Lesezeit\" \/>\n\t<meta name=\"twitter:data1\" content=\"1\u00a0Minute\" \/>\n<script type=\"application\/ld+json\" class=\"yoast-schema-graph\">{\"@context\":\"https:\/\/schema.org\",\"@graph\":[{\"@type\":\"ImageObject\",\"inLanguage\":\"de\",\"@id\":\"https:\/\/lamarzocco-de-update.testsuite.it\/de\/produkt\/cupping-bowl\/#primaryimage\",\"url\":\"https:\/\/lamarzocco-de-update.testsuite.it\/wp-content\/uploads\/2023\/06\/Y.008.png\",\"contentUrl\":\"https:\/\/lamarzocco-de-update.testsuite.it\/wp-content\/uploads\/2023\/06\/Y.008.png\",\"width\":1200,\"height\":1200,\"caption\":\"Wei\u00dfe Espressoschale ohne Henkel in klassischem Design \u2013 ideal f\u00fcr den Einsatz im Caf\u00e9-Equipment oder als stilvolles Barista Tool zur professionellen Kaffeezubereitung. Passend f\u00fcr Siebtr\u00e4germaschinen wie die La Marzocco Linea Mini.\"}]}<\/script>\n<!-- \/ Yoast SEO plugin. -->","yoast_head_json":{"title":"Cupping bowl - La Marzocco","robots":{"index":"index","follow":"follow","max-snippet":"max-snippet:-1","max-image-preview":"max-image-preview:large","max-video-preview":"max-video-preview:-1"},"canonical":"https:\/\/lamarzocco-de-update.testsuite.it\/de\/produkt\/cupping-bowl\/","og_locale":"de_DE","og_type":"article","og_title":"Cupping bowl - La Marzocco","og_description":"Jeder wei\u00df, dass die Arbeit des Kaffeetesters nie endet. Mit der La\u00a0Marzocco Taster-Tasse kannst du immer weiter probieren. Die 210-ml-Taster-Tasse aus Porzellan von ACME zeichnet sich durch ihre gl\u00e4nzend-wei\u00dfe Oberfl\u00e4che aus und verf\u00fcgt \u00fcber genau die richtige Wandst\u00e4rke f\u00fcr einen ausgewogenen Temperaturerhalt. Damit wird jeder Schluck zur Perfektion!  Ma\u00dfe: H\u00f6he: 76\u00a0mm\u00a0\/ 3\u00a0Zoll Durchmesser: 90\u00a0mm\u00a0\/ 3,5\u00a0Zoll Durchmesser (Boden): 48\u00a0mm\u00a0\/ 1,9\u00a0Zoll Fassungsverm\u00f6gen: 210\u00a0ml\u00a0\/ 7\u00a0oz  Material: Porzellan","og_url":"https:\/\/lamarzocco-de-update.testsuite.it\/de\/produkt\/cupping-bowl\/","og_site_name":"La Marzocco","article_modified_time":"2025-09-12T14:02:43+00:00","og_image":[{"width":1200,"height":1200,"url":"https:\/\/lamarzocco-de-update.testsuite.it\/wp-content\/uploads\/2023\/06\/Y.008.png","type":"image\/png"}],"twitter_card":"summary_large_image","twitter_misc":{"Gesch\u00e4tzte Lesezeit":"1\u00a0Minute"},"schema":{"@context":"https:\/\/schema.org","@graph":[{"@type":"ImageObject","inLanguage":"de","@id":"https:\/\/lamarzocco-de-update.testsuite.it\/de\/produkt\/cupping-bowl\/#primaryimage","url":"https:\/\/lamarzocco-de-update.testsuite.it\/wp-content\/uploads\/2023\/06\/Y.008.png","contentUrl":"https:\/\/lamarzocco-de-update.testsuite.it\/wp-content\/uploads\/2023\/06\/Y.008.png","width":1200,"height":1200,"caption":"Wei\u00dfe Espressoschale ohne Henkel in klassischem Design \u2013 ideal f\u00fcr den Einsatz im Caf\u00e9-Equipment oder als stilvolles Barista Tool zur professionellen Kaffeezubereitung. Passend f\u00fcr Siebtr\u00e4germaschinen wie die La Marzocco Linea Mini."}]}},"custom_fields":{"_sku":"Y.008","_price":"16.07"},"_links":{"self":[{"href":"https:\/\/lamarzocco-de-update.testsuite.it\/de\/wp-json\/wp\/v2\/product\/1995","targetHints":{"allow":["GET"]}}],"collection":[{"href":"https:\/\/lamarzocco-de-update.testsuite.it\/de\/wp-json\/wp\/v2\/product"}],"about":[{"href":"https:\/\/lamarzocco-de-update.testsuite.it\/de\/wp-json\/wp\/v2\/types\/product"}],"wp:featuredmedia":[{"embeddable":true,"href":"https:\/\/lamarzocco-de-update.testsuite.it\/de\/wp-json\/wp\/v2\/media\/3164"}],"wp:attachment":[{"href":"https:\/\/lamarzocco-de-update.testsuite.it\/de\/wp-json\/wp\/v2\/media?parent=1995"}],"wp:term":[{"taxonomy":"product_brand","embeddable":true,"href":"https:\/\/lamarzocco-de-update.testsuite.it\/de\/wp-json\/wp\/v2\/product_brand?post=1995"},{"taxonomy":"product_cat","embeddable":true,"href":"https:\/\/lamarzocco-de-update.testsuite.it\/de\/wp-json\/wp\/v2\/product_cat?post=1995"},{"taxonomy":"product_tag","embeddable":true,"href":"https:\/\/lamarzocco-de-update.testsuite.it\/de\/wp-json\/wp\/v2\/product_tag?post=1995"}],"curies":[{"name":"wp","href":"https:\/\/api.w.org\/{rel}","templated":true}]}}