{"id":1993,"date":"2023-04-20T11:43:22","date_gmt":"2023-04-20T09:43:22","guid":{"rendered":"https:\/\/lamarzocco-de-update.testsuite.it\/product\/leather-keychain\/"},"modified":"2025-07-22T12:17:13","modified_gmt":"2025-07-22T10:17:13","slug":"leder-schlusselanhanger","status":"publish","type":"product","link":"https:\/\/lamarzocco-de-update.testsuite.it\/de\/produkt\/leder-schlusselanhanger\/","title":{"rendered":"Leder Schl\u00fcsselanh\u00e4nger"},"content":{"rendered":"","protected":false},"excerpt":{"rendered":"<p>Der neue La\u00a0Marzocco Schl\u00fcsselanh\u00e4nger ist ein zeitloser und eleganter Klassiker. Das Leder in Anlehnung an die Florentinische Tradition und ein Karabinerhaken aus Metall sorgen daf\u00fcr, dass deine Schl\u00fcssel sicher transportiert werden. Ein kompakter Schl\u00fcsselanh\u00e4nger, der in jede Tasche passt.<\/p>\n<p>Ma\u00dfe (cm)<br \/>\n2 (B) x 13 (H)<\/p>\n","protected":false},"featured_media":1990,"template":"","meta":{"_acf_changed":false},"product_brand":[],"product_cat":[19,43],"product_tag":[],"class_list":{"0":"post-1993","1":"product","2":"type-product","3":"status-publish","4":"has-post-thumbnail","6":"product_cat-bekleidung","7":"product_cat-zubehoer","9":"first","10":"instock","11":"taxable","12":"shipping-taxable","13":"purchasable","14":"product-type-simple"},"composite_virtual":false,"composite_layout":"","composite_add_to_cart_form_location":"","composite_editable_in_cart":false,"composite_sold_individually_context":"","composite_shop_price_calc":"","composite_components":[],"composite_scenarios":[],"bundled_by":[],"bundle_stock_status":"instock","bundle_stock_quantity":184,"bundle_virtual":false,"bundle_layout":"","bundle_add_to_cart_form_location":"","bundle_editable_in_cart":false,"bundle_sold_individually_context":"","bundle_item_grouping":"","bundle_min_size":"","bundle_max_size":"","bundle_price":[],"bundled_items":[],"bundle_sell_ids":[],"acf":{"product_landing_page":"","force_redirect":false,"accordion":null},"yoast_head":"<!-- This site is optimized with the Yoast SEO plugin v25.4 - https:\/\/yoast.com\/wordpress\/plugins\/seo\/ -->\n<title>Leder Schl\u00fcsselanh\u00e4nger - La Marzocco<\/title>\n<meta name=\"robots\" content=\"index, follow, max-snippet:-1, max-image-preview:large, max-video-preview:-1\" \/>\n<link rel=\"canonical\" href=\"https:\/\/lamarzocco-de-update.testsuite.it\/de\/produkt\/leder-schlusselanhanger\/\" \/>\n<meta property=\"og:locale\" content=\"de_DE\" \/>\n<meta property=\"og:type\" content=\"article\" \/>\n<meta property=\"og:title\" content=\"Leder Schl\u00fcsselanh\u00e4nger - La Marzocco\" \/>\n<meta property=\"og:description\" content=\"Der neue La\u00a0Marzocco Schl\u00fcsselanh\u00e4nger ist ein zeitloser und eleganter Klassiker. Das Leder in Anlehnung an die Florentinische Tradition und ein Karabinerhaken aus Metall sorgen daf\u00fcr, dass deine Schl\u00fcssel sicher transportiert werden. Ein kompakter Schl\u00fcsselanh\u00e4nger, der in jede Tasche passt.  Ma\u00dfe (cm) 2 (B) x 13 (H)\" \/>\n<meta property=\"og:url\" content=\"https:\/\/lamarzocco-de-update.testsuite.it\/de\/produkt\/leder-schlusselanhanger\/\" \/>\n<meta property=\"og:site_name\" content=\"La Marzocco\" \/>\n<meta property=\"article:modified_time\" content=\"2025-07-22T10:17:13+00:00\" \/>\n<meta property=\"og:image\" content=\"https:\/\/lamarzocco-de-update.testsuite.it\/wp-content\/uploads\/2023\/04\/Y.1.063.png\" \/>\n\t<meta property=\"og:image:width\" content=\"1200\" \/>\n\t<meta property=\"og:image:height\" content=\"1200\" \/>\n\t<meta property=\"og:image:type\" content=\"image\/png\" \/>\n<meta name=\"twitter:card\" content=\"summary_large_image\" \/>\n<meta name=\"twitter:label1\" content=\"Gesch\u00e4tzte Lesezeit\" \/>\n\t<meta name=\"twitter:data1\" content=\"1\u00a0Minute\" \/>\n<script type=\"application\/ld+json\" class=\"yoast-schema-graph\">{\"@context\":\"https:\/\/schema.org\",\"@graph\":[{\"@type\":\"ImageObject\",\"inLanguage\":\"de\",\"@id\":\"https:\/\/lamarzocco-de-update.testsuite.it\/de\/produkt\/leder-schlusselanhanger\/#primaryimage\",\"url\":\"https:\/\/lamarzocco-de-update.testsuite.it\/wp-content\/uploads\/2023\/04\/Y.1.063.png\",\"contentUrl\":\"https:\/\/lamarzocco-de-update.testsuite.it\/wp-content\/uploads\/2023\/04\/Y.1.063.png\",\"width\":1200,\"height\":1200}]}<\/script>\n<!-- \/ Yoast SEO plugin. -->","yoast_head_json":{"title":"Leder Schl\u00fcsselanh\u00e4nger - La Marzocco","robots":{"index":"index","follow":"follow","max-snippet":"max-snippet:-1","max-image-preview":"max-image-preview:large","max-video-preview":"max-video-preview:-1"},"canonical":"https:\/\/lamarzocco-de-update.testsuite.it\/de\/produkt\/leder-schlusselanhanger\/","og_locale":"de_DE","og_type":"article","og_title":"Leder Schl\u00fcsselanh\u00e4nger - La Marzocco","og_description":"Der neue La\u00a0Marzocco Schl\u00fcsselanh\u00e4nger ist ein zeitloser und eleganter Klassiker. Das Leder in Anlehnung an die Florentinische Tradition und ein Karabinerhaken aus Metall sorgen daf\u00fcr, dass deine Schl\u00fcssel sicher transportiert werden. Ein kompakter Schl\u00fcsselanh\u00e4nger, der in jede Tasche passt.  Ma\u00dfe (cm) 2 (B) x 13 (H)","og_url":"https:\/\/lamarzocco-de-update.testsuite.it\/de\/produkt\/leder-schlusselanhanger\/","og_site_name":"La Marzocco","article_modified_time":"2025-07-22T10:17:13+00:00","og_image":[{"width":1200,"height":1200,"url":"https:\/\/lamarzocco-de-update.testsuite.it\/wp-content\/uploads\/2023\/04\/Y.1.063.png","type":"image\/png"}],"twitter_card":"summary_large_image","twitter_misc":{"Gesch\u00e4tzte Lesezeit":"1\u00a0Minute"},"schema":{"@context":"https:\/\/schema.org","@graph":[{"@type":"ImageObject","inLanguage":"de","@id":"https:\/\/lamarzocco-de-update.testsuite.it\/de\/produkt\/leder-schlusselanhanger\/#primaryimage","url":"https:\/\/lamarzocco-de-update.testsuite.it\/wp-content\/uploads\/2023\/04\/Y.1.063.png","contentUrl":"https:\/\/lamarzocco-de-update.testsuite.it\/wp-content\/uploads\/2023\/04\/Y.1.063.png","width":1200,"height":1200}]}},"custom_fields":{"_sku":"Y.1.063","_price":"16.66"},"_links":{"self":[{"href":"https:\/\/lamarzocco-de-update.testsuite.it\/de\/wp-json\/wp\/v2\/product\/1993","targetHints":{"allow":["GET"]}}],"collection":[{"href":"https:\/\/lamarzocco-de-update.testsuite.it\/de\/wp-json\/wp\/v2\/product"}],"about":[{"href":"https:\/\/lamarzocco-de-update.testsuite.it\/de\/wp-json\/wp\/v2\/types\/product"}],"wp:featuredmedia":[{"embeddable":true,"href":"https:\/\/lamarzocco-de-update.testsuite.it\/de\/wp-json\/wp\/v2\/media\/1990"}],"wp:attachment":[{"href":"https:\/\/lamarzocco-de-update.testsuite.it\/de\/wp-json\/wp\/v2\/media?parent=1993"}],"wp:term":[{"taxonomy":"product_brand","embeddable":true,"href":"https:\/\/lamarzocco-de-update.testsuite.it\/de\/wp-json\/wp\/v2\/product_brand?post=1993"},{"taxonomy":"product_cat","embeddable":true,"href":"https:\/\/lamarzocco-de-update.testsuite.it\/de\/wp-json\/wp\/v2\/product_cat?post=1993"},{"taxonomy":"product_tag","embeddable":true,"href":"https:\/\/lamarzocco-de-update.testsuite.it\/de\/wp-json\/wp\/v2\/product_tag?post=1993"}],"curies":[{"name":"wp","href":"https:\/\/api.w.org\/{rel}","templated":true}]}}