{"id":1989,"date":"2023-04-20T11:43:22","date_gmt":"2023-04-20T09:43:22","guid":{"rendered":"https:\/\/lamarzocco-de-update.testsuite.it\/product\/push-tamper\/"},"modified":"2025-08-21T00:01:54","modified_gmt":"2025-08-20T22:01:54","slug":"push-tamper","status":"publish","type":"product","link":"https:\/\/lamarzocco-de-update.testsuite.it\/de\/produkt\/push-tamper\/","title":{"rendered":"Push Tamper"},"content":{"rendered":"","protected":false},"excerpt":{"rendered":"<p>Der PUSH Tamper mit dem einzigartigen Design von Clockwork Espresso erm\u00f6glicht ein hohes Ma\u00df an Pr\u00e4zision und Konsistenz bei einer noch besseren Ergonomie. Der innovative flache Tamper verringert erwiesenerma\u00dfen das Risiko, ein \u201eBarista-Handgelenk\u201c zu entwickeln. Und ganz nebenbei l\u00e4dt das weiche, moderne Design zu Gespr\u00e4chen ein.<\/p>\n","protected":false},"featured_media":3158,"template":"","meta":{"_acf_changed":false},"product_brand":[],"product_cat":[31,32],"product_tag":[183,217,184],"class_list":{"0":"post-1989","1":"product","2":"type-product","3":"status-publish","4":"has-post-thumbnail","6":"product_cat-barista-essential","7":"product_cat-tools","8":"product_tag-pressino","9":"product_tag-push","10":"product_tag-tamper","12":"first","13":"outofstock","14":"taxable","15":"shipping-taxable","16":"purchasable","17":"product-type-simple"},"composite_virtual":false,"composite_layout":"","composite_add_to_cart_form_location":"","composite_editable_in_cart":false,"composite_sold_individually_context":"","composite_shop_price_calc":"","composite_components":[],"composite_scenarios":[],"bundled_by":[],"bundle_stock_status":"outofstock","bundle_stock_quantity":0,"bundle_virtual":false,"bundle_layout":"","bundle_add_to_cart_form_location":"","bundle_editable_in_cart":false,"bundle_sold_individually_context":"","bundle_item_grouping":"","bundle_min_size":"","bundle_max_size":"","bundle_price":[],"bundled_items":[],"bundle_sell_ids":[],"acf":{"product_landing_page":"","force_redirect":false,"accordion":null},"yoast_head":"<!-- This site is optimized with the Yoast SEO plugin v25.4 - https:\/\/yoast.com\/wordpress\/plugins\/seo\/ -->\n<title>Tamper La Marzocco \u00bb Perfekter Anpressdruck<\/title>\n<meta name=\"description\" content=\"II\u27a4 Tamper La Marzocco \u27a5 Push Tamper f\u00fcr gleichm\u00e4\u00dfigen Anpressdruck \u2713 Ergonomisches Design \u2713 hochwertiges Material \u2713 innovative flach \u2713.\" \/>\n<meta name=\"robots\" content=\"index, follow, max-snippet:-1, max-image-preview:large, max-video-preview:-1\" \/>\n<link rel=\"canonical\" href=\"https:\/\/lamarzocco-de-update.testsuite.it\/de\/produkt\/push-tamper\/\" \/>\n<meta property=\"og:locale\" content=\"de_DE\" \/>\n<meta property=\"og:type\" content=\"article\" \/>\n<meta property=\"og:title\" content=\"Tamper La Marzocco \u00bb Perfekter Anpressdruck\" \/>\n<meta property=\"og:description\" content=\"II\u27a4 Tamper La Marzocco \u27a5 Push Tamper f\u00fcr gleichm\u00e4\u00dfigen Anpressdruck \u2713 Ergonomisches Design \u2713 hochwertiges Material \u2713 innovative flach \u2713.\" \/>\n<meta property=\"og:url\" content=\"https:\/\/lamarzocco-de-update.testsuite.it\/de\/produkt\/push-tamper\/\" \/>\n<meta property=\"og:site_name\" content=\"La Marzocco\" \/>\n<meta property=\"article:modified_time\" content=\"2025-08-20T22:01:54+00:00\" \/>\n<meta property=\"og:image\" content=\"https:\/\/lamarzocco-de-update.testsuite.it\/wp-content\/uploads\/2023\/06\/Y.1.067.png\" \/>\n\t<meta property=\"og:image:width\" content=\"1200\" \/>\n\t<meta property=\"og:image:height\" content=\"1200\" \/>\n\t<meta property=\"og:image:type\" content=\"image\/png\" \/>\n<meta name=\"twitter:card\" content=\"summary_large_image\" \/>\n<meta name=\"twitter:label1\" content=\"Gesch\u00e4tzte Lesezeit\" \/>\n\t<meta name=\"twitter:data1\" content=\"1\u00a0Minute\" \/>\n<script type=\"application\/ld+json\" class=\"yoast-schema-graph\">{\"@context\":\"https:\/\/schema.org\",\"@graph\":[{\"@type\":\"ImageObject\",\"inLanguage\":\"de\",\"@id\":\"https:\/\/lamarzocco-de-update.testsuite.it\/de\/produkt\/push-tamper\/#primaryimage\",\"url\":\"https:\/\/lamarzocco-de-update.testsuite.it\/wp-content\/uploads\/2023\/06\/Y.1.067.png\",\"contentUrl\":\"https:\/\/lamarzocco-de-update.testsuite.it\/wp-content\/uploads\/2023\/06\/Y.1.067.png\",\"width\":1200,\"height\":1200,\"caption\":\"La Marzocco Push Tamper mit pr\u00e4zise einstellbarem Druck \u2013 ein professionelles Barista Tool f\u00fcr konstante Kaffeezubereitung an der Espressomaschine. Ideal f\u00fcr den Einsatz in Kombination mit einer La Marzocco Siebtr\u00e4germaschine, verbessert er die Extraktion und sorgt f\u00fcr gleichm\u00e4\u00dfige Ergebnisse bei jedem Br\u00fchvorgang.\"}]}<\/script>\n<!-- \/ Yoast SEO plugin. -->","yoast_head_json":{"title":"Tamper La Marzocco \u00bb Perfekter Anpressdruck","description":"II\u27a4 Tamper La Marzocco \u27a5 Push Tamper f\u00fcr gleichm\u00e4\u00dfigen Anpressdruck \u2713 Ergonomisches Design \u2713 hochwertiges Material \u2713 innovative flach \u2713.","robots":{"index":"index","follow":"follow","max-snippet":"max-snippet:-1","max-image-preview":"max-image-preview:large","max-video-preview":"max-video-preview:-1"},"canonical":"https:\/\/lamarzocco-de-update.testsuite.it\/de\/produkt\/push-tamper\/","og_locale":"de_DE","og_type":"article","og_title":"Tamper La Marzocco \u00bb Perfekter Anpressdruck","og_description":"II\u27a4 Tamper La Marzocco \u27a5 Push Tamper f\u00fcr gleichm\u00e4\u00dfigen Anpressdruck \u2713 Ergonomisches Design \u2713 hochwertiges Material \u2713 innovative flach \u2713.","og_url":"https:\/\/lamarzocco-de-update.testsuite.it\/de\/produkt\/push-tamper\/","og_site_name":"La Marzocco","article_modified_time":"2025-08-20T22:01:54+00:00","og_image":[{"width":1200,"height":1200,"url":"https:\/\/lamarzocco-de-update.testsuite.it\/wp-content\/uploads\/2023\/06\/Y.1.067.png","type":"image\/png"}],"twitter_card":"summary_large_image","twitter_misc":{"Gesch\u00e4tzte Lesezeit":"1\u00a0Minute"},"schema":{"@context":"https:\/\/schema.org","@graph":[{"@type":"ImageObject","inLanguage":"de","@id":"https:\/\/lamarzocco-de-update.testsuite.it\/de\/produkt\/push-tamper\/#primaryimage","url":"https:\/\/lamarzocco-de-update.testsuite.it\/wp-content\/uploads\/2023\/06\/Y.1.067.png","contentUrl":"https:\/\/lamarzocco-de-update.testsuite.it\/wp-content\/uploads\/2023\/06\/Y.1.067.png","width":1200,"height":1200,"caption":"La Marzocco Push Tamper mit pr\u00e4zise einstellbarem Druck \u2013 ein professionelles Barista Tool f\u00fcr konstante Kaffeezubereitung an der Espressomaschine. Ideal f\u00fcr den Einsatz in Kombination mit einer La Marzocco Siebtr\u00e4germaschine, verbessert er die Extraktion und sorgt f\u00fcr gleichm\u00e4\u00dfige Ergebnisse bei jedem Br\u00fchvorgang."}]}},"custom_fields":{"_sku":"Y.1.067","_price":"172.55"},"_links":{"self":[{"href":"https:\/\/lamarzocco-de-update.testsuite.it\/de\/wp-json\/wp\/v2\/product\/1989","targetHints":{"allow":["GET"]}}],"collection":[{"href":"https:\/\/lamarzocco-de-update.testsuite.it\/de\/wp-json\/wp\/v2\/product"}],"about":[{"href":"https:\/\/lamarzocco-de-update.testsuite.it\/de\/wp-json\/wp\/v2\/types\/product"}],"wp:featuredmedia":[{"embeddable":true,"href":"https:\/\/lamarzocco-de-update.testsuite.it\/de\/wp-json\/wp\/v2\/media\/3158"}],"wp:attachment":[{"href":"https:\/\/lamarzocco-de-update.testsuite.it\/de\/wp-json\/wp\/v2\/media?parent=1989"}],"wp:term":[{"taxonomy":"product_brand","embeddable":true,"href":"https:\/\/lamarzocco-de-update.testsuite.it\/de\/wp-json\/wp\/v2\/product_brand?post=1989"},{"taxonomy":"product_cat","embeddable":true,"href":"https:\/\/lamarzocco-de-update.testsuite.it\/de\/wp-json\/wp\/v2\/product_cat?post=1989"},{"taxonomy":"product_tag","embeddable":true,"href":"https:\/\/lamarzocco-de-update.testsuite.it\/de\/wp-json\/wp\/v2\/product_tag?post=1989"}],"curies":[{"name":"wp","href":"https:\/\/api.w.org\/{rel}","templated":true}]}}