{"id":1988,"date":"2023-04-20T11:43:22","date_gmt":"2023-04-20T09:43:22","guid":{"rendered":"https:\/\/lamarzocco-de-update.testsuite.it\/product\/12oz-milk-pitcher\/"},"modified":"2025-11-09T20:17:06","modified_gmt":"2025-11-09T19:17:06","slug":"12oz-milk-pitcher","status":"publish","type":"product","link":"https:\/\/lamarzocco-de-update.testsuite.it\/de\/produkt\/12oz-milk-pitcher\/","title":{"rendered":"12oz Milk Pitcher"},"content":{"rendered":"","protected":false},"excerpt":{"rendered":"<p>F\u00fcr deine gro\u00dfartige Kaffeespezialit\u00e4t auf Milchbasis, ob Latte Macchiato, Cappuccino oder Flat White\u00a0\u2013 freue dich auf das ansprechende La\u00a0Marzocco Milchk\u00e4nnchen aus Edelstahl (12\u00a0oz\u00a0\/ 350\u00a0ml).<\/p>\n<p>Ein echtes Must-have f\u00fcr deine (pers\u00f6nliche) Baristaausr\u00fcstung!<\/p>\n","protected":false},"featured_media":3154,"template":"","meta":{"_acf_changed":false},"product_brand":[],"product_cat":[31,32],"product_tag":[216,215],"class_list":{"0":"post-1988","1":"product","2":"type-product","3":"status-publish","4":"has-post-thumbnail","6":"product_cat-barista-essential","7":"product_cat-tools","8":"product_tag-kannchen","9":"product_tag-milch","11":"first","12":"instock","13":"taxable","14":"shipping-taxable","15":"purchasable","16":"product-type-simple"},"composite_virtual":false,"composite_layout":"","composite_add_to_cart_form_location":"","composite_editable_in_cart":false,"composite_sold_individually_context":"","composite_shop_price_calc":"","composite_components":[],"composite_scenarios":[],"bundled_by":[],"bundle_stock_status":"instock","bundle_stock_quantity":2,"bundle_virtual":false,"bundle_layout":"","bundle_add_to_cart_form_location":"","bundle_editable_in_cart":false,"bundle_sold_individually_context":"","bundle_item_grouping":"","bundle_min_size":"","bundle_max_size":"","bundle_price":[],"bundled_items":[],"bundle_sell_ids":[],"acf":{"product_landing_page":"","force_redirect":false,"accordion":null},"yoast_head":"<!-- This site is optimized with the Yoast SEO plugin v25.4 - https:\/\/yoast.com\/wordpress\/plugins\/seo\/ -->\n<title>Barista Milchk\u00e4nnchen \u00bb Pitcher 12oz La Marzocco<\/title>\n<meta name=\"description\" content=\"II\u27a4 Barista Milchk\u00e4nnchen \u27a5 Ideal f\u00fcr Latte Art, Cappuccino oder Flat White \u2713 hochwertiger Edelstahl \u2713 Pr\u00e4zises Ausgie\u00dfen \u2713 ein echtes Must-have \u2713.\" \/>\n<meta name=\"robots\" content=\"index, follow, max-snippet:-1, max-image-preview:large, max-video-preview:-1\" \/>\n<link rel=\"canonical\" href=\"https:\/\/lamarzocco-de-update.testsuite.it\/de\/produkt\/12oz-milk-pitcher\/\" \/>\n<meta property=\"og:locale\" content=\"de_DE\" \/>\n<meta property=\"og:type\" content=\"article\" \/>\n<meta property=\"og:title\" content=\"Barista Milchk\u00e4nnchen \u00bb Pitcher 12oz La Marzocco\" \/>\n<meta property=\"og:description\" content=\"II\u27a4 Barista Milchk\u00e4nnchen \u27a5 Ideal f\u00fcr Latte Art, Cappuccino oder Flat White \u2713 hochwertiger Edelstahl \u2713 Pr\u00e4zises Ausgie\u00dfen \u2713 ein echtes Must-have \u2713.\" \/>\n<meta property=\"og:url\" content=\"https:\/\/lamarzocco-de-update.testsuite.it\/de\/produkt\/12oz-milk-pitcher\/\" \/>\n<meta property=\"og:site_name\" content=\"La Marzocco\" \/>\n<meta property=\"article:modified_time\" content=\"2025-11-09T19:17:06+00:00\" \/>\n<meta property=\"og:image\" content=\"https:\/\/lamarzocco-de-update.testsuite.it\/wp-content\/uploads\/2023\/06\/F.3.044.png\" \/>\n\t<meta property=\"og:image:width\" content=\"1200\" \/>\n\t<meta property=\"og:image:height\" content=\"1200\" \/>\n\t<meta property=\"og:image:type\" content=\"image\/png\" \/>\n<meta name=\"twitter:card\" content=\"summary_large_image\" \/>\n<meta name=\"twitter:label1\" content=\"Gesch\u00e4tzte Lesezeit\" \/>\n\t<meta name=\"twitter:data1\" content=\"1\u00a0Minute\" \/>\n<script type=\"application\/ld+json\" class=\"yoast-schema-graph\">{\"@context\":\"https:\/\/schema.org\",\"@graph\":[{\"@type\":\"ImageObject\",\"inLanguage\":\"de\",\"@id\":\"https:\/\/lamarzocco-de-update.testsuite.it\/de\/produkt\/12oz-milk-pitcher\/#primaryimage\",\"url\":\"https:\/\/lamarzocco-de-update.testsuite.it\/wp-content\/uploads\/2023\/06\/F.3.044.png\",\"contentUrl\":\"https:\/\/lamarzocco-de-update.testsuite.it\/wp-content\/uploads\/2023\/06\/F.3.044.png\",\"width\":1200,\"height\":1200,\"caption\":\"Detailansicht eines Edelstahl-Milchk\u00e4nnchens von La Marzocco \u2013 ideal f\u00fcr das professionelle Milchaufsch\u00e4umen und Latte Art in der Kaffeezubereitung. Das Barista Tool ist hochwertig verarbeitet und perfekt abgestimmt auf den Einsatz mit La Marzocco Espressomaschinen im Caf\u00e9- oder Home-Barista-Bereich.\"}]}<\/script>\n<!-- \/ Yoast SEO plugin. -->","yoast_head_json":{"title":"Barista Milchk\u00e4nnchen \u00bb Pitcher 12oz La Marzocco","description":"II\u27a4 Barista Milchk\u00e4nnchen \u27a5 Ideal f\u00fcr Latte Art, Cappuccino oder Flat White \u2713 hochwertiger Edelstahl \u2713 Pr\u00e4zises Ausgie\u00dfen \u2713 ein echtes Must-have \u2713.","robots":{"index":"index","follow":"follow","max-snippet":"max-snippet:-1","max-image-preview":"max-image-preview:large","max-video-preview":"max-video-preview:-1"},"canonical":"https:\/\/lamarzocco-de-update.testsuite.it\/de\/produkt\/12oz-milk-pitcher\/","og_locale":"de_DE","og_type":"article","og_title":"Barista Milchk\u00e4nnchen \u00bb Pitcher 12oz La Marzocco","og_description":"II\u27a4 Barista Milchk\u00e4nnchen \u27a5 Ideal f\u00fcr Latte Art, Cappuccino oder Flat White \u2713 hochwertiger Edelstahl \u2713 Pr\u00e4zises Ausgie\u00dfen \u2713 ein echtes Must-have \u2713.","og_url":"https:\/\/lamarzocco-de-update.testsuite.it\/de\/produkt\/12oz-milk-pitcher\/","og_site_name":"La Marzocco","article_modified_time":"2025-11-09T19:17:06+00:00","og_image":[{"width":1200,"height":1200,"url":"https:\/\/lamarzocco-de-update.testsuite.it\/wp-content\/uploads\/2023\/06\/F.3.044.png","type":"image\/png"}],"twitter_card":"summary_large_image","twitter_misc":{"Gesch\u00e4tzte Lesezeit":"1\u00a0Minute"},"schema":{"@context":"https:\/\/schema.org","@graph":[{"@type":"ImageObject","inLanguage":"de","@id":"https:\/\/lamarzocco-de-update.testsuite.it\/de\/produkt\/12oz-milk-pitcher\/#primaryimage","url":"https:\/\/lamarzocco-de-update.testsuite.it\/wp-content\/uploads\/2023\/06\/F.3.044.png","contentUrl":"https:\/\/lamarzocco-de-update.testsuite.it\/wp-content\/uploads\/2023\/06\/F.3.044.png","width":1200,"height":1200,"caption":"Detailansicht eines Edelstahl-Milchk\u00e4nnchens von La Marzocco \u2013 ideal f\u00fcr das professionelle Milchaufsch\u00e4umen und Latte Art in der Kaffeezubereitung. Das Barista Tool ist hochwertig verarbeitet und perfekt abgestimmt auf den Einsatz mit La Marzocco Espressomaschinen im Caf\u00e9- oder Home-Barista-Bereich."}]}},"custom_fields":{"_sku":"F.3.044","_price":"23.80"},"_links":{"self":[{"href":"https:\/\/lamarzocco-de-update.testsuite.it\/de\/wp-json\/wp\/v2\/product\/1988","targetHints":{"allow":["GET"]}}],"collection":[{"href":"https:\/\/lamarzocco-de-update.testsuite.it\/de\/wp-json\/wp\/v2\/product"}],"about":[{"href":"https:\/\/lamarzocco-de-update.testsuite.it\/de\/wp-json\/wp\/v2\/types\/product"}],"wp:featuredmedia":[{"embeddable":true,"href":"https:\/\/lamarzocco-de-update.testsuite.it\/de\/wp-json\/wp\/v2\/media\/3154"}],"wp:attachment":[{"href":"https:\/\/lamarzocco-de-update.testsuite.it\/de\/wp-json\/wp\/v2\/media?parent=1988"}],"wp:term":[{"taxonomy":"product_brand","embeddable":true,"href":"https:\/\/lamarzocco-de-update.testsuite.it\/de\/wp-json\/wp\/v2\/product_brand?post=1988"},{"taxonomy":"product_cat","embeddable":true,"href":"https:\/\/lamarzocco-de-update.testsuite.it\/de\/wp-json\/wp\/v2\/product_cat?post=1988"},{"taxonomy":"product_tag","embeddable":true,"href":"https:\/\/lamarzocco-de-update.testsuite.it\/de\/wp-json\/wp\/v2\/product_tag?post=1988"}],"curies":[{"name":"wp","href":"https:\/\/api.w.org\/{rel}","templated":true}]}}