{"id":1981,"date":"2023-04-20T11:43:21","date_gmt":"2023-04-20T09:43:21","guid":{"rendered":"https:\/\/lamarzocco-de-update.testsuite.it\/product\/iron-coffee-sign\/"},"modified":"2025-07-06T19:58:18","modified_gmt":"2025-07-06T17:58:18","slug":"iron-coffee-schild","status":"publish","type":"product","link":"https:\/\/lamarzocco-de-update.testsuite.it\/de\/produkt\/iron-coffee-schild\/","title":{"rendered":"Iron Coffee Schild"},"content":{"rendered":"","protected":false},"excerpt":{"rendered":"<p>Versch\u00f6nere dein Kultcaf\u00e9 mit diesem unverzichtbaren, charmanten Vintage-Artikel.<\/p>\n<p>Wenn dir das Handwerk und die Kunst der Espressozubereitung genauso wichtig sind wie La\u00a0Marzocco\u00a0&#8230; zeige es der Welt.<\/p>\n<p>H\u00e4nge dieses Schild an deine Wand, bringe Kaffeespezialisten ins Gespr\u00e4ch und fange an, die Shots zu ziehen.<\/p>\n<p>L\u00e4nge des Aufh\u00e4ngers: 32cm<\/p>\n<p>Durchmesser Schild: 25cm<\/p>\n","protected":false},"featured_media":1980,"template":"","meta":{"_acf_changed":false},"product_brand":[],"product_cat":[31,49],"product_tag":[212,209,210,213],"class_list":{"0":"post-1981","1":"product","2":"type-product","3":"status-publish","4":"has-post-thumbnail","6":"product_cat-barista-essential","7":"product_cat-schilder","8":"product_tag-eisen","9":"product_tag-kaffeeschild","10":"product_tag-schild","11":"product_tag-vintage","13":"first","14":"instock","15":"taxable","16":"shipping-taxable","17":"purchasable","18":"product-type-simple"},"composite_virtual":false,"composite_layout":"","composite_add_to_cart_form_location":"","composite_editable_in_cart":false,"composite_sold_individually_context":"","composite_shop_price_calc":"","composite_components":[],"composite_scenarios":[],"bundled_by":[],"bundle_stock_status":"instock","bundle_stock_quantity":1,"bundle_virtual":false,"bundle_layout":"","bundle_add_to_cart_form_location":"","bundle_editable_in_cart":false,"bundle_sold_individually_context":"","bundle_item_grouping":"","bundle_min_size":"","bundle_max_size":"","bundle_price":[],"bundled_items":[],"bundle_sell_ids":[],"acf":{"product_landing_page":"","force_redirect":false,"accordion":null},"yoast_head":"<!-- This site is optimized with the Yoast SEO plugin v25.4 - https:\/\/yoast.com\/wordpress\/plugins\/seo\/ -->\n<title>Iron Coffee Schild - La Marzocco<\/title>\n<meta name=\"robots\" content=\"index, follow, max-snippet:-1, max-image-preview:large, max-video-preview:-1\" \/>\n<link rel=\"canonical\" href=\"https:\/\/lamarzocco-de-update.testsuite.it\/de\/produkt\/iron-coffee-schild\/\" \/>\n<meta property=\"og:locale\" content=\"de_DE\" \/>\n<meta property=\"og:type\" content=\"article\" \/>\n<meta property=\"og:title\" content=\"Iron Coffee Schild - La Marzocco\" \/>\n<meta property=\"og:description\" content=\"Versch\u00f6nere dein Kultcaf\u00e9 mit diesem unverzichtbaren, charmanten Vintage-Artikel.  Wenn dir das Handwerk und die Kunst der Espressozubereitung genauso wichtig sind wie La\u00a0Marzocco\u00a0... zeige es der Welt.  H\u00e4nge dieses Schild an deine Wand, bringe Kaffeespezialisten ins Gespr\u00e4ch und fange an, die Shots zu ziehen.  L\u00e4nge des Aufh\u00e4ngers: 32cm  Durchmesser Schild: 25cm\" \/>\n<meta property=\"og:url\" content=\"https:\/\/lamarzocco-de-update.testsuite.it\/de\/produkt\/iron-coffee-schild\/\" \/>\n<meta property=\"og:site_name\" content=\"La Marzocco\" \/>\n<meta property=\"article:modified_time\" content=\"2025-07-06T17:58:18+00:00\" \/>\n<meta property=\"og:image\" content=\"https:\/\/lamarzocco-de-update.testsuite.it\/wp-content\/uploads\/2023\/04\/Y.103.png\" \/>\n\t<meta property=\"og:image:width\" content=\"1200\" \/>\n\t<meta property=\"og:image:height\" content=\"1200\" \/>\n\t<meta property=\"og:image:type\" content=\"image\/png\" \/>\n<meta name=\"twitter:card\" content=\"summary_large_image\" \/>\n<meta name=\"twitter:label1\" content=\"Gesch\u00e4tzte Lesezeit\" \/>\n\t<meta name=\"twitter:data1\" content=\"1\u00a0Minute\" \/>\n<script type=\"application\/ld+json\" class=\"yoast-schema-graph\">{\"@context\":\"https:\/\/schema.org\",\"@graph\":[{\"@type\":\"ImageObject\",\"inLanguage\":\"de\",\"@id\":\"https:\/\/lamarzocco-de-update.testsuite.it\/de\/produkt\/iron-coffee-schild\/#primaryimage\",\"url\":\"https:\/\/lamarzocco-de-update.testsuite.it\/wp-content\/uploads\/2023\/04\/Y.103.png\",\"contentUrl\":\"https:\/\/lamarzocco-de-update.testsuite.it\/wp-content\/uploads\/2023\/04\/Y.103.png\",\"width\":1200,\"height\":1200}]}<\/script>\n<!-- \/ Yoast SEO plugin. -->","yoast_head_json":{"title":"Iron Coffee Schild - La Marzocco","robots":{"index":"index","follow":"follow","max-snippet":"max-snippet:-1","max-image-preview":"max-image-preview:large","max-video-preview":"max-video-preview:-1"},"canonical":"https:\/\/lamarzocco-de-update.testsuite.it\/de\/produkt\/iron-coffee-schild\/","og_locale":"de_DE","og_type":"article","og_title":"Iron Coffee Schild - La Marzocco","og_description":"Versch\u00f6nere dein Kultcaf\u00e9 mit diesem unverzichtbaren, charmanten Vintage-Artikel.  Wenn dir das Handwerk und die Kunst der Espressozubereitung genauso wichtig sind wie La\u00a0Marzocco\u00a0... zeige es der Welt.  H\u00e4nge dieses Schild an deine Wand, bringe Kaffeespezialisten ins Gespr\u00e4ch und fange an, die Shots zu ziehen.  L\u00e4nge des Aufh\u00e4ngers: 32cm  Durchmesser Schild: 25cm","og_url":"https:\/\/lamarzocco-de-update.testsuite.it\/de\/produkt\/iron-coffee-schild\/","og_site_name":"La Marzocco","article_modified_time":"2025-07-06T17:58:18+00:00","og_image":[{"width":1200,"height":1200,"url":"https:\/\/lamarzocco-de-update.testsuite.it\/wp-content\/uploads\/2023\/04\/Y.103.png","type":"image\/png"}],"twitter_card":"summary_large_image","twitter_misc":{"Gesch\u00e4tzte Lesezeit":"1\u00a0Minute"},"schema":{"@context":"https:\/\/schema.org","@graph":[{"@type":"ImageObject","inLanguage":"de","@id":"https:\/\/lamarzocco-de-update.testsuite.it\/de\/produkt\/iron-coffee-schild\/#primaryimage","url":"https:\/\/lamarzocco-de-update.testsuite.it\/wp-content\/uploads\/2023\/04\/Y.103.png","contentUrl":"https:\/\/lamarzocco-de-update.testsuite.it\/wp-content\/uploads\/2023\/04\/Y.103.png","width":1200,"height":1200}]}},"custom_fields":{"_sku":"Y.103","_price":"130.9"},"_links":{"self":[{"href":"https:\/\/lamarzocco-de-update.testsuite.it\/de\/wp-json\/wp\/v2\/product\/1981","targetHints":{"allow":["GET"]}}],"collection":[{"href":"https:\/\/lamarzocco-de-update.testsuite.it\/de\/wp-json\/wp\/v2\/product"}],"about":[{"href":"https:\/\/lamarzocco-de-update.testsuite.it\/de\/wp-json\/wp\/v2\/types\/product"}],"wp:featuredmedia":[{"embeddable":true,"href":"https:\/\/lamarzocco-de-update.testsuite.it\/de\/wp-json\/wp\/v2\/media\/1980"}],"wp:attachment":[{"href":"https:\/\/lamarzocco-de-update.testsuite.it\/de\/wp-json\/wp\/v2\/media?parent=1981"}],"wp:term":[{"taxonomy":"product_brand","embeddable":true,"href":"https:\/\/lamarzocco-de-update.testsuite.it\/de\/wp-json\/wp\/v2\/product_brand?post=1981"},{"taxonomy":"product_cat","embeddable":true,"href":"https:\/\/lamarzocco-de-update.testsuite.it\/de\/wp-json\/wp\/v2\/product_cat?post=1981"},{"taxonomy":"product_tag","embeddable":true,"href":"https:\/\/lamarzocco-de-update.testsuite.it\/de\/wp-json\/wp\/v2\/product_tag?post=1981"}],"curies":[{"name":"wp","href":"https:\/\/api.w.org\/{rel}","templated":true}]}}