{"id":1958,"date":"2023-04-20T11:43:16","date_gmt":"2023-04-20T09:43:16","guid":{"rendered":"https:\/\/lamarzocco-de-update.testsuite.it\/product\/single-double-tamper\/"},"modified":"2025-11-09T21:43:24","modified_gmt":"2025-11-09T20:43:24","slug":"single-double-tamper","status":"publish","type":"product","link":"https:\/\/lamarzocco-de-update.testsuite.it\/de\/produkt\/single-double-tamper\/","title":{"rendered":"Single\/Double Tamper"},"content":{"rendered":"","protected":false},"excerpt":{"rendered":"<p>Der neue Single\/Double Tamper f\u00fcr eine ergonomischere, leistungsf\u00e4higere Baristaausstattung. Dieser Tamper erf\u00fcllt seine Aufgabe bei der Kaffeezubereitung perfekt\u00a0\u2013 sowohl zu Hause als auch bei handels\u00fcblichen Modellen.<\/p>\n","protected":false},"featured_media":3286,"template":"","meta":{"_acf_changed":false},"product_brand":[],"product_cat":[31,32],"product_tag":[182,183,184],"class_list":{"0":"post-1958","1":"product","2":"type-product","3":"status-publish","4":"has-post-thumbnail","6":"product_cat-barista-essential","7":"product_cat-tools","8":"product_tag-barista","9":"product_tag-pressino","10":"product_tag-tamper","12":"first","13":"instock","14":"taxable","15":"shipping-taxable","16":"purchasable","17":"product-type-simple"},"composite_virtual":false,"composite_layout":"","composite_add_to_cart_form_location":"","composite_editable_in_cart":false,"composite_sold_individually_context":"","composite_shop_price_calc":"","composite_components":[],"composite_scenarios":[],"bundled_by":[],"bundle_stock_status":"instock","bundle_stock_quantity":23,"bundle_virtual":false,"bundle_layout":"","bundle_add_to_cart_form_location":"","bundle_editable_in_cart":false,"bundle_sold_individually_context":"","bundle_item_grouping":"","bundle_min_size":"","bundle_max_size":"","bundle_price":[],"bundled_items":[],"bundle_sell_ids":[],"acf":{"product_landing_page":"","force_redirect":false,"accordion":null},"yoast_head":"<!-- This site is optimized with the Yoast SEO plugin v25.4 - https:\/\/yoast.com\/wordpress\/plugins\/seo\/ -->\n<title>La Marzocco Tamper \u00bb Pr\u00e4zises Tampen f\u00fcr besten Espresso<\/title>\n<meta name=\"description\" content=\"II\u27a4 La Marzocco Tamper \u27a5 ergonomischer Tamper \u2713 hochwertiges Material \u2713 F\u00fcr perfekten Anpressdruck \u2713 Single &amp; Double \u2713 f\u00fcr besten Kaffeegenuss \u2713.\" \/>\n<meta name=\"robots\" content=\"index, follow, max-snippet:-1, max-image-preview:large, max-video-preview:-1\" \/>\n<link rel=\"canonical\" href=\"https:\/\/lamarzocco-de-update.testsuite.it\/de\/produkt\/single-double-tamper\/\" \/>\n<meta property=\"og:locale\" content=\"de_DE\" \/>\n<meta property=\"og:type\" content=\"article\" \/>\n<meta property=\"og:title\" content=\"La Marzocco Tamper \u00bb Pr\u00e4zises Tampen f\u00fcr besten Espresso\" \/>\n<meta property=\"og:description\" content=\"II\u27a4 La Marzocco Tamper \u27a5 ergonomischer Tamper \u2713 hochwertiges Material \u2713 F\u00fcr perfekten Anpressdruck \u2713 Single &amp; Double \u2713 f\u00fcr besten Kaffeegenuss \u2713.\" \/>\n<meta property=\"og:url\" content=\"https:\/\/lamarzocco-de-update.testsuite.it\/de\/produkt\/single-double-tamper\/\" \/>\n<meta property=\"og:site_name\" content=\"La Marzocco\" \/>\n<meta property=\"article:modified_time\" content=\"2025-11-09T20:43:24+00:00\" \/>\n<meta property=\"og:image\" content=\"https:\/\/lamarzocco-de-update.testsuite.it\/wp-content\/uploads\/2023\/04\/F.3.045.png\" \/>\n\t<meta property=\"og:image:width\" content=\"1200\" \/>\n\t<meta property=\"og:image:height\" content=\"1200\" \/>\n\t<meta property=\"og:image:type\" content=\"image\/png\" \/>\n<meta name=\"twitter:card\" content=\"summary_large_image\" \/>\n<meta name=\"twitter:label1\" content=\"Gesch\u00e4tzte Lesezeit\" \/>\n\t<meta name=\"twitter:data1\" content=\"1\u00a0Minute\" \/>\n<script type=\"application\/ld+json\" class=\"yoast-schema-graph\">{\"@context\":\"https:\/\/schema.org\",\"@graph\":[{\"@type\":\"ImageObject\",\"inLanguage\":\"de\",\"@id\":\"https:\/\/lamarzocco-de-update.testsuite.it\/de\/produkt\/single-double-tamper\/#primaryimage\",\"url\":\"https:\/\/lamarzocco-de-update.testsuite.it\/wp-content\/uploads\/2023\/04\/F.3.045.png\",\"contentUrl\":\"https:\/\/lamarzocco-de-update.testsuite.it\/wp-content\/uploads\/2023\/04\/F.3.045.png\",\"width\":1200,\"height\":1200,\"caption\":\"Hochglanzpolierter Edelstahl-Tamper mit La Marzocco Gravur \u2013 ein essenzielles Barista Tool f\u00fcr die professionelle Kaffeezubereitung. Das Zubeh\u00f6r bietet optimale Druckverteilung im Siebtr\u00e4ger und ist ideal f\u00fcr den Einsatz an Espressomaschinen im Caf\u00e9-Equipment oder in der Gastronomie.\"}]}<\/script>\n<!-- \/ Yoast SEO plugin. -->","yoast_head_json":{"title":"La Marzocco Tamper \u00bb Pr\u00e4zises Tampen f\u00fcr besten Espresso","description":"II\u27a4 La Marzocco Tamper \u27a5 ergonomischer Tamper \u2713 hochwertiges Material \u2713 F\u00fcr perfekten Anpressdruck \u2713 Single & Double \u2713 f\u00fcr besten Kaffeegenuss \u2713.","robots":{"index":"index","follow":"follow","max-snippet":"max-snippet:-1","max-image-preview":"max-image-preview:large","max-video-preview":"max-video-preview:-1"},"canonical":"https:\/\/lamarzocco-de-update.testsuite.it\/de\/produkt\/single-double-tamper\/","og_locale":"de_DE","og_type":"article","og_title":"La Marzocco Tamper \u00bb Pr\u00e4zises Tampen f\u00fcr besten Espresso","og_description":"II\u27a4 La Marzocco Tamper \u27a5 ergonomischer Tamper \u2713 hochwertiges Material \u2713 F\u00fcr perfekten Anpressdruck \u2713 Single & Double \u2713 f\u00fcr besten Kaffeegenuss \u2713.","og_url":"https:\/\/lamarzocco-de-update.testsuite.it\/de\/produkt\/single-double-tamper\/","og_site_name":"La Marzocco","article_modified_time":"2025-11-09T20:43:24+00:00","og_image":[{"width":1200,"height":1200,"url":"https:\/\/lamarzocco-de-update.testsuite.it\/wp-content\/uploads\/2023\/04\/F.3.045.png","type":"image\/png"}],"twitter_card":"summary_large_image","twitter_misc":{"Gesch\u00e4tzte Lesezeit":"1\u00a0Minute"},"schema":{"@context":"https:\/\/schema.org","@graph":[{"@type":"ImageObject","inLanguage":"de","@id":"https:\/\/lamarzocco-de-update.testsuite.it\/de\/produkt\/single-double-tamper\/#primaryimage","url":"https:\/\/lamarzocco-de-update.testsuite.it\/wp-content\/uploads\/2023\/04\/F.3.045.png","contentUrl":"https:\/\/lamarzocco-de-update.testsuite.it\/wp-content\/uploads\/2023\/04\/F.3.045.png","width":1200,"height":1200,"caption":"Hochglanzpolierter Edelstahl-Tamper mit La Marzocco Gravur \u2013 ein essenzielles Barista Tool f\u00fcr die professionelle Kaffeezubereitung. Das Zubeh\u00f6r bietet optimale Druckverteilung im Siebtr\u00e4ger und ist ideal f\u00fcr den Einsatz an Espressomaschinen im Caf\u00e9-Equipment oder in der Gastronomie."}]}},"custom_fields":{"_sku":"F.3.045","_price":"76.16"},"_links":{"self":[{"href":"https:\/\/lamarzocco-de-update.testsuite.it\/de\/wp-json\/wp\/v2\/product\/1958","targetHints":{"allow":["GET"]}}],"collection":[{"href":"https:\/\/lamarzocco-de-update.testsuite.it\/de\/wp-json\/wp\/v2\/product"}],"about":[{"href":"https:\/\/lamarzocco-de-update.testsuite.it\/de\/wp-json\/wp\/v2\/types\/product"}],"wp:featuredmedia":[{"embeddable":true,"href":"https:\/\/lamarzocco-de-update.testsuite.it\/de\/wp-json\/wp\/v2\/media\/3286"}],"wp:attachment":[{"href":"https:\/\/lamarzocco-de-update.testsuite.it\/de\/wp-json\/wp\/v2\/media?parent=1958"}],"wp:term":[{"taxonomy":"product_brand","embeddable":true,"href":"https:\/\/lamarzocco-de-update.testsuite.it\/de\/wp-json\/wp\/v2\/product_brand?post=1958"},{"taxonomy":"product_cat","embeddable":true,"href":"https:\/\/lamarzocco-de-update.testsuite.it\/de\/wp-json\/wp\/v2\/product_cat?post=1958"},{"taxonomy":"product_tag","embeddable":true,"href":"https:\/\/lamarzocco-de-update.testsuite.it\/de\/wp-json\/wp\/v2\/product_tag?post=1958"}],"curies":[{"name":"wp","href":"https:\/\/api.w.org\/{rel}","templated":true}]}}