{"id":1944,"date":"2023-04-20T11:43:14","date_gmt":"2023-04-20T09:43:14","guid":{"rendered":"https:\/\/lamarzocco-de-update.testsuite.it\/?post_type=product&#038;p=1944"},"modified":"2025-09-02T10:48:53","modified_gmt":"2025-09-02T08:48:53","slug":"bodenloseer-siebtrager-mit-holzgriff","status":"publish","type":"product","link":"https:\/\/lamarzocco-de-update.testsuite.it\/de\/produkt\/bodenloseer-siebtrager-mit-holzgriff\/","title":{"rendered":"Bodenloser Siebtr\u00e4ger mit Holzgriff"},"content":{"rendered":"","protected":false},"excerpt":{"rendered":"<p>Dein Kaffeeritual mit italienischem Touch!<\/p>\n<p>La Marzocco hat einen neuen bodenlosen Siebtr\u00e4ger mit einem eleganten Griff aus Ahornholz herausgebracht. Das hochwertige Holz wurde in Italien angebaut und verarbeitet. Es sorgt f\u00fcr eine widerstandsf\u00e4higere Haptik und ein auff\u00e4lliges Design.<\/p>\n<p>Jedes Teil wurde im Labor in der Klimakammer getestet, um so die beste Espresso-Erfahrung f\u00fcr die Nutzer sicherzustellen.<\/p>\n<p>Bitte beachte, dass das Sieb nicht enthalten ist.<\/p>\n","protected":false},"featured_media":1962,"template":"","meta":{"_acf_changed":false},"product_brand":[],"product_cat":[31,32],"product_tag":[200,199,198,201],"class_list":{"0":"post-1944","1":"product","2":"type-product","3":"status-publish","4":"has-post-thumbnail","6":"product_cat-barista-essential","7":"product_cat-tools","8":"product_tag-bodenlos","9":"product_tag-individuell","10":"product_tag-ohne-boden","11":"product_tag-siebtrager","13":"first","14":"outofstock","15":"taxable","16":"shipping-taxable","17":"purchasable","18":"product-type-variable"},"composite_virtual":false,"composite_layout":"","composite_add_to_cart_form_location":"","composite_editable_in_cart":false,"composite_sold_individually_context":"","composite_shop_price_calc":"","composite_components":[],"composite_scenarios":[],"bundled_by":[],"bundle_stock_status":"outofstock","bundle_stock_quantity":0,"bundle_virtual":false,"bundle_layout":"","bundle_add_to_cart_form_location":"","bundle_editable_in_cart":false,"bundle_sold_individually_context":"","bundle_item_grouping":"","bundle_min_size":"","bundle_max_size":"","bundle_price":[],"bundled_items":[],"bundle_sell_ids":[],"acf":{"product_landing_page":"","force_redirect":false,"accordion":null},"yoast_head":"<!-- This site is optimized with the Yoast SEO plugin v25.4 - https:\/\/yoast.com\/wordpress\/plugins\/seo\/ -->\n<title>Siebtr\u00e4ger Holz \u00bb Bodenloser Griff<\/title>\n<meta name=\"description\" content=\"II\u27a4 Siebtr\u00e4ger Holz \u27a5 Bodenloser Siebtr\u00e4ger \u2713 Edles Design \u2713 f\u00fcr perfekte Extraktion \u2713 elegantes Ahornholz \u2713 Dein Kaffeeritual mit italienischem Touch! \u2713\" \/>\n<meta name=\"robots\" content=\"index, follow, max-snippet:-1, max-image-preview:large, max-video-preview:-1\" \/>\n<link rel=\"canonical\" href=\"https:\/\/lamarzocco-de-update.testsuite.it\/de\/produkt\/bodenloseer-siebtrager-mit-holzgriff\/\" \/>\n<meta property=\"og:locale\" content=\"de_DE\" \/>\n<meta property=\"og:type\" content=\"article\" \/>\n<meta property=\"og:title\" content=\"Siebtr\u00e4ger Holz \u00bb Bodenloser Griff\" \/>\n<meta property=\"og:description\" content=\"II\u27a4 Siebtr\u00e4ger Holz \u27a5 Bodenloser Siebtr\u00e4ger \u2713 Edles Design \u2713 f\u00fcr perfekte Extraktion \u2713 elegantes Ahornholz \u2713 Dein Kaffeeritual mit italienischem Touch! \u2713\" \/>\n<meta property=\"og:url\" content=\"https:\/\/lamarzocco-de-update.testsuite.it\/de\/produkt\/bodenloseer-siebtrager-mit-holzgriff\/\" \/>\n<meta property=\"og:site_name\" content=\"La Marzocco\" \/>\n<meta property=\"article:modified_time\" content=\"2025-09-02T08:48:53+00:00\" \/>\n<meta property=\"og:image\" content=\"https:\/\/lamarzocco-de-update.testsuite.it\/wp-content\/uploads\/2023\/04\/A5060.png\" \/>\n\t<meta property=\"og:image:width\" content=\"1200\" \/>\n\t<meta property=\"og:image:height\" content=\"1200\" \/>\n\t<meta property=\"og:image:type\" content=\"image\/png\" \/>\n<meta name=\"twitter:card\" content=\"summary_large_image\" \/>\n<meta name=\"twitter:label1\" content=\"Gesch\u00e4tzte Lesezeit\" \/>\n\t<meta name=\"twitter:data1\" content=\"1\u00a0Minute\" \/>\n<script type=\"application\/ld+json\" class=\"yoast-schema-graph\">{\"@context\":\"https:\/\/schema.org\",\"@graph\":[{\"@type\":\"ImageObject\",\"inLanguage\":\"de\",\"@id\":\"https:\/\/lamarzocco-de-update.testsuite.it\/de\/produkt\/bodenloseer-siebtrager-mit-holzgriff\/#primaryimage\",\"url\":\"https:\/\/lamarzocco-de-update.testsuite.it\/wp-content\/uploads\/2023\/04\/A5060.png\",\"contentUrl\":\"https:\/\/lamarzocco-de-update.testsuite.it\/wp-content\/uploads\/2023\/04\/A5060.png\",\"width\":1200,\"height\":1200}]}<\/script>\n<!-- \/ Yoast SEO plugin. -->","yoast_head_json":{"title":"Siebtr\u00e4ger Holz \u00bb Bodenloser Griff","description":"II\u27a4 Siebtr\u00e4ger Holz \u27a5 Bodenloser Siebtr\u00e4ger \u2713 Edles Design \u2713 f\u00fcr perfekte Extraktion \u2713 elegantes Ahornholz \u2713 Dein Kaffeeritual mit italienischem Touch! \u2713","robots":{"index":"index","follow":"follow","max-snippet":"max-snippet:-1","max-image-preview":"max-image-preview:large","max-video-preview":"max-video-preview:-1"},"canonical":"https:\/\/lamarzocco-de-update.testsuite.it\/de\/produkt\/bodenloseer-siebtrager-mit-holzgriff\/","og_locale":"de_DE","og_type":"article","og_title":"Siebtr\u00e4ger Holz \u00bb Bodenloser Griff","og_description":"II\u27a4 Siebtr\u00e4ger Holz \u27a5 Bodenloser Siebtr\u00e4ger \u2713 Edles Design \u2713 f\u00fcr perfekte Extraktion \u2713 elegantes Ahornholz \u2713 Dein Kaffeeritual mit italienischem Touch! \u2713","og_url":"https:\/\/lamarzocco-de-update.testsuite.it\/de\/produkt\/bodenloseer-siebtrager-mit-holzgriff\/","og_site_name":"La Marzocco","article_modified_time":"2025-09-02T08:48:53+00:00","og_image":[{"width":1200,"height":1200,"url":"https:\/\/lamarzocco-de-update.testsuite.it\/wp-content\/uploads\/2023\/04\/A5060.png","type":"image\/png"}],"twitter_card":"summary_large_image","twitter_misc":{"Gesch\u00e4tzte Lesezeit":"1\u00a0Minute"},"schema":{"@context":"https:\/\/schema.org","@graph":[{"@type":"ImageObject","inLanguage":"de","@id":"https:\/\/lamarzocco-de-update.testsuite.it\/de\/produkt\/bodenloseer-siebtrager-mit-holzgriff\/#primaryimage","url":"https:\/\/lamarzocco-de-update.testsuite.it\/wp-content\/uploads\/2023\/04\/A5060.png","contentUrl":"https:\/\/lamarzocco-de-update.testsuite.it\/wp-content\/uploads\/2023\/04\/A5060.png","width":1200,"height":1200}]}},"custom_fields":{"_sku":"A.5.06X","_price":"238"},"_links":{"self":[{"href":"https:\/\/lamarzocco-de-update.testsuite.it\/de\/wp-json\/wp\/v2\/product\/1944","targetHints":{"allow":["GET"]}}],"collection":[{"href":"https:\/\/lamarzocco-de-update.testsuite.it\/de\/wp-json\/wp\/v2\/product"}],"about":[{"href":"https:\/\/lamarzocco-de-update.testsuite.it\/de\/wp-json\/wp\/v2\/types\/product"}],"wp:featuredmedia":[{"embeddable":true,"href":"https:\/\/lamarzocco-de-update.testsuite.it\/de\/wp-json\/wp\/v2\/media\/1962"}],"wp:attachment":[{"href":"https:\/\/lamarzocco-de-update.testsuite.it\/de\/wp-json\/wp\/v2\/media?parent=1944"}],"wp:term":[{"taxonomy":"product_brand","embeddable":true,"href":"https:\/\/lamarzocco-de-update.testsuite.it\/de\/wp-json\/wp\/v2\/product_brand?post=1944"},{"taxonomy":"product_cat","embeddable":true,"href":"https:\/\/lamarzocco-de-update.testsuite.it\/de\/wp-json\/wp\/v2\/product_cat?post=1944"},{"taxonomy":"product_tag","embeddable":true,"href":"https:\/\/lamarzocco-de-update.testsuite.it\/de\/wp-json\/wp\/v2\/product_tag?post=1944"}],"curies":[{"name":"wp","href":"https:\/\/api.w.org\/{rel}","templated":true}]}}