{"id":1937,"date":"2023-04-20T11:43:13","date_gmt":"2023-04-20T09:43:13","guid":{"rendered":"https:\/\/lamarzocco-de-update.testsuite.it\/product\/eastpack-travel-bag\/"},"modified":"2023-09-19T07:57:37","modified_gmt":"2023-09-19T05:57:37","slug":"eastpack-travel-bag","status":"publish","type":"product","link":"https:\/\/lamarzocco-de-update.testsuite.it\/de\/produkt\/eastpack-travel-bag\/","title":{"rendered":"Eastpack Travel Bag"},"content":{"rendered":"","protected":false},"excerpt":{"rendered":"<p>Es kann losgehen! Die Travel Bag von La\u00a0Marzocco bietet maximale M\u00f6glichkeiten f\u00fcr jede Art von Reise dank ihrem Vorderfach mit Rei\u00dfverschluss, in dem deine ganze elektrische Ausr\u00fcstung sicher verstaut werden kann. Die robusten R\u00e4der, der Teleskopgriff und die Schulterriemen bieten zahlreiche verschiedene M\u00f6glichkeiten, die Tasche \u00fcberall bequem zu transportieren. &#8211; Doppelfach mit Rei\u00dfverschluss. Verf\u00fcgbar in Marineblau.<\/p>\n","protected":false},"featured_media":1931,"template":"","meta":{"_acf_changed":false},"product_brand":[],"product_cat":[],"product_tag":[188,189],"class_list":{"0":"post-1937","1":"product","2":"type-product","3":"status-publish","4":"has-post-thumbnail","6":"product_tag-rucksack","7":"product_tag-zaino","9":"first","10":"outofstock","11":"taxable","12":"shipping-taxable","13":"purchasable","14":"product-type-simple"},"composite_virtual":false,"composite_layout":"","composite_add_to_cart_form_location":"","composite_editable_in_cart":false,"composite_sold_individually_context":"","composite_shop_price_calc":"","composite_components":[],"composite_scenarios":[],"bundled_by":[],"bundle_stock_status":"outofstock","bundle_stock_quantity":0,"bundle_virtual":false,"bundle_layout":"","bundle_add_to_cart_form_location":"","bundle_editable_in_cart":false,"bundle_sold_individually_context":"","bundle_item_grouping":"","bundle_min_size":"","bundle_max_size":"","bundle_price":[],"bundled_items":[],"bundle_sell_ids":[],"acf":{"product_landing_page":"","force_redirect":false,"accordion":null},"yoast_head":"<!-- This site is optimized with the Yoast SEO plugin v25.4 - https:\/\/yoast.com\/wordpress\/plugins\/seo\/ -->\n<title>Eastpack Travel Bag - La Marzocco<\/title>\n<meta name=\"robots\" content=\"index, follow, max-snippet:-1, max-image-preview:large, max-video-preview:-1\" \/>\n<link rel=\"canonical\" href=\"https:\/\/lamarzocco-de-update.testsuite.it\/de\/produkt\/eastpack-travel-bag\/\" \/>\n<meta property=\"og:locale\" content=\"de_DE\" \/>\n<meta property=\"og:type\" content=\"article\" \/>\n<meta property=\"og:title\" content=\"Eastpack Travel Bag - La Marzocco\" \/>\n<meta property=\"og:description\" content=\"Es kann losgehen! Die Travel Bag von La\u00a0Marzocco bietet maximale M\u00f6glichkeiten f\u00fcr jede Art von Reise dank ihrem Vorderfach mit Rei\u00dfverschluss, in dem deine ganze elektrische Ausr\u00fcstung sicher verstaut werden kann. Die robusten R\u00e4der, der Teleskopgriff und die Schulterriemen bieten zahlreiche verschiedene M\u00f6glichkeiten, die Tasche \u00fcberall bequem zu transportieren. - Doppelfach mit Rei\u00dfverschluss. Verf\u00fcgbar in Marineblau.\" \/>\n<meta property=\"og:url\" content=\"https:\/\/lamarzocco-de-update.testsuite.it\/de\/produkt\/eastpack-travel-bag\/\" \/>\n<meta property=\"og:site_name\" content=\"La Marzocco\" \/>\n<meta property=\"article:modified_time\" content=\"2023-09-19T05:57:37+00:00\" \/>\n<meta property=\"og:image\" content=\"https:\/\/lamarzocco-de-update.testsuite.it\/wp-content\/uploads\/2023\/04\/Y.100.png\" \/>\n\t<meta property=\"og:image:width\" content=\"1200\" \/>\n\t<meta property=\"og:image:height\" content=\"1200\" \/>\n\t<meta property=\"og:image:type\" content=\"image\/png\" \/>\n<meta name=\"twitter:card\" content=\"summary_large_image\" \/>\n<script type=\"application\/ld+json\" class=\"yoast-schema-graph\">{\"@context\":\"https:\/\/schema.org\",\"@graph\":[{\"@type\":\"ImageObject\",\"inLanguage\":\"de\",\"@id\":\"https:\/\/lamarzocco-de-update.testsuite.it\/de\/produkt\/eastpack-travel-bag\/#primaryimage\",\"url\":\"https:\/\/lamarzocco-de-update.testsuite.it\/wp-content\/uploads\/2023\/04\/Y.100.png\",\"contentUrl\":\"https:\/\/lamarzocco-de-update.testsuite.it\/wp-content\/uploads\/2023\/04\/Y.100.png\",\"width\":1200,\"height\":1200}]}<\/script>\n<!-- \/ Yoast SEO plugin. -->","yoast_head_json":{"title":"Eastpack Travel Bag - La Marzocco","robots":{"index":"index","follow":"follow","max-snippet":"max-snippet:-1","max-image-preview":"max-image-preview:large","max-video-preview":"max-video-preview:-1"},"canonical":"https:\/\/lamarzocco-de-update.testsuite.it\/de\/produkt\/eastpack-travel-bag\/","og_locale":"de_DE","og_type":"article","og_title":"Eastpack Travel Bag - La Marzocco","og_description":"Es kann losgehen! Die Travel Bag von La\u00a0Marzocco bietet maximale M\u00f6glichkeiten f\u00fcr jede Art von Reise dank ihrem Vorderfach mit Rei\u00dfverschluss, in dem deine ganze elektrische Ausr\u00fcstung sicher verstaut werden kann. Die robusten R\u00e4der, der Teleskopgriff und die Schulterriemen bieten zahlreiche verschiedene M\u00f6glichkeiten, die Tasche \u00fcberall bequem zu transportieren. - Doppelfach mit Rei\u00dfverschluss. Verf\u00fcgbar in Marineblau.","og_url":"https:\/\/lamarzocco-de-update.testsuite.it\/de\/produkt\/eastpack-travel-bag\/","og_site_name":"La Marzocco","article_modified_time":"2023-09-19T05:57:37+00:00","og_image":[{"width":1200,"height":1200,"url":"https:\/\/lamarzocco-de-update.testsuite.it\/wp-content\/uploads\/2023\/04\/Y.100.png","type":"image\/png"}],"twitter_card":"summary_large_image","schema":{"@context":"https:\/\/schema.org","@graph":[{"@type":"ImageObject","inLanguage":"de","@id":"https:\/\/lamarzocco-de-update.testsuite.it\/de\/produkt\/eastpack-travel-bag\/#primaryimage","url":"https:\/\/lamarzocco-de-update.testsuite.it\/wp-content\/uploads\/2023\/04\/Y.100.png","contentUrl":"https:\/\/lamarzocco-de-update.testsuite.it\/wp-content\/uploads\/2023\/04\/Y.100.png","width":1200,"height":1200}]}},"custom_fields":{"_sku":"Y.100","_price":"207.06"},"_links":{"self":[{"href":"https:\/\/lamarzocco-de-update.testsuite.it\/de\/wp-json\/wp\/v2\/product\/1937","targetHints":{"allow":["GET"]}}],"collection":[{"href":"https:\/\/lamarzocco-de-update.testsuite.it\/de\/wp-json\/wp\/v2\/product"}],"about":[{"href":"https:\/\/lamarzocco-de-update.testsuite.it\/de\/wp-json\/wp\/v2\/types\/product"}],"wp:featuredmedia":[{"embeddable":true,"href":"https:\/\/lamarzocco-de-update.testsuite.it\/de\/wp-json\/wp\/v2\/media\/1931"}],"wp:attachment":[{"href":"https:\/\/lamarzocco-de-update.testsuite.it\/de\/wp-json\/wp\/v2\/media?parent=1937"}],"wp:term":[{"taxonomy":"product_brand","embeddable":true,"href":"https:\/\/lamarzocco-de-update.testsuite.it\/de\/wp-json\/wp\/v2\/product_brand?post=1937"},{"taxonomy":"product_cat","embeddable":true,"href":"https:\/\/lamarzocco-de-update.testsuite.it\/de\/wp-json\/wp\/v2\/product_cat?post=1937"},{"taxonomy":"product_tag","embeddable":true,"href":"https:\/\/lamarzocco-de-update.testsuite.it\/de\/wp-json\/wp\/v2\/product_tag?post=1937"}],"curies":[{"name":"wp","href":"https:\/\/api.w.org\/{rel}","templated":true}]}}