{"id":1885,"date":"2023-04-20T11:43:04","date_gmt":"2023-04-20T09:43:04","guid":{"rendered":"https:\/\/lamarzocco-de-update.testsuite.it\/product\/foosball-table\/"},"modified":"2025-01-23T09:29:46","modified_gmt":"2025-01-23T08:29:46","slug":"tischkicker","status":"publish","type":"product","link":"https:\/\/lamarzocco-de-update.testsuite.it\/de\/produkt\/tischkicker\/","title":{"rendered":"Tischkicker"},"content":{"rendered":"","protected":false},"excerpt":{"rendered":"<p>Der La\u00a0Marzocco Tischkicker eignet sich gleicherma\u00dfen f\u00fcr Anf\u00e4nger und erfahrene Spieler. Seine robuste Verarbeitung und das neue Design bereiten allen\u00a0\u2013 von Jungen bis jung Gebliebenen\u00a0\u2013 garantiert Freude.<\/p>\n","protected":false},"featured_media":0,"template":"","meta":{"_acf_changed":false},"product_brand":[],"product_cat":[37],"product_tag":[],"class_list":{"0":"post-1885","1":"product","2":"type-product","3":"status-publish","5":"product_cat-la-marzocco-lifestyle","7":"first","8":"outofstock","9":"sold-individually","10":"taxable","11":"shipping-taxable","12":"purchasable","13":"product-type-simple"},"composite_virtual":false,"composite_layout":"","composite_add_to_cart_form_location":"","composite_editable_in_cart":false,"composite_sold_individually_context":"","composite_shop_price_calc":"","composite_components":[],"composite_scenarios":[],"bundled_by":[],"bundle_stock_status":"outofstock","bundle_stock_quantity":0,"bundle_virtual":false,"bundle_layout":"","bundle_add_to_cart_form_location":"","bundle_editable_in_cart":false,"bundle_sold_individually_context":"","bundle_item_grouping":"","bundle_min_size":"","bundle_max_size":"","bundle_price":[],"bundled_items":[],"bundle_sell_ids":[],"acf":{"product_landing_page":"","force_redirect":false,"accordion":null},"yoast_head":"<!-- This site is optimized with the Yoast SEO plugin v25.4 - https:\/\/yoast.com\/wordpress\/plugins\/seo\/ -->\n<title>Tischkicker - La Marzocco<\/title>\n<meta name=\"robots\" content=\"index, follow, max-snippet:-1, max-image-preview:large, max-video-preview:-1\" \/>\n<link rel=\"canonical\" href=\"https:\/\/lamarzocco-de-update.testsuite.it\/de\/produkt\/tischkicker\/\" \/>\n<meta property=\"og:locale\" content=\"de_DE\" \/>\n<meta property=\"og:type\" content=\"article\" \/>\n<meta property=\"og:title\" content=\"Tischkicker - La Marzocco\" \/>\n<meta property=\"og:description\" content=\"Der La\u00a0Marzocco Tischkicker eignet sich gleicherma\u00dfen f\u00fcr Anf\u00e4nger und erfahrene Spieler. Seine robuste Verarbeitung und das neue Design bereiten allen\u00a0\u2013 von Jungen bis jung Gebliebenen\u00a0\u2013 garantiert Freude.\" \/>\n<meta property=\"og:url\" content=\"https:\/\/lamarzocco-de-update.testsuite.it\/de\/produkt\/tischkicker\/\" \/>\n<meta property=\"og:site_name\" content=\"La Marzocco\" \/>\n<meta property=\"article:modified_time\" content=\"2025-01-23T08:29:46+00:00\" \/>\n<meta name=\"twitter:card\" content=\"summary_large_image\" \/>\n<script type=\"application\/ld+json\" class=\"yoast-schema-graph\">{\"@context\":\"https:\/\/schema.org\",\"@graph\":[]}<\/script>\n<!-- \/ Yoast SEO plugin. -->","yoast_head_json":{"title":"Tischkicker - La Marzocco","robots":{"index":"index","follow":"follow","max-snippet":"max-snippet:-1","max-image-preview":"max-image-preview:large","max-video-preview":"max-video-preview:-1"},"canonical":"https:\/\/lamarzocco-de-update.testsuite.it\/de\/produkt\/tischkicker\/","og_locale":"de_DE","og_type":"article","og_title":"Tischkicker - La Marzocco","og_description":"Der La\u00a0Marzocco Tischkicker eignet sich gleicherma\u00dfen f\u00fcr Anf\u00e4nger und erfahrene Spieler. Seine robuste Verarbeitung und das neue Design bereiten allen\u00a0\u2013 von Jungen bis jung Gebliebenen\u00a0\u2013 garantiert Freude.","og_url":"https:\/\/lamarzocco-de-update.testsuite.it\/de\/produkt\/tischkicker\/","og_site_name":"La Marzocco","article_modified_time":"2025-01-23T08:29:46+00:00","twitter_card":"summary_large_image","schema":{"@context":"https:\/\/schema.org","@graph":[]}},"custom_fields":{"_sku":"Y.070","_price":"1190.00"},"_links":{"self":[{"href":"https:\/\/lamarzocco-de-update.testsuite.it\/de\/wp-json\/wp\/v2\/product\/1885","targetHints":{"allow":["GET"]}}],"collection":[{"href":"https:\/\/lamarzocco-de-update.testsuite.it\/de\/wp-json\/wp\/v2\/product"}],"about":[{"href":"https:\/\/lamarzocco-de-update.testsuite.it\/de\/wp-json\/wp\/v2\/types\/product"}],"wp:attachment":[{"href":"https:\/\/lamarzocco-de-update.testsuite.it\/de\/wp-json\/wp\/v2\/media?parent=1885"}],"wp:term":[{"taxonomy":"product_brand","embeddable":true,"href":"https:\/\/lamarzocco-de-update.testsuite.it\/de\/wp-json\/wp\/v2\/product_brand?post=1885"},{"taxonomy":"product_cat","embeddable":true,"href":"https:\/\/lamarzocco-de-update.testsuite.it\/de\/wp-json\/wp\/v2\/product_cat?post=1885"},{"taxonomy":"product_tag","embeddable":true,"href":"https:\/\/lamarzocco-de-update.testsuite.it\/de\/wp-json\/wp\/v2\/product_tag?post=1885"}],"curies":[{"name":"wp","href":"https:\/\/api.w.org\/{rel}","templated":true}]}}