{"id":17935,"date":"2024-02-14T08:47:41","date_gmt":"2024-02-14T07:47:41","guid":{"rendered":"https:\/\/lamarzocco-de-update.testsuite.it\/?post_type=product&#038;p=17935"},"modified":"2025-09-15T12:20:37","modified_gmt":"2025-09-15T10:20:37","slug":"linea-mini-r","status":"publish","type":"product","link":"https:\/\/lamarzocco-de-update.testsuite.it\/de\/produkt\/linea-mini-r\/","title":{"rendered":"Linea Mini R"},"content":{"rendered":"","protected":false},"excerpt":{"rendered":"","protected":false},"featured_media":17936,"template":"","meta":{"_acf_changed":false},"product_brand":[],"product_cat":[33,40],"product_tag":[],"class_list":{"0":"post-17935","1":"product","2":"type-product","3":"status-publish","4":"has-post-thumbnail","6":"product_cat-espressomaschinen","7":"product_cat-home-espresso-maschinen","9":"first","10":"instock","11":"taxable","12":"shipping-taxable","13":"purchasable","14":"product-type-composite"},"composite_virtual":false,"composite_layout":"single","composite_add_to_cart_form_location":"default","composite_editable_in_cart":false,"composite_sold_individually_context":"product","composite_shop_price_calc":"defaults","composite_components":[{"id":"1707483010","title":"Farbe","description":"","query_type":"product_ids","query_ids":[1662,1661,1663,1664,3344,1666,1665],"default_option_id":1662,"thumbnail_id":"","thumbnail_src":"","quantity_min":1,"quantity_max":1,"priced_individually":true,"shipped_individually":false,"optional":false,"discount":"","options_style":"dropdowns","pagination_style":"classic","display_prices":"absolute","show_sorting_options":false,"show_filtering_options":false,"attribute_filter_ids":[],"select_action":"view","product_title_visible":false,"product_descr_visible":false,"product_price_visible":false,"product_thumb_visible":false,"subtotal_visible_product":false,"subtotal_visible_cart":false,"subtotal_visible_orders":false}],"composite_scenarios":[],"bundled_by":[],"bundle_stock_status":"instock","bundle_stock_quantity":null,"bundle_virtual":false,"bundle_layout":"","bundle_add_to_cart_form_location":"","bundle_editable_in_cart":false,"bundle_sold_individually_context":"","bundle_item_grouping":"","bundle_min_size":"","bundle_max_size":"","bundle_price":[],"bundled_items":[],"bundle_sell_ids":[],"acf":{"is_compare_active":true,"compare_products_fields":{"claim":"Born from a classic","product_description":"The Linea Mini simply brews and steams to perfection. All the consistency and power you need to make caf\u00e9 quality espresso drinks in your kitchen.","boiler_material":"Stainless Steel","number_of_boilers":"2","coffee_boiler_type":"Integrated Boiler","coffee_boiler_capacity":"0,2 l","coffee_boiler_temp_control":"App","coffee_boiler_pid":"Yes","pre_infusion":"Yes, if plumbed in","pre_infusion_control":"App, if plumbed in","pre_brewing":"Yes","pre_brewing_control":"App","programmable_doses":"Yes, App controlled and if used with Brew-by-Weight Scale","steam_boiler_capacity":"3 l","steam_boiler_temp_control":"App","steam_boiler_pid":"No","adjustable_hot_water_temp":"No","graphic_display":"App","water_tank":"2,5 l","plumb_in_kit":"Spare part only","height":"38,0 cm \/ 15 in","width":"35,57 cm \/ 14 in","depth":"54,0 cm \/ 21,3 in"},"product_landing_page":17883,"force_redirect":false,"accordion":null},"yoast_head":"<!-- This site is optimized with the Yoast SEO plugin v25.4 - https:\/\/yoast.com\/wordpress\/plugins\/seo\/ -->\n<title>Linea Mini R - La Marzocco<\/title>\n<meta name=\"robots\" content=\"index, follow, max-snippet:-1, max-image-preview:large, max-video-preview:-1\" \/>\n<link rel=\"canonical\" href=\"https:\/\/lamarzocco-de-update.testsuite.it\/de\/produkt\/linea-mini-r\/\" \/>\n<meta property=\"og:locale\" content=\"de_DE\" \/>\n<meta property=\"og:type\" content=\"article\" \/>\n<meta property=\"og:title\" content=\"Linea Mini R - La Marzocco\" \/>\n<meta property=\"og:url\" content=\"https:\/\/lamarzocco-de-update.testsuite.it\/de\/produkt\/linea-mini-r\/\" \/>\n<meta property=\"og:site_name\" content=\"La Marzocco\" \/>\n<meta property=\"article:modified_time\" content=\"2025-09-15T10:20:37+00:00\" \/>\n<meta property=\"og:image\" content=\"https:\/\/lamarzocco-de-update.testsuite.it\/wp-content\/uploads\/2024\/01\/linea-mini-r-thumb.png\" \/>\n\t<meta property=\"og:image:width\" content=\"1680\" \/>\n\t<meta property=\"og:image:height\" content=\"1680\" \/>\n\t<meta property=\"og:image:type\" content=\"image\/png\" \/>\n<meta name=\"twitter:card\" content=\"summary_large_image\" \/>\n<meta name=\"twitter:label1\" content=\"Gesch\u00e4tzte Lesezeit\" \/>\n\t<meta name=\"twitter:data1\" content=\"1\u00a0Minute\" \/>\n<script type=\"application\/ld+json\" class=\"yoast-schema-graph\">{\"@context\":\"https:\/\/schema.org\",\"@graph\":[{\"@type\":\"ImageObject\",\"inLanguage\":\"de\",\"@id\":\"https:\/\/lamarzocco-de-update.testsuite.it\/de\/produkt\/linea-mini-r\/#primaryimage\",\"url\":\"https:\/\/lamarzocco-de-update.testsuite.it\/wp-content\/uploads\/2024\/01\/linea-mini-r-thumb.png\",\"contentUrl\":\"https:\/\/lamarzocco-de-update.testsuite.it\/wp-content\/uploads\/2024\/01\/linea-mini-r-thumb.png\",\"width\":1680,\"height\":1680,\"caption\":\"La Marzocco Linea Mini in Silber \u2013 hochwertige Espressomaschine im klassischen Design, ideal f\u00fcr Gastronomie und anspruchsvolle Baristas zu Hause. Mit Siebtr\u00e4ger und professioneller Ausstattung f\u00fcr perfekten Kaffeegenuss.\"}]}<\/script>\n<!-- \/ Yoast SEO plugin. -->","yoast_head_json":{"title":"Linea Mini R - La Marzocco","robots":{"index":"index","follow":"follow","max-snippet":"max-snippet:-1","max-image-preview":"max-image-preview:large","max-video-preview":"max-video-preview:-1"},"canonical":"https:\/\/lamarzocco-de-update.testsuite.it\/de\/produkt\/linea-mini-r\/","og_locale":"de_DE","og_type":"article","og_title":"Linea Mini R - La Marzocco","og_url":"https:\/\/lamarzocco-de-update.testsuite.it\/de\/produkt\/linea-mini-r\/","og_site_name":"La Marzocco","article_modified_time":"2025-09-15T10:20:37+00:00","og_image":[{"width":1680,"height":1680,"url":"https:\/\/lamarzocco-de-update.testsuite.it\/wp-content\/uploads\/2024\/01\/linea-mini-r-thumb.png","type":"image\/png"}],"twitter_card":"summary_large_image","twitter_misc":{"Gesch\u00e4tzte Lesezeit":"1\u00a0Minute"},"schema":{"@context":"https:\/\/schema.org","@graph":[{"@type":"ImageObject","inLanguage":"de","@id":"https:\/\/lamarzocco-de-update.testsuite.it\/de\/produkt\/linea-mini-r\/#primaryimage","url":"https:\/\/lamarzocco-de-update.testsuite.it\/wp-content\/uploads\/2024\/01\/linea-mini-r-thumb.png","contentUrl":"https:\/\/lamarzocco-de-update.testsuite.it\/wp-content\/uploads\/2024\/01\/linea-mini-r-thumb.png","width":1680,"height":1680,"caption":"La Marzocco Linea Mini in Silber \u2013 hochwertige Espressomaschine im klassischen Design, ideal f\u00fcr Gastronomie und anspruchsvolle Baristas zu Hause. Mit Siebtr\u00e4ger und professioneller Ausstattung f\u00fcr perfekten Kaffeegenuss."}]}},"custom_fields":{"_sku":"LINEA-MINI-R","_price":"4938.5"},"_links":{"self":[{"href":"https:\/\/lamarzocco-de-update.testsuite.it\/de\/wp-json\/wp\/v2\/product\/17935","targetHints":{"allow":["GET"]}}],"collection":[{"href":"https:\/\/lamarzocco-de-update.testsuite.it\/de\/wp-json\/wp\/v2\/product"}],"about":[{"href":"https:\/\/lamarzocco-de-update.testsuite.it\/de\/wp-json\/wp\/v2\/types\/product"}],"acf:post":[{"embeddable":true,"href":"https:\/\/lamarzocco-de-update.testsuite.it\/de\/wp-json\/wp\/v2\/pages\/17883"}],"wp:featuredmedia":[{"embeddable":true,"href":"https:\/\/lamarzocco-de-update.testsuite.it\/de\/wp-json\/wp\/v2\/media\/17936"}],"wp:attachment":[{"href":"https:\/\/lamarzocco-de-update.testsuite.it\/de\/wp-json\/wp\/v2\/media?parent=17935"}],"wp:term":[{"taxonomy":"product_brand","embeddable":true,"href":"https:\/\/lamarzocco-de-update.testsuite.it\/de\/wp-json\/wp\/v2\/product_brand?post=17935"},{"taxonomy":"product_cat","embeddable":true,"href":"https:\/\/lamarzocco-de-update.testsuite.it\/de\/wp-json\/wp\/v2\/product_cat?post=17935"},{"taxonomy":"product_tag","embeddable":true,"href":"https:\/\/lamarzocco-de-update.testsuite.it\/de\/wp-json\/wp\/v2\/product_tag?post=17935"}],"curies":[{"name":"wp","href":"https:\/\/api.w.org\/{rel}","templated":true}]}}