{"id":17771,"date":"2024-01-19T09:57:30","date_gmt":"2024-01-19T08:57:30","guid":{"rendered":"https:\/\/lamarzocco-de-update.testsuite.it\/?post_type=product&#038;p=17771"},"modified":"2025-10-15T00:50:25","modified_gmt":"2025-10-14T22:50:25","slug":"edelstahl-siebtraeger-einzelauslauf","status":"publish","type":"product","link":"https:\/\/lamarzocco-de-update.testsuite.it\/de\/produkt\/edelstahl-siebtraeger-einzelauslauf\/","title":{"rendered":"Edelstahl Siebtr\u00e4ger Einzelauslauf"},"content":{"rendered":"<p>Edelstahl, austauschbarer 1er-Auslauf.<\/p>\n<p>Passend f\u00fcr GS3, Linea Mini sowie alle gewerblichen Maschinen au\u00dfer KB90 und Strada X.<\/p>\n<p>Das Sieb wird separat verkauft.<\/p>\n","protected":false},"excerpt":{"rendered":"<p>Hochwertiger Edelstahl, abnehmbarer 2er-Auslauf und flacher vorderer Rand. Ein gr\u00fcndlicher, einfach zu reinigender, stabiler Tamper f\u00fcr einen Espresso der Extraklasse.<\/p>\n","protected":false},"featured_media":17772,"template":"","meta":{"_acf_changed":false},"product_brand":[],"product_cat":[31,32],"product_tag":[174],"class_list":{"0":"post-17771","1":"product","2":"type-product","3":"status-publish","4":"has-post-thumbnail","6":"product_cat-barista-essential","7":"product_cat-tools","8":"product_tag-new-arrivals","10":"first","11":"instock","12":"taxable","13":"shipping-taxable","14":"purchasable","15":"product-type-simple"},"composite_virtual":false,"composite_layout":"","composite_add_to_cart_form_location":"","composite_editable_in_cart":false,"composite_sold_individually_context":"","composite_shop_price_calc":"","composite_components":[],"composite_scenarios":[],"bundled_by":[],"bundle_stock_status":"instock","bundle_stock_quantity":69,"bundle_virtual":false,"bundle_layout":"","bundle_add_to_cart_form_location":"","bundle_editable_in_cart":false,"bundle_sold_individually_context":"","bundle_item_grouping":"","bundle_min_size":"","bundle_max_size":"","bundle_price":[],"bundled_items":[],"bundle_sell_ids":[],"acf":{"product_landing_page":"","force_redirect":false,"accordion":null},"yoast_head":"<!-- This site is optimized with the Yoast SEO plugin v25.4 - https:\/\/yoast.com\/wordpress\/plugins\/seo\/ -->\n<title>Edelstahl Siebtr\u00e4ger Einzelauslauf - La Marzocco<\/title>\n<meta name=\"robots\" content=\"index, follow, max-snippet:-1, max-image-preview:large, max-video-preview:-1\" \/>\n<link rel=\"canonical\" href=\"https:\/\/lamarzocco-de-update.testsuite.it\/de\/produkt\/edelstahl-siebtraeger-einzelauslauf\/\" \/>\n<meta property=\"og:locale\" content=\"de_DE\" \/>\n<meta property=\"og:type\" content=\"article\" \/>\n<meta property=\"og:title\" content=\"Edelstahl Siebtr\u00e4ger Einzelauslauf - La Marzocco\" \/>\n<meta property=\"og:description\" content=\"Hochwertiger Edelstahl, abnehmbarer 2er-Auslauf und flacher vorderer Rand. Ein gr\u00fcndlicher, einfach zu reinigender, stabiler Tamper f\u00fcr einen Espresso der Extraklasse.\" \/>\n<meta property=\"og:url\" content=\"https:\/\/lamarzocco-de-update.testsuite.it\/de\/produkt\/edelstahl-siebtraeger-einzelauslauf\/\" \/>\n<meta property=\"og:site_name\" content=\"La Marzocco\" \/>\n<meta property=\"article:modified_time\" content=\"2025-10-14T22:50:25+00:00\" \/>\n<meta property=\"og:image\" content=\"https:\/\/lamarzocco-de-update.testsuite.it\/wp-content\/uploads\/2024\/01\/L111-1AC.png\" \/>\n\t<meta property=\"og:image:width\" content=\"1000\" \/>\n\t<meta property=\"og:image:height\" content=\"700\" \/>\n\t<meta property=\"og:image:type\" content=\"image\/png\" \/>\n<meta name=\"twitter:card\" content=\"summary_large_image\" \/>\n<meta name=\"twitter:label1\" content=\"Gesch\u00e4tzte Lesezeit\" \/>\n\t<meta name=\"twitter:data1\" content=\"1\u00a0Minute\" \/>\n<script type=\"application\/ld+json\" class=\"yoast-schema-graph\">{\"@context\":\"https:\/\/schema.org\",\"@graph\":[{\"@type\":\"ImageObject\",\"inLanguage\":\"de\",\"@id\":\"https:\/\/lamarzocco-de-update.testsuite.it\/de\/produkt\/edelstahl-siebtraeger-einzelauslauf\/#primaryimage\",\"url\":\"https:\/\/lamarzocco-de-update.testsuite.it\/wp-content\/uploads\/2024\/01\/L111-1AC.png\",\"contentUrl\":\"https:\/\/lamarzocco-de-update.testsuite.it\/wp-content\/uploads\/2024\/01\/L111-1AC.png\",\"width\":1000,\"height\":700,\"caption\":\"La Marzocco Siebtr\u00e4ger mit Doppelauslauf \u2013 Zubeh\u00f6r f\u00fcr Espressomaschinen und Siebtr\u00e4germaschinen. Hochwertiger Edelstahl-Portafilter mit ergonomischem Griff, ideal f\u00fcr pr\u00e4zise Espressoextraktion in Caf\u00e9, Gastronomie oder Home-Barista-Setup\"}]}<\/script>\n<!-- \/ Yoast SEO plugin. -->","yoast_head_json":{"title":"Edelstahl Siebtr\u00e4ger Einzelauslauf - La Marzocco","robots":{"index":"index","follow":"follow","max-snippet":"max-snippet:-1","max-image-preview":"max-image-preview:large","max-video-preview":"max-video-preview:-1"},"canonical":"https:\/\/lamarzocco-de-update.testsuite.it\/de\/produkt\/edelstahl-siebtraeger-einzelauslauf\/","og_locale":"de_DE","og_type":"article","og_title":"Edelstahl Siebtr\u00e4ger Einzelauslauf - La Marzocco","og_description":"Hochwertiger Edelstahl, abnehmbarer 2er-Auslauf und flacher vorderer Rand. Ein gr\u00fcndlicher, einfach zu reinigender, stabiler Tamper f\u00fcr einen Espresso der Extraklasse.","og_url":"https:\/\/lamarzocco-de-update.testsuite.it\/de\/produkt\/edelstahl-siebtraeger-einzelauslauf\/","og_site_name":"La Marzocco","article_modified_time":"2025-10-14T22:50:25+00:00","og_image":[{"width":1000,"height":700,"url":"https:\/\/lamarzocco-de-update.testsuite.it\/wp-content\/uploads\/2024\/01\/L111-1AC.png","type":"image\/png"}],"twitter_card":"summary_large_image","twitter_misc":{"Gesch\u00e4tzte Lesezeit":"1\u00a0Minute"},"schema":{"@context":"https:\/\/schema.org","@graph":[{"@type":"ImageObject","inLanguage":"de","@id":"https:\/\/lamarzocco-de-update.testsuite.it\/de\/produkt\/edelstahl-siebtraeger-einzelauslauf\/#primaryimage","url":"https:\/\/lamarzocco-de-update.testsuite.it\/wp-content\/uploads\/2024\/01\/L111-1AC.png","contentUrl":"https:\/\/lamarzocco-de-update.testsuite.it\/wp-content\/uploads\/2024\/01\/L111-1AC.png","width":1000,"height":700,"caption":"La Marzocco Siebtr\u00e4ger mit Doppelauslauf \u2013 Zubeh\u00f6r f\u00fcr Espressomaschinen und Siebtr\u00e4germaschinen. Hochwertiger Edelstahl-Portafilter mit ergonomischem Griff, ideal f\u00fcr pr\u00e4zise Espressoextraktion in Caf\u00e9, Gastronomie oder Home-Barista-Setup"}]}},"custom_fields":{"_sku":"L111\/1AC","_price":"172.55"},"_links":{"self":[{"href":"https:\/\/lamarzocco-de-update.testsuite.it\/de\/wp-json\/wp\/v2\/product\/17771","targetHints":{"allow":["GET"]}}],"collection":[{"href":"https:\/\/lamarzocco-de-update.testsuite.it\/de\/wp-json\/wp\/v2\/product"}],"about":[{"href":"https:\/\/lamarzocco-de-update.testsuite.it\/de\/wp-json\/wp\/v2\/types\/product"}],"wp:featuredmedia":[{"embeddable":true,"href":"https:\/\/lamarzocco-de-update.testsuite.it\/de\/wp-json\/wp\/v2\/media\/17772"}],"wp:attachment":[{"href":"https:\/\/lamarzocco-de-update.testsuite.it\/de\/wp-json\/wp\/v2\/media?parent=17771"}],"wp:term":[{"taxonomy":"product_brand","embeddable":true,"href":"https:\/\/lamarzocco-de-update.testsuite.it\/de\/wp-json\/wp\/v2\/product_brand?post=17771"},{"taxonomy":"product_cat","embeddable":true,"href":"https:\/\/lamarzocco-de-update.testsuite.it\/de\/wp-json\/wp\/v2\/product_cat?post=17771"},{"taxonomy":"product_tag","embeddable":true,"href":"https:\/\/lamarzocco-de-update.testsuite.it\/de\/wp-json\/wp\/v2\/product_tag?post=17771"}],"curies":[{"name":"wp","href":"https:\/\/api.w.org\/{rel}","templated":true}]}}