{"id":1707,"date":"2023-04-17T14:38:34","date_gmt":"2023-04-17T12:38:34","guid":{"rendered":"https:\/\/lamarzocco-de-update.testsuite.it\/product\/gs3-side-panel-glass-blue\/"},"modified":"2025-06-10T13:15:11","modified_gmt":"2025-06-10T11:15:11","slug":"gs3-glasseiten-set-blau","status":"publish","type":"product","link":"https:\/\/lamarzocco-de-update.testsuite.it\/de\/produkt\/gs3-glasseiten-set-blau\/","title":{"rendered":"Gs3 Glasseiten-Set blau"},"content":{"rendered":"","protected":false},"excerpt":{"rendered":"<p>Mit diesem Set aus zwei blauen Glasseiten und Schrauben f\u00fcr deine GS3 setzt du ein Statement. Die spezielle Keramikbeschichtung sch\u00fctzt das Glas vor Kratzern und die bedruckte Oberfl\u00e4che erzeugt einen sch\u00f6nen Kontrast und Tiefe. Mit diesen Seitenteilen wird deine GS3 zum Gespr\u00e4chsthema.<\/p>\n","protected":false},"featured_media":2943,"template":"","meta":{"_acf_changed":false},"product_brand":[],"product_cat":[35,58],"product_tag":[],"class_list":{"0":"post-1707","1":"product","2":"type-product","3":"status-publish","4":"has-post-thumbnail","6":"product_cat-custom-parts","7":"product_cat-gs3","9":"first","10":"outofstock","11":"taxable","12":"shipping-taxable","13":"purchasable","14":"product-type-simple"},"composite_virtual":false,"composite_layout":"","composite_add_to_cart_form_location":"","composite_editable_in_cart":false,"composite_sold_individually_context":"","composite_shop_price_calc":"","composite_components":[],"composite_scenarios":[],"bundled_by":[],"bundle_stock_status":"outofstock","bundle_stock_quantity":0,"bundle_virtual":false,"bundle_layout":"","bundle_add_to_cart_form_location":"","bundle_editable_in_cart":false,"bundle_sold_individually_context":"","bundle_item_grouping":"","bundle_min_size":"","bundle_max_size":"","bundle_price":[],"bundled_items":[],"bundle_sell_ids":[],"acf":{"product_landing_page":"","force_redirect":false,"accordion":null},"yoast_head":"<!-- This site is optimized with the Yoast SEO plugin v25.4 - https:\/\/yoast.com\/wordpress\/plugins\/seo\/ -->\n<title>Gs3 Glasseiten-Set blau - La Marzocco<\/title>\n<meta name=\"robots\" content=\"index, follow, max-snippet:-1, max-image-preview:large, max-video-preview:-1\" \/>\n<link rel=\"canonical\" href=\"https:\/\/lamarzocco-de-update.testsuite.it\/de\/produkt\/gs3-glasseiten-set-blau\/\" \/>\n<meta property=\"og:locale\" content=\"de_DE\" \/>\n<meta property=\"og:type\" content=\"article\" \/>\n<meta property=\"og:title\" content=\"Gs3 Glasseiten-Set blau - La Marzocco\" \/>\n<meta property=\"og:description\" content=\"Mit diesem Set aus zwei blauen Glasseiten und Schrauben f\u00fcr deine GS3 setzt du ein Statement. Die spezielle Keramikbeschichtung sch\u00fctzt das Glas vor Kratzern und die bedruckte Oberfl\u00e4che erzeugt einen sch\u00f6nen Kontrast und Tiefe. Mit diesen Seitenteilen wird deine GS3 zum Gespr\u00e4chsthema.\" \/>\n<meta property=\"og:url\" content=\"https:\/\/lamarzocco-de-update.testsuite.it\/de\/produkt\/gs3-glasseiten-set-blau\/\" \/>\n<meta property=\"og:site_name\" content=\"La Marzocco\" \/>\n<meta property=\"article:modified_time\" content=\"2025-06-10T11:15:11+00:00\" \/>\n<meta property=\"og:image\" content=\"https:\/\/lamarzocco-de-update.testsuite.it\/wp-content\/uploads\/2023\/04\/Y.1.009.BL_.png\" \/>\n\t<meta property=\"og:image:width\" content=\"1200\" \/>\n\t<meta property=\"og:image:height\" content=\"1200\" \/>\n\t<meta property=\"og:image:type\" content=\"image\/png\" \/>\n<meta name=\"twitter:card\" content=\"summary_large_image\" \/>\n<meta name=\"twitter:label1\" content=\"Gesch\u00e4tzte Lesezeit\" \/>\n\t<meta name=\"twitter:data1\" content=\"1\u00a0Minute\" \/>\n<script type=\"application\/ld+json\" class=\"yoast-schema-graph\">{\"@context\":\"https:\/\/schema.org\",\"@graph\":[{\"@type\":\"ImageObject\",\"inLanguage\":\"de\",\"@id\":\"https:\/\/lamarzocco-de-update.testsuite.it\/de\/produkt\/gs3-glasseiten-set-blau\/#primaryimage\",\"url\":\"https:\/\/lamarzocco-de-update.testsuite.it\/wp-content\/uploads\/2023\/04\/Y.1.009.BL_.png\",\"contentUrl\":\"https:\/\/lamarzocco-de-update.testsuite.it\/wp-content\/uploads\/2023\/04\/Y.1.009.BL_.png\",\"width\":1200,\"height\":1200,\"caption\":\"GS3 Glasseiten-Set von La Marzocco blau\"}]}<\/script>\n<!-- \/ Yoast SEO plugin. -->","yoast_head_json":{"title":"Gs3 Glasseiten-Set blau - La Marzocco","robots":{"index":"index","follow":"follow","max-snippet":"max-snippet:-1","max-image-preview":"max-image-preview:large","max-video-preview":"max-video-preview:-1"},"canonical":"https:\/\/lamarzocco-de-update.testsuite.it\/de\/produkt\/gs3-glasseiten-set-blau\/","og_locale":"de_DE","og_type":"article","og_title":"Gs3 Glasseiten-Set blau - La Marzocco","og_description":"Mit diesem Set aus zwei blauen Glasseiten und Schrauben f\u00fcr deine GS3 setzt du ein Statement. Die spezielle Keramikbeschichtung sch\u00fctzt das Glas vor Kratzern und die bedruckte Oberfl\u00e4che erzeugt einen sch\u00f6nen Kontrast und Tiefe. Mit diesen Seitenteilen wird deine GS3 zum Gespr\u00e4chsthema.","og_url":"https:\/\/lamarzocco-de-update.testsuite.it\/de\/produkt\/gs3-glasseiten-set-blau\/","og_site_name":"La Marzocco","article_modified_time":"2025-06-10T11:15:11+00:00","og_image":[{"width":1200,"height":1200,"url":"https:\/\/lamarzocco-de-update.testsuite.it\/wp-content\/uploads\/2023\/04\/Y.1.009.BL_.png","type":"image\/png"}],"twitter_card":"summary_large_image","twitter_misc":{"Gesch\u00e4tzte Lesezeit":"1\u00a0Minute"},"schema":{"@context":"https:\/\/schema.org","@graph":[{"@type":"ImageObject","inLanguage":"de","@id":"https:\/\/lamarzocco-de-update.testsuite.it\/de\/produkt\/gs3-glasseiten-set-blau\/#primaryimage","url":"https:\/\/lamarzocco-de-update.testsuite.it\/wp-content\/uploads\/2023\/04\/Y.1.009.BL_.png","contentUrl":"https:\/\/lamarzocco-de-update.testsuite.it\/wp-content\/uploads\/2023\/04\/Y.1.009.BL_.png","width":1200,"height":1200,"caption":"GS3 Glasseiten-Set von La Marzocco blau"}]}},"custom_fields":{"_sku":"Y.1.009.BL","_price":"595"},"_links":{"self":[{"href":"https:\/\/lamarzocco-de-update.testsuite.it\/de\/wp-json\/wp\/v2\/product\/1707","targetHints":{"allow":["GET"]}}],"collection":[{"href":"https:\/\/lamarzocco-de-update.testsuite.it\/de\/wp-json\/wp\/v2\/product"}],"about":[{"href":"https:\/\/lamarzocco-de-update.testsuite.it\/de\/wp-json\/wp\/v2\/types\/product"}],"wp:featuredmedia":[{"embeddable":true,"href":"https:\/\/lamarzocco-de-update.testsuite.it\/de\/wp-json\/wp\/v2\/media\/2943"}],"wp:attachment":[{"href":"https:\/\/lamarzocco-de-update.testsuite.it\/de\/wp-json\/wp\/v2\/media?parent=1707"}],"wp:term":[{"taxonomy":"product_brand","embeddable":true,"href":"https:\/\/lamarzocco-de-update.testsuite.it\/de\/wp-json\/wp\/v2\/product_brand?post=1707"},{"taxonomy":"product_cat","embeddable":true,"href":"https:\/\/lamarzocco-de-update.testsuite.it\/de\/wp-json\/wp\/v2\/product_cat?post=1707"},{"taxonomy":"product_tag","embeddable":true,"href":"https:\/\/lamarzocco-de-update.testsuite.it\/de\/wp-json\/wp\/v2\/product_tag?post=1707"}],"curies":[{"name":"wp","href":"https:\/\/api.w.org\/{rel}","templated":true}]}}