{"id":16177,"date":"2023-10-11T15:30:12","date_gmt":"2023-10-11T13:30:12","guid":{"rendered":"https:\/\/lamarzocco-de-update.testsuite.it\/?post_type=product&#038;p=16177"},"modified":"2025-11-09T18:17:22","modified_gmt":"2025-11-09T17:17:22","slug":"la-marzocco-connected-waage","status":"publish","type":"product","link":"https:\/\/lamarzocco-de-update.testsuite.it\/de\/produkt\/la-marzocco-connected-waage\/","title":{"rendered":"La Marzocco Connected Waage"},"content":{"rendered":"<h2 class=\"h4 mb-5\">Einzelheiten<\/h2>\n<p>Die La Marzocco Connected Waage verbessert dein Espresso-Workflow mit Brew-by-Weight und Grind-by-Weight und bietet nahtlose Automatisierung und Pr\u00e4zision von der Mahlung bis zur Extraktion. Sie erm\u00f6glicht das automatische Stoppen bei Erreichen eines Zielgewichts sowohl bei der Pico- oder Swan-M\u00fchle als auch der Linea Mini. Vollst\u00e4ndig kompatibel mit der Coffee Station-Funktion der La Marzocco App, mit Auto-Tara und automatischer Zeiteinstellung bei der Mahlung als auch der Aktivierung des Paddels. Die Connected Waage vereinfacht das Mahlen und Br\u00fchen und bewahrt gleichzeitig die charakteristische Handwerkskunst von La Marzocco.<\/p>\n<p><strong><b><br \/>\n<\/b>Anforderungen an die Kompatibilit\u00e4t<\/strong><\/p>\n<p>Die La Marzocco Connected Waage nutzt La Marzocco-spezifische Firmware, um sich \u00fcber die Coffee Station-Funktion der La Marzocco App nahtlos mit deiner kompatiblen Linea Mini, Pico- und Swan-M\u00fchle zu verbinden. Standard Acaia Lunar Waagen k\u00f6nnen nicht aktualisiert werden, um Brew-by-Weight oder Grind-by-Weight Funktionalit\u00e4t zu nutzen.<\/p>\n<p><strong>Hinweis: <\/strong>Die La Marzocco Brew-by-Weight Waage ist jetzt die La Marzocco Connected Waage. Wenn du bereits eine La Marzocco Brew-by-Weight-Waage besitzt, ist sie vollst\u00e4ndig mit der Coffee Station und Grind-by-Weight kompatibel. Es sind keine Updates erforderlich. Einfach koppeln, einrichten und br\u00fchen.<\/p>\n<p>&nbsp;<\/p>\n<div class=\"row\">\n<div class=\"col-12 col-md-6\"><img loading=\"lazy\" decoding=\"async\" class=\"alignnone size-full wp-image-3640 img-fluid rounded-3 mb-5 mb-md-0\" src=\"https:\/\/lamarzocco-de-update.testsuite.it\/wp-content\/uploads\/2023\/10\/lunar-IA7A0196-1.jpg\" alt=\"\" width=\"1200\" height=\"675\" \/><\/div>\n<div class=\"col-12 col-md-6\"><img loading=\"lazy\" decoding=\"async\" class=\"alignnone size-full wp-image-3641 img-fluid rounded-3\" src=\"https:\/\/lamarzocco-de-update.testsuite.it\/wp-content\/uploads\/2023\/10\/lunar-IA7A0314-1.jpg\" alt=\"\" width=\"1200\" height=\"675\" \/><\/div>\n<\/div>\n","protected":false},"excerpt":{"rendered":"<p>F\u00fcgt deinem Espresso-Setup Brew-by-Weight- und Grind-by-Weight-Funktionalit\u00e4t hinzu und bietet unvergleichliche Kontrolle und Pr\u00e4zision. Diese in Zusammenarbeit mit Acaia entwickelte intelligente Waage l\u00e4sst sich nahtlos \u00fcber die Coffee Station-Funktion der La Marzocco App an deine Linea Mini, Pico- und Swan-M\u00fchle integrieren und sorgt f\u00fcr noch h\u00f6here Konsistenz bei jedem Bezug.<\/p>\n","protected":false},"featured_media":16178,"template":"","meta":{"_acf_changed":false},"product_brand":[],"product_cat":[31,32],"product_tag":[],"class_list":{"0":"post-16177","1":"product","2":"type-product","3":"status-publish","4":"has-post-thumbnail","6":"product_cat-barista-essential","7":"product_cat-tools","9":"first","10":"instock","11":"taxable","12":"shipping-taxable","13":"purchasable","14":"product-type-simple"},"composite_virtual":false,"composite_layout":"","composite_add_to_cart_form_location":"","composite_editable_in_cart":false,"composite_sold_individually_context":"","composite_shop_price_calc":"","composite_components":[],"composite_scenarios":[],"bundled_by":[],"bundle_stock_status":"instock","bundle_stock_quantity":555,"bundle_virtual":false,"bundle_layout":"","bundle_add_to_cart_form_location":"","bundle_editable_in_cart":false,"bundle_sold_individually_context":"","bundle_item_grouping":"","bundle_min_size":"","bundle_max_size":"","bundle_price":[],"bundled_items":[],"bundle_sell_ids":[],"acf":{"product_landing_page":"","force_redirect":false,"accordion":[{"title":"Wesentliche Merkmale","content":"<h3 class=\"h6\">Brew-by-Weight<\/h3>\r\n<p class=\"mb-5\">Stoppt deinen Espresso-Bezug automatisch bei der exakten Zielmenge mithilfe eines vorausschauenden Algorithmus, der die Durchflussmenge voraussieht und im richtigen Moment stoppt.<\/p>\r\n\r\n<h3 class=\"h6\">Grind-by-Weight<\/h3>\r\n<p class=\"mb-5\">Entwickelt f\u00fcr die nahtlose Anbindung an die Pico M\u00fchle zur gewichtsbasierten Dosierung. Dadurch entf\u00e4llt die Notwendigkeit des manuellen Wiegens und die Pr\u00e4zision und Reproduzierbarkeit wird erh\u00f6ht.<\/p>\r\n\r\n<h3 class=\"h6\">Nahtlose Integration \u00fcber die Coffee Station-Funktion<\/h3>\r\n<p class=\"mb-5\">Synchronisiert sich \u00fcber die Coffee Station-Funktion mit der La Marzocco App, um das Gewicht in Echtzeit zu verfolgen und den Espresso-Workflow zu optimieren.<\/p>\r\n\r\n<h3 class=\"h6\">Duale Dosis-Einstellungen \u00fcber die La Marzocco Home App<\/h3>\r\n<p class=\"mb-5\">Bis zu zwei voreingestellten Dosierungen oder kontinuierlicher Durchfluss-Modus f\u00fcr Brew-by-Weight und Grind-by-Weight.<\/p>\r\n\r\n<h3 class=\"h6\">Auto-Tara &amp; Timer<\/h3>\r\n<p class=\"mb-5\">Automatisches Tarieren und Starten der Zeitmessung bei Bet\u00e4tigung des Paddels, um den Workflow zu optimieren.<\/p>"},{"title":"Andere Eigenschaften der Waage","content":"<h3 class=\"h6\">Wasserdichtigkeit<\/h3>\r\n<p class=\"mb-5\">Keine Probleme mit austretenden Fl\u00fcssigkeiten, garantierte Langlebigkeit daher auch im gastronomischen Betrieb.<\/p>\r\n\r\n<h3 class=\"h6\">Gut ablesbares Display<\/h3>\r\n<p class=\"mb-5\">Messwerte werden schnell und auf 0,1 Gramm genau angezeigt.<\/p>\r\n\r\n<h3 class=\"h6\">Eingebauter Timer<\/h3>\r\n<p class=\"mb-5\">Gibt dir die M\u00f6glichkeit, jederzeit die Br\u00fchdauer auf Konsistenz hin zu kontrollieren.<\/p>\r\n\r\n<h3 class=\"h6\">Aufladbarer Akku<\/h3>\r\n<p class=\"mb-5\">Ein \u00fcber USB-C aufladbarer Akku gew\u00e4hrleistet eine lange Betriebsdauer.<\/p>\r\n\r\n<h3 class=\"h6\">Robustes Alu-Geh\u00e4use in Premium-Qualit\u00e4t<\/h3>\r\n<p class=\"mb-5\">Optisch ansprechend und zugleich unverw\u00fcstlich.<\/p>"},{"title":"Bitte beachten","content":"\u25cf Kompatibilit\u00e4t der Waage: Brew-by-Weight ist einzig und allein daf\u00fcr konzipiert, mit dieser besonderen Acaia-Waage zusammenzuwirken. \u00c4ltere Modelle aus der Lunar-Baureihe von Acaia sind damit nicht kompatibel.\r\n\r\n\u25cf Kompatibilit\u00e4t der Espressomaschine: Brew-by-Weight steht nur f\u00fcr die Linea Mini zur Verf\u00fcgung.\r\n\r\n\u25cf Anforderungen an die Firmware: Deine Linea Mini muss onlinef\u00e4hig und mit der neuesten Firmware best\u00fcckt sein, um die Funktion Brew-by-Weight nutzen zu k\u00f6nnen.\r\n\r\n\u25cf Erh\u00e4ltlich nur bei bzw. \u00fcber La Marzocco Home.\r\n\r\n&nbsp;\r\n\r\n<a class=\"btn btn-dark\" href=\"https:\/\/www.lamarzocco.com\/brew-by-weight-check\/\" target=\"_blank\" rel=\"noopener\">Brew-by-weight check<\/a>"}]},"yoast_head":"<!-- This site is optimized with the Yoast SEO plugin v25.4 - https:\/\/yoast.com\/wordpress\/plugins\/seo\/ -->\n<title>Acaia Scale \u00bb Pr\u00e4zise Brew-by-Weight Waage<\/title>\n<meta name=\"description\" content=\"II\u27a4 Acaia Scale \u27a5 Brew-by-Weight Funktion \u2713 Pr\u00e4zise &amp; Zuverl\u00e4ssig \u2713 automatischer Stopp beim eingestellten Sollgewicht \u2713 Perfekt f\u00fcr Baristas \u2713.\" \/>\n<meta name=\"robots\" content=\"index, follow, max-snippet:-1, max-image-preview:large, max-video-preview:-1\" \/>\n<link rel=\"canonical\" href=\"https:\/\/lamarzocco-de-update.testsuite.it\/de\/produkt\/la-marzocco-connected-waage\/\" \/>\n<meta property=\"og:locale\" content=\"de_DE\" \/>\n<meta property=\"og:type\" content=\"article\" \/>\n<meta property=\"og:title\" content=\"Acaia Scale \u00bb Pr\u00e4zise Brew-by-Weight Waage\" \/>\n<meta property=\"og:description\" content=\"II\u27a4 Acaia Scale \u27a5 Brew-by-Weight Funktion \u2713 Pr\u00e4zise &amp; Zuverl\u00e4ssig \u2713 automatischer Stopp beim eingestellten Sollgewicht \u2713 Perfekt f\u00fcr Baristas \u2713.\" \/>\n<meta property=\"og:url\" content=\"https:\/\/lamarzocco-de-update.testsuite.it\/de\/produkt\/la-marzocco-connected-waage\/\" \/>\n<meta property=\"og:site_name\" content=\"La Marzocco\" \/>\n<meta property=\"article:modified_time\" content=\"2025-11-09T17:17:22+00:00\" \/>\n<meta property=\"og:image\" content=\"https:\/\/lamarzocco-de-update.testsuite.it\/wp-content\/uploads\/2023\/10\/lunar-bbw-Y.301_1.png\" \/>\n\t<meta property=\"og:image:width\" content=\"1200\" \/>\n\t<meta property=\"og:image:height\" content=\"1200\" \/>\n\t<meta property=\"og:image:type\" content=\"image\/png\" \/>\n<meta name=\"twitter:card\" content=\"summary_large_image\" \/>\n<meta name=\"twitter:label1\" content=\"Gesch\u00e4tzte Lesezeit\" \/>\n\t<meta name=\"twitter:data1\" content=\"2\u00a0Minuten\" \/>\n<script type=\"application\/ld+json\" class=\"yoast-schema-graph\">{\"@context\":\"https:\/\/schema.org\",\"@graph\":[{\"@type\":\"ImageObject\",\"inLanguage\":\"de\",\"@id\":\"https:\/\/lamarzocco-de-update.testsuite.it\/de\/produkt\/la-marzocco-connected-waage\/#primaryimage\",\"url\":\"https:\/\/lamarzocco-de-update.testsuite.it\/wp-content\/uploads\/2023\/10\/lunar-bbw-Y.301_1.png\",\"contentUrl\":\"https:\/\/lamarzocco-de-update.testsuite.it\/wp-content\/uploads\/2023\/10\/lunar-bbw-Y.301_1.png\",\"width\":1200,\"height\":1200,\"caption\":\"Draufsicht der La Marzocco Home Kaffeewaage \u2013 digitale Barista-Waage mit Timer und Gewichtsanzeige. Ideal f\u00fcr pr\u00e4zises Br\u00fchen von Espresso an der Espressomaschine oder Kaffeemaschine. Perfektes Zubeh\u00f6r f\u00fcr Zuhause oder die Gastronomie.\"}]}<\/script>\n<!-- \/ Yoast SEO plugin. -->","yoast_head_json":{"title":"Acaia Scale \u00bb Pr\u00e4zise Brew-by-Weight Waage","description":"II\u27a4 Acaia Scale \u27a5 Brew-by-Weight Funktion \u2713 Pr\u00e4zise & Zuverl\u00e4ssig \u2713 automatischer Stopp beim eingestellten Sollgewicht \u2713 Perfekt f\u00fcr Baristas \u2713.","robots":{"index":"index","follow":"follow","max-snippet":"max-snippet:-1","max-image-preview":"max-image-preview:large","max-video-preview":"max-video-preview:-1"},"canonical":"https:\/\/lamarzocco-de-update.testsuite.it\/de\/produkt\/la-marzocco-connected-waage\/","og_locale":"de_DE","og_type":"article","og_title":"Acaia Scale \u00bb Pr\u00e4zise Brew-by-Weight Waage","og_description":"II\u27a4 Acaia Scale \u27a5 Brew-by-Weight Funktion \u2713 Pr\u00e4zise & Zuverl\u00e4ssig \u2713 automatischer Stopp beim eingestellten Sollgewicht \u2713 Perfekt f\u00fcr Baristas \u2713.","og_url":"https:\/\/lamarzocco-de-update.testsuite.it\/de\/produkt\/la-marzocco-connected-waage\/","og_site_name":"La Marzocco","article_modified_time":"2025-11-09T17:17:22+00:00","og_image":[{"width":1200,"height":1200,"url":"https:\/\/lamarzocco-de-update.testsuite.it\/wp-content\/uploads\/2023\/10\/lunar-bbw-Y.301_1.png","type":"image\/png"}],"twitter_card":"summary_large_image","twitter_misc":{"Gesch\u00e4tzte Lesezeit":"2\u00a0Minuten"},"schema":{"@context":"https:\/\/schema.org","@graph":[{"@type":"ImageObject","inLanguage":"de","@id":"https:\/\/lamarzocco-de-update.testsuite.it\/de\/produkt\/la-marzocco-connected-waage\/#primaryimage","url":"https:\/\/lamarzocco-de-update.testsuite.it\/wp-content\/uploads\/2023\/10\/lunar-bbw-Y.301_1.png","contentUrl":"https:\/\/lamarzocco-de-update.testsuite.it\/wp-content\/uploads\/2023\/10\/lunar-bbw-Y.301_1.png","width":1200,"height":1200,"caption":"Draufsicht der La Marzocco Home Kaffeewaage \u2013 digitale Barista-Waage mit Timer und Gewichtsanzeige. Ideal f\u00fcr pr\u00e4zises Br\u00fchen von Espresso an der Espressomaschine oder Kaffeemaschine. Perfektes Zubeh\u00f6r f\u00fcr Zuhause oder die Gastronomie."}]}},"custom_fields":{"_sku":"Y.301","_price":"399"},"_links":{"self":[{"href":"https:\/\/lamarzocco-de-update.testsuite.it\/de\/wp-json\/wp\/v2\/product\/16177","targetHints":{"allow":["GET"]}}],"collection":[{"href":"https:\/\/lamarzocco-de-update.testsuite.it\/de\/wp-json\/wp\/v2\/product"}],"about":[{"href":"https:\/\/lamarzocco-de-update.testsuite.it\/de\/wp-json\/wp\/v2\/types\/product"}],"wp:featuredmedia":[{"embeddable":true,"href":"https:\/\/lamarzocco-de-update.testsuite.it\/de\/wp-json\/wp\/v2\/media\/16178"}],"wp:attachment":[{"href":"https:\/\/lamarzocco-de-update.testsuite.it\/de\/wp-json\/wp\/v2\/media?parent=16177"}],"wp:term":[{"taxonomy":"product_brand","embeddable":true,"href":"https:\/\/lamarzocco-de-update.testsuite.it\/de\/wp-json\/wp\/v2\/product_brand?post=16177"},{"taxonomy":"product_cat","embeddable":true,"href":"https:\/\/lamarzocco-de-update.testsuite.it\/de\/wp-json\/wp\/v2\/product_cat?post=16177"},{"taxonomy":"product_tag","embeddable":true,"href":"https:\/\/lamarzocco-de-update.testsuite.it\/de\/wp-json\/wp\/v2\/product_tag?post=16177"}],"curies":[{"name":"wp","href":"https:\/\/api.w.org\/{rel}","templated":true}]}}