{"id":1484,"date":"2023-04-14T12:33:11","date_gmt":"2023-04-14T10:33:11","guid":{"rendered":"https:\/\/lamarzocco-de-update.testsuite.it\/?post_type=product&#038;p=1484"},"modified":"2025-11-03T11:53:17","modified_gmt":"2025-11-03T10:53:17","slug":"linea-micra","status":"publish","type":"product","link":"https:\/\/lamarzocco-de-update.testsuite.it\/de\/produkt\/linea-micra\/","title":{"rendered":"Linea Micra"},"content":{"rendered":"","protected":false},"excerpt":{"rendered":"","protected":false},"featured_media":1486,"template":"","meta":{"_acf_changed":false},"product_brand":[],"product_cat":[33,40],"product_tag":[],"class_list":{"0":"post-1484","1":"product","2":"type-product","3":"status-publish","4":"has-post-thumbnail","6":"product_cat-espressomaschinen","7":"product_cat-home-espresso-maschinen","9":"first","10":"instock","11":"taxable","12":"shipping-taxable","13":"purchasable","14":"product-type-composite"},"composite_virtual":false,"composite_layout":"single","composite_add_to_cart_form_location":"default","composite_editable_in_cart":false,"composite_sold_individually_context":"product","composite_shop_price_calc":"defaults","composite_components":[{"id":"1681684182","title":"Farbe","description":"","query_type":"product_ids","query_ids":[25944,1676,1677,1678,1679,1682,1680],"default_option_id":25944,"thumbnail_id":"","thumbnail_src":"","quantity_min":1,"quantity_max":1,"priced_individually":true,"shipped_individually":false,"optional":false,"discount":"","options_style":"dropdowns","pagination_style":"classic","display_prices":"absolute","show_sorting_options":false,"show_filtering_options":false,"attribute_filter_ids":[],"select_action":"view","product_title_visible":false,"product_descr_visible":false,"product_price_visible":false,"product_thumb_visible":false,"subtotal_visible_product":false,"subtotal_visible_cart":false,"subtotal_visible_orders":false}],"composite_scenarios":[],"bundled_by":[],"bundle_stock_status":"instock","bundle_stock_quantity":null,"bundle_virtual":false,"bundle_layout":"","bundle_add_to_cart_form_location":"","bundle_editable_in_cart":false,"bundle_sold_individually_context":"","bundle_item_grouping":"","bundle_min_size":"","bundle_max_size":"","bundle_price":[],"bundled_items":[],"bundle_sell_ids":[],"acf":{"is_compare_active":true,"compare_products_fields":{"claim":"Bring the caf\u00e9 home","product_description":"A compact, easy-to-use home espresso machine with the powerful performance worthy of the La Marzocco name. Designed as a scaled-down version of the Linea Classic S, the Linea Micra combines a dynamic feature set and small body that allows you to explore the world of espresso.","boiler_material":"Stainless Steel","number_of_boilers":"2","coffee_boiler_type":"Integrated Boiler","coffee_boiler_capacity":"0,2 l","coffee_boiler_temp_control":"App","coffee_boiler_pid":"Yes","pre_infusion":"Yes, if plumbed in","pre_infusion_control":"App, if plumbed in","pre_brewing":"Yes","pre_brewing_control":"App","programmable_doses":"No","steam_boiler_capacity":"1,6 l","steam_boiler_temp_control":"App","steam_boiler_pid":"Yes","adjustable_hot_water_temp":"No","graphic_display":"App","water_tank":"2 l","plumb_in_kit":"Spare part only","height":"30,4cm \/ 12in","width":"30,4cm \/ 12in","depth":"38,1cm \/ 15in"},"product_landing_page":765,"force_redirect":false,"accordion":null},"yoast_head":"<!-- This site is optimized with the Yoast SEO plugin v25.4 - https:\/\/yoast.com\/wordpress\/plugins\/seo\/ -->\n<title>Linea Micra La Marzocco \u00bb Die Essenz der Perfektion<\/title>\n<meta name=\"description\" content=\"II\u27a4 Linea Micra La Marzocco \u27a5 Hochwertige Espressomaschine \u2713 Ideal f\u00fcr Zuhause \u2713 Kompaktes Design \u2713 purer Genuss \u2713 Handmade in Florenz \u2713.\" \/>\n<meta name=\"robots\" content=\"index, follow, max-snippet:-1, max-image-preview:large, max-video-preview:-1\" \/>\n<link rel=\"canonical\" href=\"https:\/\/lamarzocco-de-update.testsuite.it\/de\/produkt\/linea-micra\/\" \/>\n<meta property=\"og:locale\" content=\"de_DE\" \/>\n<meta property=\"og:type\" content=\"article\" \/>\n<meta property=\"og:title\" content=\"Linea Micra La Marzocco \u00bb Die Essenz der Perfektion\" \/>\n<meta property=\"og:description\" content=\"II\u27a4 Linea Micra La Marzocco \u27a5 Hochwertige Espressomaschine \u2713 Ideal f\u00fcr Zuhause \u2713 Kompaktes Design \u2713 purer Genuss \u2713 Handmade in Florenz \u2713.\" \/>\n<meta property=\"og:url\" content=\"https:\/\/lamarzocco-de-update.testsuite.it\/de\/produkt\/linea-micra\/\" \/>\n<meta property=\"og:site_name\" content=\"La Marzocco\" \/>\n<meta property=\"article:modified_time\" content=\"2025-11-03T10:53:17+00:00\" \/>\n<meta property=\"og:image\" content=\"https:\/\/lamarzocco-de-update.testsuite.it\/wp-content\/uploads\/2023\/04\/linea-micra-thumb.png\" \/>\n\t<meta property=\"og:image:width\" content=\"1680\" \/>\n\t<meta property=\"og:image:height\" content=\"1680\" \/>\n\t<meta property=\"og:image:type\" content=\"image\/png\" \/>\n<meta name=\"twitter:card\" content=\"summary_large_image\" \/>\n<meta name=\"twitter:label1\" content=\"Gesch\u00e4tzte Lesezeit\" \/>\n\t<meta name=\"twitter:data1\" content=\"1\u00a0Minute\" \/>\n<script type=\"application\/ld+json\" class=\"yoast-schema-graph\">{\"@context\":\"https:\/\/schema.org\",\"@graph\":[{\"@type\":\"ImageObject\",\"inLanguage\":\"de\",\"@id\":\"https:\/\/lamarzocco-de-update.testsuite.it\/de\/produkt\/linea-micra\/#primaryimage\",\"url\":\"https:\/\/lamarzocco-de-update.testsuite.it\/wp-content\/uploads\/2023\/04\/linea-micra-thumb.png\",\"contentUrl\":\"https:\/\/lamarzocco-de-update.testsuite.it\/wp-content\/uploads\/2023\/04\/linea-micra-thumb.png\",\"width\":1680,\"height\":1680,\"caption\":\"La Marzocco Linea Micra \u2013 kompakte Siebtr\u00e4germaschine f\u00fcr zu Hause mit professionellen Features wie Dualboiler-System, PID-Temperaturkontrolle und integrierter Dampflanze. Ideal f\u00fcr Home Baristas und kleine Caf\u00e9s. Hochwertige Verarbeitung, stylisches Design, perfekte Espressoextraktion und pr\u00e4zises Milchaufsch\u00e4umen.\"}]}<\/script>\n<!-- \/ Yoast SEO plugin. -->","yoast_head_json":{"title":"Linea Micra La Marzocco \u00bb Die Essenz der Perfektion","description":"II\u27a4 Linea Micra La Marzocco \u27a5 Hochwertige Espressomaschine \u2713 Ideal f\u00fcr Zuhause \u2713 Kompaktes Design \u2713 purer Genuss \u2713 Handmade in Florenz \u2713.","robots":{"index":"index","follow":"follow","max-snippet":"max-snippet:-1","max-image-preview":"max-image-preview:large","max-video-preview":"max-video-preview:-1"},"canonical":"https:\/\/lamarzocco-de-update.testsuite.it\/de\/produkt\/linea-micra\/","og_locale":"de_DE","og_type":"article","og_title":"Linea Micra La Marzocco \u00bb Die Essenz der Perfektion","og_description":"II\u27a4 Linea Micra La Marzocco \u27a5 Hochwertige Espressomaschine \u2713 Ideal f\u00fcr Zuhause \u2713 Kompaktes Design \u2713 purer Genuss \u2713 Handmade in Florenz \u2713.","og_url":"https:\/\/lamarzocco-de-update.testsuite.it\/de\/produkt\/linea-micra\/","og_site_name":"La Marzocco","article_modified_time":"2025-11-03T10:53:17+00:00","og_image":[{"width":1680,"height":1680,"url":"https:\/\/lamarzocco-de-update.testsuite.it\/wp-content\/uploads\/2023\/04\/linea-micra-thumb.png","type":"image\/png"}],"twitter_card":"summary_large_image","twitter_misc":{"Gesch\u00e4tzte Lesezeit":"1\u00a0Minute"},"schema":{"@context":"https:\/\/schema.org","@graph":[{"@type":"ImageObject","inLanguage":"de","@id":"https:\/\/lamarzocco-de-update.testsuite.it\/de\/produkt\/linea-micra\/#primaryimage","url":"https:\/\/lamarzocco-de-update.testsuite.it\/wp-content\/uploads\/2023\/04\/linea-micra-thumb.png","contentUrl":"https:\/\/lamarzocco-de-update.testsuite.it\/wp-content\/uploads\/2023\/04\/linea-micra-thumb.png","width":1680,"height":1680,"caption":"La Marzocco Linea Micra \u2013 kompakte Siebtr\u00e4germaschine f\u00fcr zu Hause mit professionellen Features wie Dualboiler-System, PID-Temperaturkontrolle und integrierter Dampflanze. Ideal f\u00fcr Home Baristas und kleine Caf\u00e9s. Hochwertige Verarbeitung, stylisches Design, perfekte Espressoextraktion und pr\u00e4zises Milchaufsch\u00e4umen."}]}},"custom_fields":{"_sku":"LINEA-MICRA","_price":"3546.2"},"_links":{"self":[{"href":"https:\/\/lamarzocco-de-update.testsuite.it\/de\/wp-json\/wp\/v2\/product\/1484","targetHints":{"allow":["GET"]}}],"collection":[{"href":"https:\/\/lamarzocco-de-update.testsuite.it\/de\/wp-json\/wp\/v2\/product"}],"about":[{"href":"https:\/\/lamarzocco-de-update.testsuite.it\/de\/wp-json\/wp\/v2\/types\/product"}],"acf:post":[{"embeddable":true,"href":"https:\/\/lamarzocco-de-update.testsuite.it\/de\/wp-json\/wp\/v2\/pages\/765"}],"wp:featuredmedia":[{"embeddable":true,"href":"https:\/\/lamarzocco-de-update.testsuite.it\/de\/wp-json\/wp\/v2\/media\/1486"}],"wp:attachment":[{"href":"https:\/\/lamarzocco-de-update.testsuite.it\/de\/wp-json\/wp\/v2\/media?parent=1484"}],"wp:term":[{"taxonomy":"product_brand","embeddable":true,"href":"https:\/\/lamarzocco-de-update.testsuite.it\/de\/wp-json\/wp\/v2\/product_brand?post=1484"},{"taxonomy":"product_cat","embeddable":true,"href":"https:\/\/lamarzocco-de-update.testsuite.it\/de\/wp-json\/wp\/v2\/product_cat?post=1484"},{"taxonomy":"product_tag","embeddable":true,"href":"https:\/\/lamarzocco-de-update.testsuite.it\/de\/wp-json\/wp\/v2\/product_tag?post=1484"}],"curies":[{"name":"wp","href":"https:\/\/api.w.org\/{rel}","templated":true}]}}