{"id":96,"date":"2023-03-08T09:18:06","date_gmt":"2023-03-08T08:18:06","guid":{"rendered":"https:\/\/lamarzocco-de-update.testsuite.it\/?page_id=96"},"modified":"2024-03-04T13:16:31","modified_gmt":"2024-03-04T12:16:31","slug":"espressomaschinen","status":"publish","type":"page","link":"https:\/\/lamarzocco-de-update.testsuite.it\/de\/gewerbliche-produkte\/espressomaschinen\/","title":{"rendered":"Espressomaschinen"},"content":{"rendered":"","protected":false},"excerpt":{"rendered":"","protected":false},"author":1,"featured_media":0,"parent":94,"menu_order":1,"comment_status":"closed","ping_status":"closed","template":"","meta":{"_acf_changed":false,"footnotes":""},"class_list":["post-96","page","type-page","status-publish","hentry"],"acf":[],"yoast_head":"<!-- This site is optimized with the Yoast SEO plugin v25.4 - https:\/\/yoast.com\/wordpress\/plugins\/seo\/ -->\n<title>Espressomaschinen - La Marzocco<\/title>\n<meta name=\"description\" content=\"Entdecken Sie die hochwertigen gewerblichen Espressomaschinen von La Marzocco. Perfekt f\u00fcr Caf\u00e9s, Restaurants und Hotels, die ihren Kunden au\u00dfergew\u00f6hnlichen Kaffee bieten m\u00f6chten. Erfahren Sie mehr \u00fcber unsere Modelle und finden Sie die ideale Maschine f\u00fcr Ihr Gesch\u00e4ft.\" \/>\n<meta name=\"robots\" content=\"index, follow, max-snippet:-1, max-image-preview:large, max-video-preview:-1\" \/>\n<link rel=\"canonical\" href=\"https:\/\/lamarzocco-de-update.testsuite.it\/de\/gewerbliche-produkte\/espressomaschinen\/\" \/>\n<meta property=\"og:locale\" content=\"de_DE\" \/>\n<meta property=\"og:type\" content=\"article\" \/>\n<meta property=\"og:title\" content=\"Espressomaschinen - La Marzocco\" \/>\n<meta property=\"og:description\" content=\"Entdecken Sie die hochwertigen gewerblichen Espressomaschinen von La Marzocco. Perfekt f\u00fcr Caf\u00e9s, Restaurants und Hotels, die ihren Kunden au\u00dfergew\u00f6hnlichen Kaffee bieten m\u00f6chten. Erfahren Sie mehr \u00fcber unsere Modelle und finden Sie die ideale Maschine f\u00fcr Ihr Gesch\u00e4ft.\" \/>\n<meta property=\"og:url\" content=\"https:\/\/lamarzocco-de-update.testsuite.it\/de\/gewerbliche-produkte\/espressomaschinen\/\" \/>\n<meta property=\"og:site_name\" content=\"La Marzocco\" \/>\n<meta property=\"article:modified_time\" content=\"2024-03-04T12:16:31+00:00\" \/>\n<meta name=\"twitter:card\" content=\"summary_large_image\" \/>\n<script type=\"application\/ld+json\" class=\"yoast-schema-graph\">{\"@context\":\"https:\/\/schema.org\",\"@graph\":[]}<\/script>\n<!-- \/ Yoast SEO plugin. -->","yoast_head_json":{"title":"Espressomaschinen - La Marzocco","description":"Entdecken Sie die hochwertigen gewerblichen Espressomaschinen von La Marzocco. Perfekt f\u00fcr Caf\u00e9s, Restaurants und Hotels, die ihren Kunden au\u00dfergew\u00f6hnlichen Kaffee bieten m\u00f6chten. Erfahren Sie mehr \u00fcber unsere Modelle und finden Sie die ideale Maschine f\u00fcr Ihr Gesch\u00e4ft.","robots":{"index":"index","follow":"follow","max-snippet":"max-snippet:-1","max-image-preview":"max-image-preview:large","max-video-preview":"max-video-preview:-1"},"canonical":"https:\/\/lamarzocco-de-update.testsuite.it\/de\/gewerbliche-produkte\/espressomaschinen\/","og_locale":"de_DE","og_type":"article","og_title":"Espressomaschinen - La Marzocco","og_description":"Entdecken Sie die hochwertigen gewerblichen Espressomaschinen von La Marzocco. Perfekt f\u00fcr Caf\u00e9s, Restaurants und Hotels, die ihren Kunden au\u00dfergew\u00f6hnlichen Kaffee bieten m\u00f6chten. Erfahren Sie mehr \u00fcber unsere Modelle und finden Sie die ideale Maschine f\u00fcr Ihr Gesch\u00e4ft.","og_url":"https:\/\/lamarzocco-de-update.testsuite.it\/de\/gewerbliche-produkte\/espressomaschinen\/","og_site_name":"La Marzocco","article_modified_time":"2024-03-04T12:16:31+00:00","twitter_card":"summary_large_image","schema":{"@context":"https:\/\/schema.org","@graph":[]}},"_links":{"self":[{"href":"https:\/\/lamarzocco-de-update.testsuite.it\/de\/wp-json\/wp\/v2\/pages\/96","targetHints":{"allow":["GET"]}}],"collection":[{"href":"https:\/\/lamarzocco-de-update.testsuite.it\/de\/wp-json\/wp\/v2\/pages"}],"about":[{"href":"https:\/\/lamarzocco-de-update.testsuite.it\/de\/wp-json\/wp\/v2\/types\/page"}],"author":[{"embeddable":true,"href":"https:\/\/lamarzocco-de-update.testsuite.it\/de\/wp-json\/wp\/v2\/users\/1"}],"replies":[{"embeddable":true,"href":"https:\/\/lamarzocco-de-update.testsuite.it\/de\/wp-json\/wp\/v2\/comments?post=96"}],"version-history":[{"count":15,"href":"https:\/\/lamarzocco-de-update.testsuite.it\/de\/wp-json\/wp\/v2\/pages\/96\/revisions"}],"predecessor-version":[{"id":6700,"href":"https:\/\/lamarzocco-de-update.testsuite.it\/de\/wp-json\/wp\/v2\/pages\/96\/revisions\/6700"}],"up":[{"embeddable":true,"href":"https:\/\/lamarzocco-de-update.testsuite.it\/de\/wp-json\/wp\/v2\/pages\/94"}],"wp:attachment":[{"href":"https:\/\/lamarzocco-de-update.testsuite.it\/de\/wp-json\/wp\/v2\/media?parent=96"}],"curies":[{"name":"wp","href":"https:\/\/api.w.org\/{rel}","templated":true}]}}