{"id":18256,"date":"2024-02-16T10:50:04","date_gmt":"2024-02-16T09:50:04","guid":{"rendered":"https:\/\/lamarzocco-de-update.testsuite.it\/?page_id=18256"},"modified":"2024-03-05T09:50:22","modified_gmt":"2024-03-05T08:50:22","slug":"online-beratung-2","status":"publish","type":"page","link":"https:\/\/lamarzocco-de-update.testsuite.it\/de\/online-beratung-2\/","title":{"rendered":"Online-Beratung"},"content":{"rendered":"","protected":false},"excerpt":{"rendered":"","protected":false},"author":55,"featured_media":0,"parent":0,"menu_order":0,"comment_status":"closed","ping_status":"closed","template":"","meta":{"_acf_changed":false,"footnotes":""},"class_list":["post-18256","page","type-page","status-publish","hentry"],"acf":[],"yoast_head":"<!-- This site is optimized with the Yoast SEO plugin v25.4 - https:\/\/yoast.com\/wordpress\/plugins\/seo\/ -->\n<title>Online-Beratung - La Marzocco<\/title>\n<meta name=\"description\" content=\"Nutzen Sie die kostenlose Online-Beratung von La Marzocco, um die perfekte Kaffeemaschine f\u00fcr Ihr Zuhause oder Gesch\u00e4ft zu finden. Expertenberatung f\u00fcr gewerbliche und Heim-Maschinen. Buchen Sie jetzt Ihren Termin.\" \/>\n<meta name=\"robots\" content=\"index, follow, max-snippet:-1, max-image-preview:large, max-video-preview:-1\" \/>\n<link rel=\"canonical\" href=\"https:\/\/lamarzocco-de-update.testsuite.it\/de\/online-beratung-2\/\" \/>\n<meta property=\"og:locale\" content=\"de_DE\" \/>\n<meta property=\"og:type\" content=\"article\" \/>\n<meta property=\"og:title\" content=\"Online-Beratung - La Marzocco\" \/>\n<meta property=\"og:description\" content=\"Nutzen Sie die kostenlose Online-Beratung von La Marzocco, um die perfekte Kaffeemaschine f\u00fcr Ihr Zuhause oder Gesch\u00e4ft zu finden. Expertenberatung f\u00fcr gewerbliche und Heim-Maschinen. Buchen Sie jetzt Ihren Termin.\" \/>\n<meta property=\"og:url\" content=\"https:\/\/lamarzocco-de-update.testsuite.it\/de\/online-beratung-2\/\" \/>\n<meta property=\"og:site_name\" content=\"La Marzocco\" \/>\n<meta property=\"article:modified_time\" content=\"2024-03-05T08:50:22+00:00\" \/>\n<meta name=\"twitter:card\" content=\"summary_large_image\" \/>\n<script type=\"application\/ld+json\" class=\"yoast-schema-graph\">{\"@context\":\"https:\/\/schema.org\",\"@graph\":[]}<\/script>\n<!-- \/ Yoast SEO plugin. -->","yoast_head_json":{"title":"Online-Beratung - La Marzocco","description":"Nutzen Sie die kostenlose Online-Beratung von La Marzocco, um die perfekte Kaffeemaschine f\u00fcr Ihr Zuhause oder Gesch\u00e4ft zu finden. Expertenberatung f\u00fcr gewerbliche und Heim-Maschinen. Buchen Sie jetzt Ihren Termin.","robots":{"index":"index","follow":"follow","max-snippet":"max-snippet:-1","max-image-preview":"max-image-preview:large","max-video-preview":"max-video-preview:-1"},"canonical":"https:\/\/lamarzocco-de-update.testsuite.it\/de\/online-beratung-2\/","og_locale":"de_DE","og_type":"article","og_title":"Online-Beratung - La Marzocco","og_description":"Nutzen Sie die kostenlose Online-Beratung von La Marzocco, um die perfekte Kaffeemaschine f\u00fcr Ihr Zuhause oder Gesch\u00e4ft zu finden. Expertenberatung f\u00fcr gewerbliche und Heim-Maschinen. Buchen Sie jetzt Ihren Termin.","og_url":"https:\/\/lamarzocco-de-update.testsuite.it\/de\/online-beratung-2\/","og_site_name":"La Marzocco","article_modified_time":"2024-03-05T08:50:22+00:00","twitter_card":"summary_large_image","schema":{"@context":"https:\/\/schema.org","@graph":[]}},"_links":{"self":[{"href":"https:\/\/lamarzocco-de-update.testsuite.it\/de\/wp-json\/wp\/v2\/pages\/18256","targetHints":{"allow":["GET"]}}],"collection":[{"href":"https:\/\/lamarzocco-de-update.testsuite.it\/de\/wp-json\/wp\/v2\/pages"}],"about":[{"href":"https:\/\/lamarzocco-de-update.testsuite.it\/de\/wp-json\/wp\/v2\/types\/page"}],"author":[{"embeddable":true,"href":"https:\/\/lamarzocco-de-update.testsuite.it\/de\/wp-json\/wp\/v2\/users\/55"}],"replies":[{"embeddable":true,"href":"https:\/\/lamarzocco-de-update.testsuite.it\/de\/wp-json\/wp\/v2\/comments?post=18256"}],"version-history":[{"count":6,"href":"https:\/\/lamarzocco-de-update.testsuite.it\/de\/wp-json\/wp\/v2\/pages\/18256\/revisions"}],"predecessor-version":[{"id":18278,"href":"https:\/\/lamarzocco-de-update.testsuite.it\/de\/wp-json\/wp\/v2\/pages\/18256\/revisions\/18278"}],"wp:attachment":[{"href":"https:\/\/lamarzocco-de-update.testsuite.it\/de\/wp-json\/wp\/v2\/media?parent=18256"}],"curies":[{"name":"wp","href":"https:\/\/api.w.org\/{rel}","templated":true}]}}